{"id":4958,"date":"2023-09-16T14:08:44","date_gmt":"2023-09-16T12:08:44","guid":{"rendered":"https:\/\/osmium.pro\/anel-de-platina-950\/"},"modified":"2023-11-28T13:52:30","modified_gmt":"2023-11-28T12:52:30","slug":"anel-de-platina-950","status":"publish","type":"page","link":"https:\/\/osmium.pro\/pt-pt\/anel-de-platina-950\/","title":{"rendered":"Anel de platina 950"},"content":{"rendered":"\n<div style=\"height:100px\" aria-hidden=\"true\" class=\"wp-block-spacer\"><\/div>\n\n<h1 class=\"wp-block-heading\" style=\"font-style:italic;font-weight:200\">ringe.pro &#8211; O seu especialista em an\u00e9is de platina exclusivos, an\u00e9is de pal\u00e1dio e an\u00e9is de \u00f3smio<\/h1>\n\n<p><br\/>No mundo da joalharia requintada, os an\u00e9is de platina 950 e os an\u00e9is de pal\u00e1dio 950 com um quadrado de \u00f3smio ou um diamante de \u00f3smio s\u00e3o sin\u00f3nimo de eleg\u00e2ncia intemporal e de qualidade excecional. Se procura os an\u00e9is perfeitos para ocasi\u00f5es especiais ou como express\u00e3o do seu amor e compromisso, ent\u00e3o <a alt=\"An&#xE9;is de platina e an&#xE9;is de pal&#xE1;dio\" href=\"https:\/\/ringe.pro\" target=\"_blank\" rel=\"dofollow noopener\">https:\/\/ringe.pro<\/a> \u00e9 o s\u00edtio certo para si. A nossa loja online oferece-lhe uma sele\u00e7\u00e3o requintada de an\u00e9is de platina e pal\u00e1dio de alta qualidade com Osmium Square ou Osmium Diamond que ir\u00e3o exceder as suas expectativas.<\/p>\n\n<h2 class=\"wp-block-heading\" style=\"font-style:italic;font-weight:200\">A eleg\u00e2ncia dos an\u00e9is de platina 950<\/h2>\n\n<h3 class=\"wp-block-heading\" style=\"font-style:italic;font-weight:200\">Qualidade incompar\u00e1vel<\/h3>\n\n<p><br\/>Os nossos an\u00e9is de platina 950 s\u00e3o fabricados com a platina mais pura dispon\u00edvel no mercado. Al\u00e9m disso, \u00e9 adicionado ouro 25\/1.000 \u00e0 platina, o que caracteriza o anel de platina como um produto met\u00e1lico hipoalerg\u00e9nico. Este metal excecional caracteriza-se tamb\u00e9m pela sua not\u00e1vel dureza e durabilidade, o que o torna uma escolha ideal para j\u00f3ias que se destinam a durar uma vida inteira. Se procura um anel que seja t\u00e3o \u00fanico como o seu amor, ent\u00e3o a platina \u00e9 a escolha perfeita.<\/p>\n\n<div class=\"wp-block-columns is-layout-flex wp-container-core-columns-is-layout-9d6595d7 wp-block-columns-is-layout-flex\">\n<div class=\"wp-block-column is-layout-flow wp-block-column-is-layout-flow\"><style>.kb-image3155_128ac7-c1 .kb-image-has-overlay:after{opacity:0.3;border-top-left-radius:80px;border-bottom-right-radius:80px;}.kb-image3155_128ac7-c1 img.kb-img, .kb-image3155_128ac7-c1 .kb-img img{border-top:1px solid var(--global-palette6, #718096);border-right:1px solid var(--global-palette6, #718096);border-bottom:1px solid var(--global-palette6, #718096);border-left:1px solid var(--global-palette6, #718096);border-top-left-radius:80px;border-bottom-right-radius:80px;box-shadow:0px 0px 14px 0px rgba(0, 0, 0, 0.2);}@media all and (max-width: 1024px){.kb-image3155_128ac7-c1 img.kb-img, .kb-image3155_128ac7-c1 .kb-img img{border-top:1px solid var(--global-palette6, #718096);border-right:1px solid var(--global-palette6, #718096);border-bottom:1px solid var(--global-palette6, #718096);border-left:1px solid var(--global-palette6, #718096);}}@media all and (max-width: 767px){.kb-image3155_128ac7-c1 img.kb-img, .kb-image3155_128ac7-c1 .kb-img img{border-top:1px solid var(--global-palette6, #718096);border-right:1px solid var(--global-palette6, #718096);border-bottom:1px solid var(--global-palette6, #718096);border-left:1px solid var(--global-palette6, #718096);}}<\/style>\n<figure class=\"wp-block-kadence-image kb-image3155_128ac7-c1 is-style-default\"><img data-recalc-dims=\"1\" loading=\"lazy\" decoding=\"async\" width=\"1024\" height=\"1024\" src=\"https:\/\/i0.wp.com\/osmium.pro\/wp-content\/uploads\/2023\/09\/platin-aussen-flach-innen-gewoelbt-osmium-square.png?resize=1024%2C1024&#038;ssl=1\" alt=\"Anel de platina 950 com ouro 25 e \u00f3smio Anel quadrado de \u00f3smio\" class=\"kb-img wp-image-3167\" title=\"Anel de platina 950 com ouro 25 e \u00f3smio Anel quadrado de \u00f3smio\" srcset=\"https:\/\/i0.wp.com\/osmium.pro\/wp-content\/uploads\/2023\/09\/platin-aussen-flach-innen-gewoelbt-osmium-square.png?resize=1024%2C1024&amp;ssl=1 1024w, https:\/\/i0.wp.com\/osmium.pro\/wp-content\/uploads\/2023\/09\/platin-aussen-flach-innen-gewoelbt-osmium-square.png?resize=300%2C300&amp;ssl=1 300w, https:\/\/i0.wp.com\/osmium.pro\/wp-content\/uploads\/2023\/09\/platin-aussen-flach-innen-gewoelbt-osmium-square.png?resize=150%2C150&amp;ssl=1 150w, https:\/\/i0.wp.com\/osmium.pro\/wp-content\/uploads\/2023\/09\/platin-aussen-flach-innen-gewoelbt-osmium-square.png?resize=768%2C768&amp;ssl=1 768w, https:\/\/i0.wp.com\/osmium.pro\/wp-content\/uploads\/2023\/09\/platin-aussen-flach-innen-gewoelbt-osmium-square.png?resize=1536%2C1536&amp;ssl=1 1536w, https:\/\/i0.wp.com\/osmium.pro\/wp-content\/uploads\/2023\/09\/platin-aussen-flach-innen-gewoelbt-osmium-square.png?resize=2048%2C2048&amp;ssl=1 2048w, https:\/\/i0.wp.com\/osmium.pro\/wp-content\/uploads\/2023\/09\/platin-aussen-flach-innen-gewoelbt-osmium-square.png?resize=700%2C700&amp;ssl=1 700w\" sizes=\"auto, (max-width: 1024px) 100vw, 1024px\" \/><\/figure>\n\n\n\n<p style=\"font-size:14px\"><strong>An\u00e9is de platina com quadrado de \u00f3smio<\/strong><br\/>Fonte: ringe.pro<\/p>\n<\/div>\n\n\n\n<div class=\"wp-block-column is-layout-flow wp-block-column-is-layout-flow\">\n<div style=\"height:100px\" aria-hidden=\"true\" class=\"wp-block-spacer\"><\/div>\n\n\n\n<p style=\"font-size:14px\"><strong>An\u00e9is de platina com diamante de \u00f3smio<\/strong><br\/>Fonte: ringe.pro<\/p>\n\n\n<style>.kb-image3155_a98f2d-07 .kb-image-has-overlay:after{opacity:0.3;border-top-left-radius:80px;border-bottom-right-radius:80px;}.kb-image3155_a98f2d-07 img.kb-img, .kb-image3155_a98f2d-07 .kb-img img{border-top:1px solid var(--global-palette6, #718096);border-right:1px solid var(--global-palette6, #718096);border-bottom:1px solid var(--global-palette6, #718096);border-left:1px solid var(--global-palette6, #718096);border-top-left-radius:80px;border-bottom-right-radius:80px;box-shadow:0px 0px 14px 0px rgba(0, 0, 0, 0.2);}@media all and (max-width: 1024px){.kb-image3155_a98f2d-07 img.kb-img, .kb-image3155_a98f2d-07 .kb-img img{border-top:1px solid var(--global-palette6, #718096);border-right:1px solid var(--global-palette6, #718096);border-bottom:1px solid var(--global-palette6, #718096);border-left:1px solid var(--global-palette6, #718096);}}@media all and (max-width: 767px){.kb-image3155_a98f2d-07 img.kb-img, .kb-image3155_a98f2d-07 .kb-img img{border-top:1px solid var(--global-palette6, #718096);border-right:1px solid var(--global-palette6, #718096);border-bottom:1px solid var(--global-palette6, #718096);border-left:1px solid var(--global-palette6, #718096);}}<\/style>\n<figure class=\"wp-block-kadence-image kb-image3155_a98f2d-07 size-large is-style-default\"><img data-recalc-dims=\"1\" loading=\"lazy\" decoding=\"async\" width=\"1024\" height=\"1024\" src=\"https:\/\/i0.wp.com\/osmium.pro\/wp-content\/uploads\/2023\/09\/platin-rechteckig-abrerundete-kanten-osmium-diamond.png?resize=1024%2C1024&#038;ssl=1\" alt=\"Anel de Platina 950 com Ouro 25 e Diamante \u00d3smio Anel de \u00d3smio\" class=\"kb-img wp-image-3168\" title=\"Anel de Platina 950 com Ouro 25 e Diamante \u00d3smio Anel de \u00d3smio\" srcset=\"https:\/\/i0.wp.com\/osmium.pro\/wp-content\/uploads\/2023\/09\/platin-rechteckig-abrerundete-kanten-osmium-diamond.png?resize=1024%2C1024&amp;ssl=1 1024w, https:\/\/i0.wp.com\/osmium.pro\/wp-content\/uploads\/2023\/09\/platin-rechteckig-abrerundete-kanten-osmium-diamond.png?resize=300%2C300&amp;ssl=1 300w, https:\/\/i0.wp.com\/osmium.pro\/wp-content\/uploads\/2023\/09\/platin-rechteckig-abrerundete-kanten-osmium-diamond.png?resize=150%2C150&amp;ssl=1 150w, https:\/\/i0.wp.com\/osmium.pro\/wp-content\/uploads\/2023\/09\/platin-rechteckig-abrerundete-kanten-osmium-diamond.png?resize=768%2C768&amp;ssl=1 768w, https:\/\/i0.wp.com\/osmium.pro\/wp-content\/uploads\/2023\/09\/platin-rechteckig-abrerundete-kanten-osmium-diamond.png?resize=1536%2C1536&amp;ssl=1 1536w, https:\/\/i0.wp.com\/osmium.pro\/wp-content\/uploads\/2023\/09\/platin-rechteckig-abrerundete-kanten-osmium-diamond.png?resize=2048%2C2048&amp;ssl=1 2048w, https:\/\/i0.wp.com\/osmium.pro\/wp-content\/uploads\/2023\/09\/platin-rechteckig-abrerundete-kanten-osmium-diamond.png?resize=700%2C700&amp;ssl=1 700w\" sizes=\"auto, (max-width: 1024px) 100vw, 1024px\" \/><\/figure>\n<\/div>\n<\/div>\n\n<h3 class=\"wp-block-heading\" style=\"font-style:italic;font-weight:200\">Beleza intemporal<\/h3>\n\n<p><br\/>A platina n\u00e3o \u00e9 apenas conhecida pela sua longevidade, mas tamb\u00e9m pela sua beleza intemporal. Os nossos an\u00e9is de platina 950 caracterizam-se por um design cl\u00e1ssico que nunca passa de moda. Quer opte por um simples anel de solit\u00e1rio ou por um anel de noivado mais elaborado, a eleg\u00e2ncia intemporal da platina estar\u00e1 sempre em primeiro plano.<\/p>\n\n<h3 class=\"wp-block-heading\" style=\"font-style:italic;font-weight:200\">Anel de \u00f3smio: um destaque cintilante<\/h3>\n\n<p><br\/>Alguns dos nossos an\u00e9is de platina 950 s\u00e3o cravejados com Osmium Square, um substituto do diamante que \u00e9 t\u00e3o brilhante como um diamante verdadeiro, mas est\u00e1 dispon\u00edvel por uma fra\u00e7\u00e3o do pre\u00e7o. Estes detalhes brilhantes d\u00e3o um toque de glamour ao seu anel e fazem dele o companheiro perfeito para ocasi\u00f5es especiais.<\/p>\n\n<h2 class=\"wp-block-heading\" style=\"font-style:italic;font-weight:200\">An\u00e9is de pal\u00e1dio 950: uma alternativa com estilo<\/h2>\n\n<h3 class=\"wp-block-heading\" style=\"font-style:italic;font-weight:200\">Eleg\u00e2ncia ligeira<\/h3>\n\n<p><br\/>O pal\u00e1dio \u00e9 um metal que se tem tornado cada vez mais popular nos \u00faltimos anos. Caracteriza-se pela sua leveza e eleg\u00e2ncia e \u00e9 ideal para quem prefere um anel com menos peso. Os nossos an\u00e9is de pal\u00e1dio 950 s\u00e3o perfeitos para quem quer usar um anel que se sinta confort\u00e1vel durante todo o dia.<\/p>\n\n<h3 class=\"wp-block-heading\" style=\"font-style:italic;font-weight:200\">Diamante \u00d3smio: Um toque de luxo<\/h3>\n\n<p><br\/>Alguns dos nossos an\u00e9is de pal\u00e1dio 950 s\u00e3o cravejados com diamantes de \u00f3smio, um substituto do diamante que impressionar\u00e1 at\u00e9 os amantes de j\u00f3ias mais exigentes. O brilho e a cintila\u00e7\u00e3o do diamante de \u00f3smio d\u00e3o ao seu anel um toque de luxo que atrair\u00e1 a aten\u00e7\u00e3o de todos.  <\/p>\n\n<h4 class=\"wp-block-heading\">Liberte a sua individualidade: mostre o seu estilo com um anel de platina ou pal\u00e1dio<\/h4>\n\n<p>Um verdadeiro testemunho da sua personalidade e estilo \u00fanicos, os nossos an\u00e9is permitem-lhe fazer uma afirma\u00e7\u00e3o inigual\u00e1vel. Quer opte por um design elegante e moderno ou por um anel influenciado pelas curvas, a nossa cole\u00e7\u00e3o oferece uma variedade de op\u00e7\u00f5es que se adequam ao seu gosto exigente.<\/p>\n\n<p>Decorado com quadrados de \u00f3smio ou diamantes de \u00f3smio cuidadosamente seleccionados, o anel de platina ou pal\u00e1dio torna-se, sem esfor\u00e7o, uma extens\u00e3o da sua identidade. A sua versatilidade permite-lhe combin\u00e1-lo com qualquer roupa, desde roupa casual a roupa formal de noite &#8211; tornando-o o acess\u00f3rio perfeito para qualquer ocasi\u00e3o.<\/p>\n\n<h4 class=\"wp-block-heading\">Por que raz\u00e3o deve escolher an\u00e9is de platina 950 ou an\u00e9is de pal\u00e1dio 950 com osmio quadrado ou diamante de osmio?<\/h4>\n\n<p>A escolha de um anel de noivado ou de uma alian\u00e7a de casamento \u00e9 uma das decis\u00f5es mais importantes na vida de um casal. Em <a alt=\"An&#xE9;is de platina e an&#xE9;is de pal&#xE1;dio\" href=\"https:\/\/ringe.pro\" target=\"_blank\" rel=\"dofollow noopener\">https:\/\/ringe.pro<\/a> compreendemos a import\u00e2ncia deste momento e esfor\u00e7amo-nos por lhe oferecer as melhores op\u00e7\u00f5es poss\u00edveis. Eis algumas raz\u00f5es pelas quais deve escolher os nossos an\u00e9is de platina e pal\u00e1dio com um quadrado de \u00f3smio ou um diamante de \u00f3smio:<\/p>\n\n<p><strong>\n  <em>A mais alta qualidade:<\/em>\n<\/strong> Os nossos an\u00e9is s\u00e3o fabricados com os melhores materiais e s\u00e3o submetidos a rigorosos controlos de qualidade para garantir que correspondem \u00e0s suas expectativas.<\/p>\n\n<p><strong>\n  <em>Design \u00fanico:<\/em>\n<\/strong> Cada um dos nossos an\u00e9is \u00e9 uma obra-prima feita \u00e0 m\u00e3o por um ourives experiente. Damos grande import\u00e2ncia a designs \u00fanicos que fazem do seu anel algo especial.<\/p>\n\n<p><strong>\n  <em>Brilho inigual\u00e1vel:<\/em>\n<\/strong> O \u00f3smio cristalino \u00e9 conhecido pelo seu brilho excecional. Reflecte a luz de uma forma que coloca os diamantes na sombra. O anel de platina com \u00f3smio cristalino cintila e brilha como nenhum outro.<\/p>\n\n<p><strong>\n  <em>Mais duro que o diamante:<\/em>\n<\/strong> O \u00f3smio cristalino \u00e9 um dos materiais mais duros do mundo. \u00c9 mais resistente aos riscos e ao desgaste do que os diamantes. Mesmo ap\u00f3s anos de uso, o seu anel continuar\u00e1 a ser t\u00e3o radiante como no primeiro dia.<\/p>\n\n<p><strong>\n  <em>Exclusividade:<\/em>\n<\/strong> Como o \u00f3smio cristalino \u00e9 extremamente raro, cada anel de platina com este material \u00e9 \u00fanico. Se procura uma pe\u00e7a de joalharia que realce a sua singularidade, esta \u00e9 a escolha perfeita.<\/p>\n\n<p><strong>\n  <em>Satisfa\u00e7\u00e3o do cliente:<\/em>\n<\/strong> A satisfa\u00e7\u00e3o dos nossos clientes \u00e9 a nossa principal prioridade. Orgulhamo-nos do nosso servi\u00e7o ao cliente de primeira classe e estamos sempre dispon\u00edveis para responder \u00e0s suas perguntas e ajud\u00e1-lo a escolher o anel perfeito.<\/p>\n\n<p><strong>\n  <em>Evolu\u00e7\u00e3o dos pre\u00e7os:<\/em>\n<\/strong> O <a href=\"https:\/\/osmium.pro\/#osmium-preisentwicklung\">pre\u00e7o<\/a> do \u00f3smio tem vindo a aumentar <a href=\"https:\/\/osmium.pro\/#osmium-preisentwicklung\">de forma constante<\/a> nos \u00faltimos anos. Devido \u00e0 sua raridade e ao aumento constante da procura, a tend\u00eancia do pre\u00e7o \u00e9 para subir.<\/p>\n\n<p><strong>\n  <em>Variedade de escolha:<\/em>\n<\/strong> Quer esteja \u00e0 procura de um anel de noivado cl\u00e1ssico, de uma alian\u00e7a de casamento ou de um presente especial, a nossa gama oferece uma grande variedade de op\u00e7\u00f5es para se adequar ao seu gosto e estilo individuais.<\/p>\n\n<p><strong>\n  <em>Valor para o seu dinheiro:<\/em>\n<\/strong> Na ringe.pro obt\u00e9m qualidade de primeira classe a pre\u00e7os acess\u00edveis. Acreditamos que toda a gente deve ter o direito a j\u00f3ias de alta qualidade sem gastar muito.<\/p>\n\n<figure class=\"wp-block-image size-full is-style-default\"><img data-recalc-dims=\"1\" loading=\"lazy\" decoding=\"async\" width=\"1290\" height=\"368\" src=\"https:\/\/i0.wp.com\/osmium.pro\/wp-content\/uploads\/2023\/09\/ringe_qualitaet.png?resize=1290%2C368&#038;ssl=1\" alt=\"https:\/\/ringe.pro\" class=\"wp-image-3218\" title=\"https:\/\/ringe.pro\" srcset=\"https:\/\/i0.wp.com\/osmium.pro\/wp-content\/uploads\/2023\/09\/ringe_qualitaet.png?w=1433&amp;ssl=1 1433w, https:\/\/i0.wp.com\/osmium.pro\/wp-content\/uploads\/2023\/09\/ringe_qualitaet.png?resize=300%2C86&amp;ssl=1 300w, https:\/\/i0.wp.com\/osmium.pro\/wp-content\/uploads\/2023\/09\/ringe_qualitaet.png?resize=1024%2C292&amp;ssl=1 1024w, https:\/\/i0.wp.com\/osmium.pro\/wp-content\/uploads\/2023\/09\/ringe_qualitaet.png?resize=768%2C219&amp;ssl=1 768w\" sizes=\"auto, (max-width: 1290px) 100vw, 1290px\" \/><figcaption class=\"wp-element-caption\">Fonte: <a href=\"https:\/\/ai4art.eu\" target=\"_blank\" rel=\"noreferrer noopener\">https:\/\/ai4art.eu<\/a><\/figcaption><\/figure>\n\n<h2 class=\"wp-block-heading\" style=\"font-style:italic;font-weight:200\">O anel dos seus sonhos est\u00e1 \u00e0 sua espera<\/h2>\n\n<p><br\/>Temos o orgulho de oferecer uma extensa cole\u00e7\u00e3o de an\u00e9is de platina 950 e an\u00e9is de pal\u00e1dio 950 com Osmium Square ou Osmium Diamond. Acreditamos firmemente que podemos exceder as suas expectativas e ajud\u00e1-lo a encontrar o anel perfeito para um momento especial da sua vida.<\/p>\n\n<p>Descubra hoje a nossa cole\u00e7\u00e3o \u00fanica e deixe-se encantar pela beleza intemporal e pela qualidade de primeira classe. O anel dos seus sonhos espera por si em ringe.pro &#8211; o seu especialista em j\u00f3ias de primeira classe.<\/p>\n\n<h3 class=\"wp-block-heading\" style=\"font-style:italic;font-weight:200\"><span style=\"text-decoration: underline;\">Conclus\u00e3o<\/span><\/h3>\n\n<p>Os an\u00e9is de platina 950 e os an\u00e9is de pal\u00e1dio 950 com quadrado de \u00f3smio ou diamante de \u00f3smio n\u00e3o s\u00e3o apenas pe\u00e7as de joalharia, mas tamb\u00e9m s\u00edmbolos de amor e devo\u00e7\u00e3o. Em ringe.pro, encontrar\u00e1 uma sele\u00e7\u00e3o requintada destes an\u00e9is requintados que ir\u00e3o conquistar o seu cora\u00e7\u00e3o. Com a mais alta qualidade, design \u00fanico e pre\u00e7os acess\u00edveis, os nossos an\u00e9is s\u00e3o a escolha perfeita para o momento mais importante da sua vida. Descubra hoje os seus an\u00e9is de sonho e deixe-se encantar pela beleza intemporal.<\/p>\n\n<p>Com os nossos an\u00e9is de platina e pal\u00e1dio de alta qualidade com quadrados de \u00f3smio ou diamantes de \u00f3smio, ir\u00e1 sem d\u00favida atrair a aten\u00e7\u00e3o de todos, porque nenhuma pedra preciosa pode brilhar mais intensa e amplamente do que o \u00f3smio. E a qualidade fala por si, porque os nossos an\u00e9is s\u00e3o um exemplo de artesanato excecional e eleg\u00e2ncia intemporal. N\u00e3o espere mais &#8211; visite <a alt=\"An&#xE9;is de platina e an&#xE9;is de pal&#xE1;dio\" href=\"https:\/\/ringe.pro\" target=\"_blank\" rel=\"dofollow noopener\">https:\/\/ringe.pro<\/a> e encontre hoje o seu anel de sonho.<\/p>\n\n<div style=\"height:100px\" aria-hidden=\"true\" class=\"wp-block-spacer\"><\/div>\n","protected":false},"excerpt":{"rendered":"<p>ringe.pro &#8211; O seu especialista em an\u00e9is de platina exclusivos, an\u00e9is de pal\u00e1dio e an\u00e9is de \u00f3smio No mundo da joalharia requintada, os an\u00e9is de platina 950 e os an\u00e9is de pal\u00e1dio 950 com um quadrado de \u00f3smio ou um diamante de \u00f3smio s\u00e3o sin\u00f3nimo de eleg\u00e2ncia intemporal e de qualidade excecional. Se procura os&#8230;<\/p>\n","protected":false},"author":1,"featured_media":0,"parent":0,"menu_order":0,"comment_status":"closed","ping_status":"closed","template":"","meta":{"tpgb_global_settings":"","_kadence_starter_templates_imported_post":false,"_kad_post_transparent":"","_kad_post_title":"","_kad_post_layout":"","_kad_post_sidebar_id":"","_kad_post_content_style":"","_kad_post_vertical_padding":"","_kad_post_feature":"","_kad_post_feature_position":"","_kad_post_header":false,"_kad_post_footer":false,"_kad_post_classname":"","footnotes":""},"class_list":["post-4958","page","type-page","status-publish","hentry"],"tpgb_featured_images":null,"tpgb_post_meta_info":{"get_date":"16 de Setembro, 2023","get_modified_date":"28 de Novembro, 2023","author_name":"Kumm3r3r","author_url":"https:\/\/osmium.pro\/pt-pt\/author\/kumm3r3r\/","author_email":"kummerer@protecting.net","author_website":"https:\/\/osmium.pro","author_description":"","author_facebook":"","author_twitter":"","author_instagram":"","author_role":["administrator"],"author_firstname":"","author_lastname":"","user_login":"Kumm3r3r","comment_count":0,"post_likes":0,"post_views":0},"tpgb_post_category":[],"jetpack_sharing_enabled":true,"_links":{"self":[{"href":"https:\/\/osmium.pro\/pt-pt\/wp-json\/wp\/v2\/pages\/4958","targetHints":{"allow":["GET"]}}],"collection":[{"href":"https:\/\/osmium.pro\/pt-pt\/wp-json\/wp\/v2\/pages"}],"about":[{"href":"https:\/\/osmium.pro\/pt-pt\/wp-json\/wp\/v2\/types\/page"}],"author":[{"embeddable":true,"href":"https:\/\/osmium.pro\/pt-pt\/wp-json\/wp\/v2\/users\/1"}],"replies":[{"embeddable":true,"href":"https:\/\/osmium.pro\/pt-pt\/wp-json\/wp\/v2\/comments?post=4958"}],"version-history":[{"count":1,"href":"https:\/\/osmium.pro\/pt-pt\/wp-json\/wp\/v2\/pages\/4958\/revisions"}],"predecessor-version":[{"id":4959,"href":"https:\/\/osmium.pro\/pt-pt\/wp-json\/wp\/v2\/pages\/4958\/revisions\/4959"}],"wp:attachment":[{"href":"https:\/\/osmium.pro\/pt-pt\/wp-json\/wp\/v2\/media?parent=4958"}],"curies":[{"name":"wp","href":"https:\/\/api.w.org\/{rel}","templated":true}]}}