{"id":4904,"date":"2022-12-26T20:35:58","date_gmt":"2022-12-26T19:35:58","guid":{"rendered":"https:\/\/osmium.pro\/noticias-osmium\/blogue-osmium\/"},"modified":"2023-11-28T12:13:13","modified_gmt":"2023-11-28T11:13:13","slug":"blogue-osmium","status":"publish","type":"page","link":"https:\/\/osmium.pro\/pt-pt\/noticias-osmium\/blogue-osmium\/","title":{"rendered":"Blogue Osmium"},"content":{"rendered":"\n<div style=\"height:100px\" aria-hidden=\"true\" class=\"wp-block-spacer\"><\/div>\n\n<h1 class=\"wp-block-heading\" style=\"font-style:italic;font-weight:300\">Blogue Osmium<\/h1>\n<div  class=\"tpgb-wrap-cc0023  tpgb-wrap-fw  tpgb-anim-dur-normal tpgb-view-animation\" data-animationSetting='{&quot;anime&quot;:{&quot;md&quot;:&quot;fadeIn&quot;,&quot;sm&quot;:&quot;&quot;,&quot;xs&quot;:&quot;&quot;}}' ><div id=\"cc0023\" class=\"tpgb-post-listing tpgb-relative-block    tpgb-block-cc0023 dynamic-style-2 tpgb-isotope layout-style-2 \" data-id=\"cc0023\" data-style=\"dynamic-style-2\"   data-layout=\"masonry\"  data-connection=\"tpgb_search\"   ><div class=\"tpgb-row post-loop-inner\" ><div class=\"grid-item tpgb-col  tpgb-col-lg-6 tpgb-col-md-6 tpgb-col-sm-12 tpgb-col-12\">\r\n<div class=\"dynamic-list-content tpgb-dynamic-tran\">\r\n\t\r\n\t \r\n\t<div class=\"post-content-image\">\r\n\t\t\t<div class=\"tpgb-post-featured-img tpgb-dynamic-tran hover-image-style-1\">\r\n\t\t<a href=\"https:\/\/osmium.pro\/pt-pt\/o-violino-de-osmio\/\" aria-label=\"O violino de \u00f3smio\">\r\n\t\t\t<img loading=\"lazy\" decoding=\"async\" width=\"700\" height=\"450\" src=\"https:\/\/i0.wp.com\/osmium.pro\/wp-content\/uploads\/2022\/01\/fox_b.png?fit=700%2C450&amp;ssl=1\" class=\"tpgb-d-block tpgb-post-img tpgb-dynamic-tran wp-post-image\" alt=\"\" srcset=\"https:\/\/i0.wp.com\/osmium.pro\/wp-content\/uploads\/2022\/01\/fox_b.png?w=700&amp;ssl=1 700w, https:\/\/i0.wp.com\/osmium.pro\/wp-content\/uploads\/2022\/01\/fox_b.png?resize=300%2C193&amp;ssl=1 300w\" sizes=\"auto, (max-width: 700px) 100vw, 700px\" \/>\t\t<\/a>\r\n\t<\/div>\t\t\t<\/div>\r\n\t\t\r\n\t<div class=\"tpgb-content-bottom text-center\">\r\n\t\t\t\t\t\t<h3 class=\"tpgb-post-title tpgb-dynamic-tran\">\r\n\t<a href=\"https:\/\/osmium.pro\/pt-pt\/o-violino-de-osmio\/\">O violino de \u00f3smio<\/a>\r\n<\/h3>\t\t<div class=\"tpgb-post-hover-content\">\r\n\t\t\t\t<div class=\"tpgb-post-excerpt tpgb-d-block tpgb-dynamic-tran\"><p>O violino de \u00f3smio Em 30 de mar\u00e7o de 2023, o violino mais caro do mundo, criado de raiz, foi apresentado ao p\u00fablico pela primeira vez em Viena, sob as mais rigorosas precau\u00e7\u00f5es de seguran\u00e7a, na Post AG. O fabricante austr\u00edaco de violinos Edgar Russ, que trabalha na capital italiana do violino, Cremona, fabricou meticulosamente&#8230;<\/p><\/div>\r\n<div class=\"post-meta-info post-info-style-2\">\t\r\n\t\t\t    <span class=\"post-meta-date\"><a href=\"https:\/\/osmium.pro\/pt-pt\/o-violino-de-osmio\/\" class=\"tpgb-dynamic-tran post-entry-date\">2 de Junho, 2023<\/a><\/span>\r\n<\/div>\r\n\r\n\t\t<\/div>\r\n\t\t\t<\/div>\r\n\t\t<\/div><\/div><div class=\"grid-item tpgb-col  tpgb-col-lg-6 tpgb-col-md-6 tpgb-col-sm-12 tpgb-col-12\">\r\n<div class=\"dynamic-list-content tpgb-dynamic-tran\">\r\n\t\r\n\t \r\n\t<div class=\"post-content-image\">\r\n\t\t\t<div class=\"tpgb-post-featured-img tpgb-dynamic-tran hover-image-style-1\">\r\n\t\t<a href=\"https:\/\/osmium.pro\/pt-pt\/investimento-em-activos-tangiveis-de-osmio-a-nova-referencia\/\" aria-label=\"Investimento em activos tang\u00edveis de \u00f3smio &#8211; a nova refer\u00eancia\">\r\n\t\t\t<img loading=\"lazy\" decoding=\"async\" width=\"700\" height=\"450\" src=\"https:\/\/i0.wp.com\/osmium.pro\/wp-content\/uploads\/2022\/01\/horse_b.png?fit=700%2C450&amp;ssl=1\" class=\"tpgb-d-block tpgb-post-img tpgb-dynamic-tran wp-post-image\" alt=\"\" srcset=\"https:\/\/i0.wp.com\/osmium.pro\/wp-content\/uploads\/2022\/01\/horse_b.png?w=700&amp;ssl=1 700w, https:\/\/i0.wp.com\/osmium.pro\/wp-content\/uploads\/2022\/01\/horse_b.png?resize=300%2C193&amp;ssl=1 300w\" sizes=\"auto, (max-width: 700px) 100vw, 700px\" \/>\t\t<\/a>\r\n\t<\/div>\t\t\t<\/div>\r\n\t\t\r\n\t<div class=\"tpgb-content-bottom text-center\">\r\n\t\t\t\t\t\t<h3 class=\"tpgb-post-title tpgb-dynamic-tran\">\r\n\t<a href=\"https:\/\/osmium.pro\/pt-pt\/investimento-em-activos-tangiveis-de-osmio-a-nova-referencia\/\">Investimento em activos tang\u00edveis de \u00f3smio &#8211; a nova refer\u00eancia<\/a>\r\n<\/h3>\t\t<div class=\"tpgb-post-hover-content\">\r\n\t\t\t\t<div class=\"tpgb-post-excerpt tpgb-d-block tpgb-dynamic-tran\"><p>O investimento em activos tang\u00edveis da Osmium estabelece novos padr\u00f5es Se perdeu a confian\u00e7a no dinheiro e quer adquirir um ativo tang\u00edvel com uma elevada densidade de valor ou sair dos investimentos em ouro ou BTC, o \u00f3smio \u00e9 a escolha certa. Existem oito metais preciosos na tabela peri\u00f3dica. Sete deles foram lan\u00e7ados no mercado&#8230;<\/p><\/div>\r\n<div class=\"post-meta-info post-info-style-2\">\t\r\n\t\t\t    <span class=\"post-meta-date\"><a href=\"https:\/\/osmium.pro\/pt-pt\/investimento-em-activos-tangiveis-de-osmio-a-nova-referencia\/\" class=\"tpgb-dynamic-tran post-entry-date\">10 de Novembro, 2022<\/a><\/span>\r\n<\/div>\r\n\r\n\t\t<\/div>\r\n\t\t\t<\/div>\r\n\t\t<\/div><\/div><div class=\"grid-item tpgb-col  tpgb-col-lg-6 tpgb-col-md-6 tpgb-col-sm-12 tpgb-col-12\">\r\n<div class=\"dynamic-list-content tpgb-dynamic-tran\">\r\n\t\r\n\t \r\n\t<div class=\"post-content-image\">\r\n\t\t\t<div class=\"tpgb-post-featured-img tpgb-dynamic-tran hover-image-style-1\">\r\n\t\t<a href=\"https:\/\/osmium.pro\/pt-pt\/osmio-o-mais-recente-metal-precioso\/\" aria-label=\"\u00d3smio, o mais recente metal precioso\">\r\n\t\t\t<img loading=\"lazy\" decoding=\"async\" width=\"700\" height=\"450\" src=\"https:\/\/i0.wp.com\/osmium.pro\/wp-content\/uploads\/2022\/01\/star_b.png?fit=700%2C450&amp;ssl=1\" class=\"tpgb-d-block tpgb-post-img tpgb-dynamic-tran wp-post-image\" alt=\"\" srcset=\"https:\/\/i0.wp.com\/osmium.pro\/wp-content\/uploads\/2022\/01\/star_b.png?w=700&amp;ssl=1 700w, https:\/\/i0.wp.com\/osmium.pro\/wp-content\/uploads\/2022\/01\/star_b.png?resize=300%2C193&amp;ssl=1 300w\" sizes=\"auto, (max-width: 700px) 100vw, 700px\" \/>\t\t<\/a>\r\n\t<\/div>\t\t\t<\/div>\r\n\t\t\r\n\t<div class=\"tpgb-content-bottom text-center\">\r\n\t\t\t\t\t\t<h3 class=\"tpgb-post-title tpgb-dynamic-tran\">\r\n\t<a href=\"https:\/\/osmium.pro\/pt-pt\/osmio-o-mais-recente-metal-precioso\/\">\u00d3smio, o mais recente metal precioso<\/a>\r\n<\/h3>\t\t<div class=\"tpgb-post-hover-content\">\r\n\t\t\t\t<div class=\"tpgb-post-excerpt tpgb-d-block tpgb-dynamic-tran\"><p>\u00d3smio, o mais recente metal precioso Quem pensa em metais preciosos, especialmente como investimento ou posse, pensa frequentemente em ouro, platina ou prata. No entanto, o com\u00e9rcio de \u00f3smio tamb\u00e9m tem vindo a aumentar desde h\u00e1 alguns anos. Este metal foi descoberto j\u00e1 em 1804, mas s\u00f3 em 2013 \u00e9 que se tornou cristaliz\u00e1vel e,&#8230;<\/p><\/div>\r\n<div class=\"post-meta-info post-info-style-2\">\t\r\n\t\t\t    <span class=\"post-meta-date\"><a href=\"https:\/\/osmium.pro\/pt-pt\/osmio-o-mais-recente-metal-precioso\/\" class=\"tpgb-dynamic-tran post-entry-date\">15 de Setembro, 2022<\/a><\/span>\r\n<\/div>\r\n\r\n\t\t<\/div>\r\n\t\t\t<\/div>\r\n\t\t<\/div><\/div><div class=\"grid-item tpgb-col  tpgb-col-lg-6 tpgb-col-md-6 tpgb-col-sm-12 tpgb-col-12\">\r\n<div class=\"dynamic-list-content tpgb-dynamic-tran\">\r\n\t\r\n\t \r\n\t<div class=\"post-content-image\">\r\n\t\t\t<div class=\"tpgb-post-featured-img tpgb-dynamic-tran hover-image-style-1\">\r\n\t\t<a href=\"https:\/\/osmium.pro\/pt-pt\/o-mercado-do-osmio-crescimento-internacional\/\" aria-label=\"O mercado do \u00f3smio &#8211; crescimento internacional\">\r\n\t\t\t<img loading=\"lazy\" decoding=\"async\" width=\"700\" height=\"450\" src=\"https:\/\/i0.wp.com\/osmium.pro\/wp-content\/uploads\/2022\/01\/fox_a.png?fit=700%2C450&amp;ssl=1\" class=\"tpgb-d-block tpgb-post-img tpgb-dynamic-tran wp-post-image\" alt=\"\" srcset=\"https:\/\/i0.wp.com\/osmium.pro\/wp-content\/uploads\/2022\/01\/fox_a.png?w=700&amp;ssl=1 700w, https:\/\/i0.wp.com\/osmium.pro\/wp-content\/uploads\/2022\/01\/fox_a.png?resize=300%2C193&amp;ssl=1 300w\" sizes=\"auto, (max-width: 700px) 100vw, 700px\" \/>\t\t<\/a>\r\n\t<\/div>\t\t\t<\/div>\r\n\t\t\r\n\t<div class=\"tpgb-content-bottom text-center\">\r\n\t\t\t\t\t\t<h3 class=\"tpgb-post-title tpgb-dynamic-tran\">\r\n\t<a href=\"https:\/\/osmium.pro\/pt-pt\/o-mercado-do-osmio-crescimento-internacional\/\">O mercado do \u00f3smio &#8211; crescimento internacional<\/a>\r\n<\/h3>\t\t<div class=\"tpgb-post-hover-content\">\r\n\t\t\t\t<div class=\"tpgb-post-excerpt tpgb-d-block tpgb-dynamic-tran\"><p>O crescente mercado internacional do \u00f3smio Uma vis\u00e3o geral do crescente mercado internacional de \u00f3smio O \u00f3smio na sua forma cristalina tornou-se uma superestrela no mercado de metais preciosos. Nos oito anos que se seguiram \u00e0 descoberta da sua forma cristalina, o metal precioso mais raro, mais valioso e, sem d\u00favida, mais belo, tornou-se o&#8230;<\/p><\/div>\r\n<div class=\"post-meta-info post-info-style-2\">\t\r\n\t\t\t    <span class=\"post-meta-date\"><a href=\"https:\/\/osmium.pro\/pt-pt\/o-mercado-do-osmio-crescimento-internacional\/\" class=\"tpgb-dynamic-tran post-entry-date\">20 de Junho, 2022<\/a><\/span>\r\n<\/div>\r\n\r\n\t\t<\/div>\r\n\t\t\t<\/div>\r\n\t\t<\/div><\/div><div class=\"grid-item tpgb-col  tpgb-col-lg-6 tpgb-col-md-6 tpgb-col-sm-12 tpgb-col-12\">\r\n<div class=\"dynamic-list-content tpgb-dynamic-tran\">\r\n\t\r\n\t \r\n\t<div class=\"post-content-image\">\r\n\t\t\t<div class=\"tpgb-post-featured-img tpgb-dynamic-tran hover-image-style-1\">\r\n\t\t<a href=\"https:\/\/osmium.pro\/pt-pt\/osmio-o-metal-mais-raro-do-mundo\/\" aria-label=\"\u00d3smio &#8211; o metal mais raro do mundo\">\r\n\t\t\t<img loading=\"lazy\" decoding=\"async\" width=\"700\" height=\"450\" src=\"https:\/\/i0.wp.com\/osmium.pro\/wp-content\/uploads\/2022\/01\/hirsch_b.png?fit=700%2C450&amp;ssl=1\" class=\"tpgb-d-block tpgb-post-img tpgb-dynamic-tran wp-post-image\" alt=\"\" srcset=\"https:\/\/i0.wp.com\/osmium.pro\/wp-content\/uploads\/2022\/01\/hirsch_b.png?w=700&amp;ssl=1 700w, https:\/\/i0.wp.com\/osmium.pro\/wp-content\/uploads\/2022\/01\/hirsch_b.png?resize=300%2C193&amp;ssl=1 300w\" sizes=\"auto, (max-width: 700px) 100vw, 700px\" \/>\t\t<\/a>\r\n\t<\/div>\t\t\t<\/div>\r\n\t\t\r\n\t<div class=\"tpgb-content-bottom text-center\">\r\n\t\t\t\t\t\t<h3 class=\"tpgb-post-title tpgb-dynamic-tran\">\r\n\t<a href=\"https:\/\/osmium.pro\/pt-pt\/osmio-o-metal-mais-raro-do-mundo\/\">\u00d3smio &#8211; o metal mais raro do mundo<\/a>\r\n<\/h3>\t\t<div class=\"tpgb-post-hover-content\">\r\n\t\t\t\t<div class=\"tpgb-post-excerpt tpgb-d-block tpgb-dynamic-tran\"><p>\u00d3smio &#8211; o metal mais raro do mundo O metal mais raro do mundo A ocorr\u00eancia de \u00f3smio \u00e9 insignificante e a sua extra\u00e7\u00e3o \u00e9 demorada e dispendiosa. Embora tenha sido descoberto h\u00e1 mais de 200 anos, nunca se tornou um metal industrial ou de luxo comum devido \u00e0 sua raridade e \u00e0 toxicidade da&#8230;<\/p><\/div>\r\n<div class=\"post-meta-info post-info-style-2\">\t\r\n\t\t\t    <span class=\"post-meta-date\"><a href=\"https:\/\/osmium.pro\/pt-pt\/osmio-o-metal-mais-raro-do-mundo\/\" class=\"tpgb-dynamic-tran post-entry-date\">4 de Abril, 2022<\/a><\/span>\r\n<\/div>\r\n\r\n\t\t<\/div>\r\n\t\t\t<\/div>\r\n\t\t<\/div><\/div><div class=\"grid-item tpgb-col  tpgb-col-lg-6 tpgb-col-md-6 tpgb-col-sm-12 tpgb-col-12\">\r\n<div class=\"dynamic-list-content tpgb-dynamic-tran\">\r\n\t\r\n\t \r\n\t<div class=\"post-content-image\">\r\n\t\t\t<div class=\"tpgb-post-featured-img tpgb-dynamic-tran hover-image-style-1\">\r\n\t\t<a href=\"https:\/\/osmium.pro\/pt-pt\/osmio-o-elemento-sol\/\" aria-label=\"\u00d3smio &#8211; O &#8220;elemento sol&#8221;\">\r\n\t\t\t<img loading=\"lazy\" decoding=\"async\" width=\"700\" height=\"450\" src=\"https:\/\/i0.wp.com\/osmium.pro\/wp-content\/uploads\/2022\/01\/spatz_a.png?fit=700%2C450&amp;ssl=1\" class=\"tpgb-d-block tpgb-post-img tpgb-dynamic-tran wp-post-image\" alt=\"\" srcset=\"https:\/\/i0.wp.com\/osmium.pro\/wp-content\/uploads\/2022\/01\/spatz_a.png?w=700&amp;ssl=1 700w, https:\/\/i0.wp.com\/osmium.pro\/wp-content\/uploads\/2022\/01\/spatz_a.png?resize=300%2C193&amp;ssl=1 300w\" sizes=\"auto, (max-width: 700px) 100vw, 700px\" \/>\t\t<\/a>\r\n\t<\/div>\t\t\t<\/div>\r\n\t\t\r\n\t<div class=\"tpgb-content-bottom text-center\">\r\n\t\t\t\t\t\t<h3 class=\"tpgb-post-title tpgb-dynamic-tran\">\r\n\t<a href=\"https:\/\/osmium.pro\/pt-pt\/osmio-o-elemento-sol\/\">\u00d3smio &#8211; O &#8220;elemento sol&#8221;<\/a>\r\n<\/h3>\t\t<div class=\"tpgb-post-hover-content\">\r\n\t\t\t\t<div class=\"tpgb-post-excerpt tpgb-d-block tpgb-dynamic-tran\"><p>\u00d3smio &#8211; O &#8220;elemento sol&#8221; Os metais preciosos sempre foram atractivos para os investidores devido ao seu valor intr\u00ednseco. A pandemia demonstrou que, em tempos de crise, as pessoas recorrem a investimentos que lhes s\u00e3o familiares e nos quais podem confiar h\u00e1 s\u00e9culos: Ouro, prata, platina e pal\u00e1dio s\u00e3o os primeiros nomes que v\u00eam \u00e0&#8230;<\/p><\/div>\r\n<div class=\"post-meta-info post-info-style-2\">\t\r\n\t\t\t    <span class=\"post-meta-date\"><a href=\"https:\/\/osmium.pro\/pt-pt\/osmio-o-elemento-sol\/\" class=\"tpgb-dynamic-tran post-entry-date\">26 de Janeiro, 2022<\/a><\/span>\r\n<\/div>\r\n\r\n\t\t<\/div>\r\n\t\t\t<\/div>\r\n\t\t<\/div><\/div><\/div><\/div><\/div>\n<div style=\"height:100px\" aria-hidden=\"true\" class=\"wp-block-spacer\"><\/div>\n","protected":false},"excerpt":{"rendered":"<p>Blogue Osmium<\/p>\n","protected":false},"author":1,"featured_media":0,"parent":4888,"menu_order":0,"comment_status":"closed","ping_status":"closed","template":"","meta":{"tpgb_global_settings":"","_kadence_starter_templates_imported_post":false,"_kad_post_transparent":"","_kad_post_title":"","_kad_post_layout":"","_kad_post_sidebar_id":"","_kad_post_content_style":"","_kad_post_vertical_padding":"","_kad_post_feature":"","_kad_post_feature_position":"","_kad_post_header":false,"_kad_post_footer":false,"_kad_post_classname":"","footnotes":""},"class_list":["post-4904","page","type-page","status-publish","hentry"],"tpgb_featured_images":null,"tpgb_post_meta_info":{"get_date":"26 de Dezembro, 2022","get_modified_date":"28 de Novembro, 2023","author_name":"Kumm3r3r","author_url":"https:\/\/osmium.pro\/pt-pt\/author\/kumm3r3r\/","author_email":"kummerer@protecting.net","author_website":"https:\/\/osmium.pro","author_description":"","author_facebook":"","author_twitter":"","author_instagram":"","author_role":["administrator"],"author_firstname":"","author_lastname":"","user_login":"Kumm3r3r","comment_count":0,"post_likes":0,"post_views":0},"tpgb_post_category":[],"jetpack_sharing_enabled":true,"_links":{"self":[{"href":"https:\/\/osmium.pro\/pt-pt\/wp-json\/wp\/v2\/pages\/4904","targetHints":{"allow":["GET"]}}],"collection":[{"href":"https:\/\/osmium.pro\/pt-pt\/wp-json\/wp\/v2\/pages"}],"about":[{"href":"https:\/\/osmium.pro\/pt-pt\/wp-json\/wp\/v2\/types\/page"}],"author":[{"embeddable":true,"href":"https:\/\/osmium.pro\/pt-pt\/wp-json\/wp\/v2\/users\/1"}],"replies":[{"embeddable":true,"href":"https:\/\/osmium.pro\/pt-pt\/wp-json\/wp\/v2\/comments?post=4904"}],"version-history":[{"count":1,"href":"https:\/\/osmium.pro\/pt-pt\/wp-json\/wp\/v2\/pages\/4904\/revisions"}],"predecessor-version":[{"id":4905,"href":"https:\/\/osmium.pro\/pt-pt\/wp-json\/wp\/v2\/pages\/4904\/revisions\/4905"}],"up":[{"embeddable":true,"href":"https:\/\/osmium.pro\/pt-pt\/wp-json\/wp\/v2\/pages\/4888"}],"wp:attachment":[{"href":"https:\/\/osmium.pro\/pt-pt\/wp-json\/wp\/v2\/media?parent=4904"}],"curies":[{"name":"wp","href":"https:\/\/api.w.org\/{rel}","templated":true}]}}