{"id":4888,"date":"2022-12-02T22:08:50","date_gmt":"2022-12-02T21:08:50","guid":{"rendered":"https:\/\/osmium.pro\/noticias-osmium\/"},"modified":"2024-06-04T09:18:22","modified_gmt":"2024-06-04T07:18:22","slug":"noticias-osmium","status":"publish","type":"page","link":"https:\/\/osmium.pro\/pt-pt\/noticias-osmium\/","title":{"rendered":"Not\u00edcias Osmium"},"content":{"rendered":"\n<div style=\"height:100px\" aria-hidden=\"true\" class=\"wp-block-spacer\"><\/div>\n\n<h1 class=\"wp-block-heading\" style=\"font-style:italic;font-weight:200\">Not\u00edcias Osmium<\/h1>\n<style>.kb-row-layout-id1664_e6d45d-a1 > .kt-row-column-wrap{align-content:center;}:where(.kb-row-layout-id1664_e6d45d-a1 > .kt-row-column-wrap) > .wp-block-kadence-column{justify-content:center;}.kb-row-layout-id1664_e6d45d-a1 > .kt-row-column-wrap{column-gap:var(--global-kb-gap-lg, 4rem);row-gap:var(--global-kb-gap-md, 2rem);max-width:var( --global-content-width, 1290px );padding-left:var(--global-content-edge-padding);padding-right:var(--global-content-edge-padding);padding-top:var(--global-kb-spacing-sm, 1.5rem);padding-bottom:var(--global-kb-spacing-sm, 1.5rem);grid-template-columns:minmax(0, calc(50% - ((var(--global-kb-gap-lg, 4rem) * 1 )\/2)))minmax(0, calc(50% - ((var(--global-kb-gap-lg, 4rem) * 1 )\/2)));}.kb-row-layout-id1664_e6d45d-a1{border-top-left-radius:6px;border-top-right-radius:6px;border-bottom-right-radius:6px;border-bottom-left-radius:6px;overflow:clip;isolation:isolate;}.kb-row-layout-id1664_e6d45d-a1 > .kt-row-layout-overlay{border-top-left-radius:6px;border-top-right-radius:6px;border-bottom-right-radius:6px;border-bottom-left-radius:6px;}.kb-row-layout-id1664_e6d45d-a1{border-top:1px solid var(--global-palette6, #718096);border-right:1px solid var(--global-palette6, #718096);border-bottom:1px solid var(--global-palette6, #718096);border-left:1px solid var(--global-palette6, #718096);}.kb-row-layout-id1664_e6d45d-a1 > .kt-row-layout-overlay{opacity:0.30;}@media all and (max-width: 1024px){.kb-row-layout-id1664_e6d45d-a1 > .kt-row-column-wrap{grid-template-columns:repeat(2, minmax(0, 1fr));}}@media all and (max-width: 1024px){.kb-row-layout-id1664_e6d45d-a1{border-top:1px solid var(--global-palette6, #718096);border-right:1px solid var(--global-palette6, #718096);border-bottom:1px solid var(--global-palette6, #718096);border-left:1px solid var(--global-palette6, #718096);}}@media all and (max-width: 767px){.kb-row-layout-id1664_e6d45d-a1 > .kt-row-column-wrap{grid-template-columns:minmax(0, 1fr);}.kb-row-layout-id1664_e6d45d-a1{border-top:1px solid var(--global-palette6, #718096);border-right:1px solid var(--global-palette6, #718096);border-bottom:1px solid var(--global-palette6, #718096);border-left:1px solid var(--global-palette6, #718096);}}<\/style><div class=\"kb-row-layout-wrap kb-row-layout-id1664_e6d45d-a1 alignnone has-theme-palette7-background-color kt-row-has-bg wp-block-kadence-rowlayout\"><div class=\"kt-row-column-wrap kt-has-2-columns kt-row-layout-equal kt-tab-layout-inherit kt-mobile-layout-row kt-row-valign-middle kb-theme-content-width\">\n<style>.kadence-column1664_9f6d50-ac > .kt-inside-inner-col,.kadence-column1664_9f6d50-ac > .kt-inside-inner-col:before{border-top-left-radius:0px;border-top-right-radius:0px;border-bottom-right-radius:0px;border-bottom-left-radius:0px;}.kadence-column1664_9f6d50-ac > .kt-inside-inner-col{column-gap:var(--global-kb-gap-sm, 1rem);}.kadence-column1664_9f6d50-ac > .kt-inside-inner-col{flex-direction:column;}.kadence-column1664_9f6d50-ac > .kt-inside-inner-col > .aligncenter{width:100%;}.kadence-column1664_9f6d50-ac > .kt-inside-inner-col:before{opacity:0.3;}.kadence-column1664_9f6d50-ac{position:relative;}@media all and (max-width: 1024px){.kadence-column1664_9f6d50-ac > .kt-inside-inner-col{flex-direction:column;justify-content:center;}}@media all and (max-width: 767px){.kadence-column1664_9f6d50-ac > .kt-inside-inner-col{flex-direction:column;justify-content:center;}}<\/style>\n<div class=\"wp-block-kadence-column kadence-column1664_9f6d50-ac inner-column-1\"><div class=\"kt-inside-inner-col\">\n<h2 class=\"wp-block-heading\">\u00d3smio &#8220;Big Bang&#8221;<\/h2>\n\n\n\n<h3 class=\"wp-block-heading has-medium-font-size\">A cristaliza\u00e7\u00e3o do \u00f3smio termina em 31.12.2026 e todos ser\u00e3o capazes de adivinhar o que isso significa. O Big Bang de \u00d3smio \u00e9 assim iniciado.<\/h3>\n\n\n\n<p>Esta situa\u00e7\u00e3o foi desencadeada principalmente pelo Departamento do Tesouro dos EUA, que imp\u00f4s uma proibi\u00e7\u00e3o de importa\u00e7\u00e3o de alum\u00ednio, cobre e n\u00edquel da R\u00fassia. As bolsas mundiais de metais j\u00e1 n\u00e3o est\u00e3o autorizadas a aceitar estes metais.<\/p>\n\n\n\n<blockquote class=\"wp-block-quote has-small-font-size is-layout-flow wp-block-quote-is-layout-flow\">\n<p class=\"has-background\" style=\"background-color:#00aeff33\">&#8220;O Departamento do Tesouro dos EUA emitiu uma nova regra ao abrigo do EO 14068 que pro\u00edbe a importa\u00e7\u00e3o para os Estados Unidos de alum\u00ednio, cobre e n\u00edquel origin\u00e1rios da Federa\u00e7\u00e3o Russa que tenham sido produzidos em ou ap\u00f3s 13 de abril de 2024 (os &#8220;Metais&#8221;). O Departamento do Tesouro tamb\u00e9m emitiu uma decis\u00e3o suplementar ao abrigo da Ordem Executiva (EO) 14071 que pro\u00edbe a exporta\u00e7\u00e3o, reexporta\u00e7\u00e3o, venda ou entrega de (1) warrants para os metais produzidos em ou ap\u00f3s 13 de abril de 2024 a pessoas localizadas na Federa\u00e7\u00e3o Russa uma bolsa global de metais e (2) servi\u00e7os para adquirir os metais produzidos em ou ap\u00f3s 13 de abril de 2024 como parte da liquida\u00e7\u00e3o f\u00edsica de um contrato de derivados.<\/p>\n\n\n\n<p class=\"has-background\" style=\"background-color:#00aeff33\">Em resultado das medidas colectivas, as bolsas de metais, como a London Metal Exchange (LME) e a Chicago Mercantile Exchange (CME), ser\u00e3o proibidas de aceitar novo alum\u00ednio, cobre e n\u00edquel provenientes da produ\u00e7\u00e3o russa. As bolsas de metais desempenham um papel central na facilita\u00e7\u00e3o do com\u00e9rcio mundial de metais industriais. Ao actuarem em conjunto, os EUA e o Reino Unido est\u00e3o a privar a R\u00fassia e os seus produtores de metais de uma importante fonte de rendimento&#8221;.<\/p>\n<cite>https:\/\/home.treasury.gov\/news\/press-releases\/jy2249<\/cite><\/blockquote>\n\n\n\n<p>Em princ\u00edpio, o Instituto Osmium j\u00e1 tinha deixado de comprar \u00f3smio no mercado russo quando come\u00e7ou a guerra na Ucr\u00e2nia. Entretanto, no entanto, parece que outras fontes est\u00e3o a oferecer \u00f3smio proveniente de reservas exploradas e extra\u00eddas na R\u00fassia nas bolsas mundiais de metais sem revelar a sua origem.<\/p>\n\n\n\n<p>Outras fontes fi\u00e1veis que n\u00e3o s\u00e3o afectadas pelas proibi\u00e7\u00f5es de importa\u00e7\u00e3o tamb\u00e9m j\u00e1 n\u00e3o oferecem fornecimentos suficientes. As suas ofertas v\u00e3o de gramas a meio quilograma de \u00f3smio. Por conseguinte, n\u00e3o faz sentido que o Instituto do \u00d3smio compre estes pequenos lotes a n\u00edvel mundial. Isto tamb\u00e9m tem em conta os avan\u00e7os da pr\u00f3pria empresa, que rondam os 300 quilogramas. As previs\u00f5es anteriormente assumidas para o \u00f3smio recuper\u00e1vel tamb\u00e9m se revelaram demasiado optimistas; as quantidades s\u00e3o muito inferiores \u00e0s anteriormente assumidas.<\/p>\n\n\n<style>.wp-block-kadence-advancedbtn.kb-btns1664_f256b0-1b{gap:var(--global-kb-gap-xs, 0.5rem );justify-content:flex-start;align-items:center;}.kt-btns1664_f256b0-1b .kt-button{font-weight:normal;font-style:normal;}<\/style>\n<div class=\"wp-block-kadence-advancedbtn kb-buttons-wrap kb-btns1664_f256b0-1b\"><style>ul.menu .wp-block-kadence-advancedbtn .kb-btn1664_cb177a-ff.kb-button{width:initial;}.wp-block-kadence-advancedbtn .kb-btn1664_cb177a-ff.kb-button{color:var(--global-palette9, #ffffff);background:var(--global-palette1, #3182CE);border-top-left-radius:10px;border-top-right-radius:10px;border-bottom-right-radius:10px;border-bottom-left-radius:10px;border-top-color:var(--global-palette3, #1A202C);border-top-style:solid;border-right-color:var(--global-palette3, #1A202C);border-right-style:solid;border-bottom-color:var(--global-palette3, #1A202C);border-bottom-style:solid;border-left-color:var(--global-palette3, #1A202C);border-left-style:solid;}@media all and (max-width: 1024px){.wp-block-kadence-advancedbtn .kb-btn1664_cb177a-ff.kb-button{border-top-color:var(--global-palette3, #1A202C);border-top-style:solid;border-right-color:var(--global-palette3, #1A202C);border-right-style:solid;border-bottom-color:var(--global-palette3, #1A202C);border-bottom-style:solid;border-left-color:var(--global-palette3, #1A202C);border-left-style:solid;}}@media all and (max-width: 767px){.wp-block-kadence-advancedbtn .kb-btn1664_cb177a-ff.kb-button{border-top-color:var(--global-palette3, #1A202C);border-top-style:solid;border-right-color:var(--global-palette3, #1A202C);border-right-style:solid;border-bottom-color:var(--global-palette3, #1A202C);border-bottom-style:solid;border-left-color:var(--global-palette3, #1A202C);border-left-style:solid;}}<\/style><a class=\"kb-button kt-button button kb-btn1664_cb177a-ff kt-btn-size-standard kt-btn-width-type-auto kb-btn-global-inherit  kt-btn-has-text-true kt-btn-has-svg-false  wp-block-button__link wp-block-kadence-singlebtn\" href=\"https:\/\/osmium.pro\/#produkte\"><span class=\"kt-btn-inner-text\">Comprar \u00f3smio<\/span><\/a><\/div>\n<\/div><\/div>\n\n\n<style>.kadence-column1664_1620a5-79 > .kt-inside-inner-col,.kadence-column1664_1620a5-79 > .kt-inside-inner-col:before{border-top-left-radius:0px;border-top-right-radius:0px;border-bottom-right-radius:0px;border-bottom-left-radius:0px;}.kadence-column1664_1620a5-79 > .kt-inside-inner-col{column-gap:var(--global-kb-gap-sm, 1rem);}.kadence-column1664_1620a5-79 > .kt-inside-inner-col{flex-direction:column;}.kadence-column1664_1620a5-79 > .kt-inside-inner-col > .aligncenter{width:100%;}.kadence-column1664_1620a5-79 > .kt-inside-inner-col:before{opacity:0.3;}.kadence-column1664_1620a5-79{position:relative;}@media all and (max-width: 1024px){.kadence-column1664_1620a5-79 > .kt-inside-inner-col{flex-direction:column;justify-content:center;}}@media all and (max-width: 767px){.kadence-column1664_1620a5-79 > .kt-inside-inner-col{flex-direction:column;justify-content:center;}}<\/style>\n<div class=\"wp-block-kadence-column kadence-column1664_1620a5-79\"><div class=\"kt-inside-inner-col\">\n<div class=\"wp-block-cover aligncenter has-xxlarge-font-size\"><span aria-hidden=\"true\" class=\"wp-block-cover__background has-background-dim-0 has-background-dim\"><\/span><img data-recalc-dims=\"1\" loading=\"lazy\" decoding=\"async\" width=\"1200\" height=\"992\" class=\"wp-block-cover__image-background wp-image-5213\" alt=\"Osmium Big Bang\" src=\"https:\/\/i0.wp.com\/osmium.pro\/wp-content\/uploads\/2024\/04\/osmium-big-bang.png?resize=1200%2C992&#038;ssl=1\" data-object-fit=\"cover\" srcset=\"https:\/\/i0.wp.com\/osmium.pro\/wp-content\/uploads\/2024\/04\/osmium-big-bang.png?w=1200&amp;ssl=1 1200w, https:\/\/i0.wp.com\/osmium.pro\/wp-content\/uploads\/2024\/04\/osmium-big-bang.png?resize=300%2C248&amp;ssl=1 300w, https:\/\/i0.wp.com\/osmium.pro\/wp-content\/uploads\/2024\/04\/osmium-big-bang.png?resize=1024%2C847&amp;ssl=1 1024w, https:\/\/i0.wp.com\/osmium.pro\/wp-content\/uploads\/2024\/04\/osmium-big-bang.png?resize=768%2C635&amp;ssl=1 768w\" sizes=\"auto, (max-width: 1200px) 100vw, 1200px\" \/><div class=\"wp-block-cover__inner-container is-layout-flow wp-block-cover-is-layout-flow\">\n<p class=\"has-text-align-center has-theme-palette-9-color has-text-color has-background has-link-color has-large-font-size wp-elements-bb681610fa86bacde35478905fba72d0\" style=\"background-color:#ffffff47;padding-top:var(--wp--preset--spacing--40);padding-right:0;padding-bottom:var(--wp--preset--spacing--40);padding-left:0\"><strong>\u00d3smio &#8220;Big Bang<\/strong>&#8220;<\/p>\n<\/div><\/div>\n\n\n\n<p class=\"has-text-align-center\">\u00a9 2024 by Protecting Internet Services GmbH<\/p>\n\n\n\n<p>Por este motivo, a cristaliza\u00e7\u00e3o na Su\u00ed\u00e7a ser\u00e1 definitivamente interrompida em 31 de dezembro de 2026, independentemente do desenrolar da guerra na Ucr\u00e2nia e da continua\u00e7\u00e3o ou levantamento das san\u00e7\u00f5es contra a R\u00fassia. Apenas os cortes continuar\u00e3o a ser efectuados ap\u00f3s esta data. A base de dados do \u00f3smio tamb\u00e9m ser\u00e1 encerrada a partir de 01.01.2027, uma vez que n\u00e3o haver\u00e1 mais novas entradas para o \u00f3smio cristalizado.<\/p>\n\n\n\n<p>O processo de cristaliza\u00e7\u00e3o do \u00f3smio n\u00e3o est\u00e1 patenteado por uma boa raz\u00e3o. Isto permitiria imitar os processos de produ\u00e7\u00e3o e cristalizar o \u00f3smio. No entanto, teriam de ser identificadas e copiadas mais de 160 etapas individuais de produ\u00e7\u00e3o. Cada uma destas 160 etapas demora por vezes mais de 3 meses. Para tal, \u00e9 necess\u00e1rio saber o que tem de ser feito, como e onde. Seriam necess\u00e1rios pelo menos 40 anos para que toda a cadeia de processos pudesse ser copiada e implementada com sucesso. O processo de fabrico em si tamb\u00e9m n\u00e3o pode ser acelerado. O processo de cristaliza\u00e7\u00e3o n\u00e3o \u00e9 transmitido ou sequer divulgado. Isto serve para a prote\u00e7\u00e3o ilimitada dos investidores.<\/p>\n\n\n\n<p>Quais s\u00e3o as consequ\u00eancias do fim da cristaliza\u00e7\u00e3o em 31.12.2026? Cerca de 300 quilogramas de \u00f3smio bruto est\u00e3o ainda dispon\u00edveis para cristaliza\u00e7\u00e3o at\u00e9 31.12.2026. Isto corresponde a um valor de mercado de meio bili\u00e3o de euros, mas o big bang que est\u00e1 agora a come\u00e7ar significar\u00e1 certamente muitos milhares de milh\u00f5es de euros no futuro. O \u00f3smio produzido at\u00e9 31 de dezembro de 2026 ser\u00e1 vendido para al\u00e9m desta data. No entanto, como o \u00f3smio cristalizado deixar\u00e1 de ser produzido e as quantidades dispon\u00edveis s\u00e3o cada vez mais reduzidas, o pre\u00e7o aumentar\u00e1 inexoravelmente. Gradualmente, os investidores privados e institucionais e o mercado da joalharia est\u00e3o a ver o \u00f3smio como um futuro &#8220;grande jogador&#8221;.<\/p>\n<\/div><\/div>\n\n<\/div><\/div>\n<div style=\"height:100px\" aria-hidden=\"true\" class=\"wp-block-spacer\"><\/div>\n","protected":false},"excerpt":{"rendered":"<p>Not\u00edcias Osmium \u00d3smio &#8220;Big Bang&#8221; A cristaliza\u00e7\u00e3o do \u00f3smio termina em 31.12.2026 e todos ser\u00e3o capazes de adivinhar o que isso significa. O Big Bang de \u00d3smio \u00e9 assim iniciado. Esta situa\u00e7\u00e3o foi desencadeada principalmente pelo Departamento do Tesouro dos EUA, que imp\u00f4s uma proibi\u00e7\u00e3o de importa\u00e7\u00e3o de alum\u00ednio, cobre e n\u00edquel da R\u00fassia. As&#8230;<\/p>\n","protected":false},"author":1,"featured_media":0,"parent":0,"menu_order":0,"comment_status":"closed","ping_status":"closed","template":"","meta":{"tpgb_global_settings":"","_kadence_starter_templates_imported_post":false,"_kad_post_transparent":"","_kad_post_title":"","_kad_post_layout":"","_kad_post_sidebar_id":"","_kad_post_content_style":"","_kad_post_vertical_padding":"","_kad_post_feature":"","_kad_post_feature_position":"","_kad_post_header":false,"_kad_post_footer":false,"_kad_post_classname":"","footnotes":""},"class_list":["post-4888","page","type-page","status-publish","hentry"],"tpgb_featured_images":null,"tpgb_post_meta_info":{"get_date":"2 de Dezembro, 2022","get_modified_date":"4 de Junho, 2024","author_name":"Kumm3r3r","author_url":"https:\/\/osmium.pro\/pt-pt\/author\/kumm3r3r\/","author_email":"kummerer@protecting.net","author_website":"https:\/\/osmium.pro","author_description":"","author_facebook":"","author_twitter":"","author_instagram":"","author_role":["administrator"],"author_firstname":"","author_lastname":"","user_login":"Kumm3r3r","comment_count":0,"post_likes":0,"post_views":0},"tpgb_post_category":[],"jetpack_sharing_enabled":true,"_links":{"self":[{"href":"https:\/\/osmium.pro\/pt-pt\/wp-json\/wp\/v2\/pages\/4888","targetHints":{"allow":["GET"]}}],"collection":[{"href":"https:\/\/osmium.pro\/pt-pt\/wp-json\/wp\/v2\/pages"}],"about":[{"href":"https:\/\/osmium.pro\/pt-pt\/wp-json\/wp\/v2\/types\/page"}],"author":[{"embeddable":true,"href":"https:\/\/osmium.pro\/pt-pt\/wp-json\/wp\/v2\/users\/1"}],"replies":[{"embeddable":true,"href":"https:\/\/osmium.pro\/pt-pt\/wp-json\/wp\/v2\/comments?post=4888"}],"version-history":[{"count":8,"href":"https:\/\/osmium.pro\/pt-pt\/wp-json\/wp\/v2\/pages\/4888\/revisions"}],"predecessor-version":[{"id":5295,"href":"https:\/\/osmium.pro\/pt-pt\/wp-json\/wp\/v2\/pages\/4888\/revisions\/5295"}],"wp:attachment":[{"href":"https:\/\/osmium.pro\/pt-pt\/wp-json\/wp\/v2\/media?parent=4888"}],"curies":[{"name":"wp","href":"https:\/\/api.w.org\/{rel}","templated":true}]}}