{"id":4792,"date":"2022-12-04T20:54:00","date_gmt":"2022-12-04T19:54:00","guid":{"rendered":"https:\/\/osmium.pro\/impressao\/"},"modified":"2023-11-28T11:33:24","modified_gmt":"2023-11-28T10:33:24","slug":"impressao","status":"publish","type":"page","link":"https:\/\/osmium.pro\/pt-pt\/impressao\/","title":{"rendered":"Impress\u00e3o"},"content":{"rendered":"\n<div style=\"height:100px\" aria-hidden=\"true\" class=\"wp-block-spacer\"><\/div>\n\n<h1 class=\"wp-block-heading\" style=\"font-style:italic;font-weight:200\">Impress\u00e3o<\/h1>\n\n<h3 class=\"wp-block-heading\">Informa\u00e7\u00f5es nos termos do \u00a7 5 TMG (Telemediengesetz)<\/h3>\n<style>#kt-layout-id_01a2bc-2e > .kt-row-column-wrap{align-content:start;}:where(#kt-layout-id_01a2bc-2e > .kt-row-column-wrap) > .wp-block-kadence-column{justify-content:start;}#kt-layout-id_01a2bc-2e > .kt-row-column-wrap{column-gap:var(--global-kb-gap-md, 2rem);row-gap:var(--global-kb-gap-md, 2rem);padding-top:var( --global-kb-row-default-top, 25px );padding-bottom:var( --global-kb-row-default-bottom, 25px );padding-top:var(--global-kb-spacing-sm, 1.5rem);padding-bottom:var(--global-kb-spacing-sm, 1.5rem);}#kt-layout-id_01a2bc-2e > .kt-row-column-wrap > div:not(.added-for-specificity){grid-column:initial;}#kt-layout-id_01a2bc-2e > .kt-row-column-wrap{grid-template-columns:repeat(3, minmax(0, 1fr));}#kt-layout-id_01a2bc-2e > .kt-row-layout-overlay{opacity:0.30;}@media all and (max-width: 1024px){#kt-layout-id_01a2bc-2e > .kt-row-column-wrap > div:not(.added-for-specificity){grid-column:initial;}}@media all and (max-width: 1024px){#kt-layout-id_01a2bc-2e > .kt-row-column-wrap{grid-template-columns:repeat(3, minmax(0, 1fr));}}@media all and (max-width: 767px){#kt-layout-id_01a2bc-2e > .kt-row-column-wrap > div:not(.added-for-specificity){grid-column:initial;}#kt-layout-id_01a2bc-2e > .kt-row-column-wrap{grid-template-columns:minmax(0, 1fr);}}<\/style>\n<div class=\"wp-block-kadence-rowlayout alignnone\"><div id=\"kt-layout-id_01a2bc-2e\" class=\"kt-row-layout-inner kt-layout-id_01a2bc-2e\"><div class=\"kt-row-column-wrap kt-has-3-columns kt-gutter-default kt-v-gutter-default kt-row-valign-top kt-row-layout-equal kt-tab-layout-inherit kt-m-colapse-left-to-right kt-mobile-layout-row\"><style>.kadence-column_1659bf-71 > .kt-inside-inner-col{border-top-width:0px;border-right-width:0px;border-bottom-width:0px;border-left-width:0px;}.kadence-column_1659bf-71 > .kt-inside-inner-col,.kadence-column_1659bf-71 > .kt-inside-inner-col:before{border-top-left-radius:0px;border-top-right-radius:0px;border-bottom-right-radius:0px;border-bottom-left-radius:0px;}.kadence-column_1659bf-71 > .kt-inside-inner-col{column-gap:var(--global-kb-gap-sm, 1rem);}.kadence-column_1659bf-71 > .kt-inside-inner-col{flex-direction:column;}.kadence-column_1659bf-71 > .kt-inside-inner-col > .aligncenter{width:100%;}.kadence-column_1659bf-71 > .kt-inside-inner-col:before{opacity:0.3;}.kadence-column_1659bf-71{position:relative;}@media all and (max-width: 1024px){.kadence-column_1659bf-71 > .kt-inside-inner-col{flex-direction:column;justify-content:center;}}@media all and (max-width: 767px){.kadence-column_1659bf-71 > .kt-inside-inner-col{flex-direction:column;justify-content:center;}}<\/style>\n<div class=\"wp-block-kadence-column inner-column-1 kadence-column_1659bf-71\"><div class=\"kt-inside-inner-col\">\n<p><strong>Protecting Internet Services GmbH<\/strong><br\/>Kriegsstra\u00dfe 172<br\/>D-76133 Karlsruhe<br\/>Alemanha<br\/>Telefone +49 (0)721 920 3879<br\/>Fax +49 (0)721 920 3878<\/p>\n<\/div><\/div>\n\n\n<style>.kadence-column_1bf808-0b > .kt-inside-inner-col{border-top-width:0px;border-right-width:0px;border-bottom-width:0px;border-left-width:0px;}.kadence-column_1bf808-0b > .kt-inside-inner-col,.kadence-column_1bf808-0b > .kt-inside-inner-col:before{border-top-left-radius:0px;border-top-right-radius:0px;border-bottom-right-radius:0px;border-bottom-left-radius:0px;}.kadence-column_1bf808-0b > .kt-inside-inner-col{column-gap:var(--global-kb-gap-sm, 1rem);}.kadence-column_1bf808-0b > .kt-inside-inner-col{flex-direction:column;}.kadence-column_1bf808-0b > .kt-inside-inner-col > .aligncenter{width:100%;}.kadence-column_1bf808-0b > .kt-inside-inner-col:before{opacity:0.3;}.kadence-column_1bf808-0b{position:relative;}@media all and (max-width: 1024px){.kadence-column_1bf808-0b > .kt-inside-inner-col{flex-direction:column;justify-content:center;}}@media all and (max-width: 767px){.kadence-column_1bf808-0b > .kt-inside-inner-col{flex-direction:column;justify-content:center;}}<\/style>\n<div class=\"wp-block-kadence-column inner-column-2 kadence-column_1bf808-0b\"><div class=\"kt-inside-inner-col\">\n<p>Diretor-geral autorizado<br\/>Uwe Kummerer<br\/>Tribunal de registo Tribunal local de Mannheim<br\/>N\u00famero de registo HRB 104428<\/p>\n<\/div><\/div>\n\n\n<style>.kadence-column_346ea9-20 > .kt-inside-inner-col{border-top-width:0px;border-right-width:0px;border-bottom-width:0px;border-left-width:0px;}.kadence-column_346ea9-20 > .kt-inside-inner-col,.kadence-column_346ea9-20 > .kt-inside-inner-col:before{border-top-left-radius:0px;border-top-right-radius:0px;border-bottom-right-radius:0px;border-bottom-left-radius:0px;}.kadence-column_346ea9-20 > .kt-inside-inner-col{column-gap:var(--global-kb-gap-sm, 1rem);}.kadence-column_346ea9-20 > .kt-inside-inner-col{flex-direction:column;}.kadence-column_346ea9-20 > .kt-inside-inner-col > .aligncenter{width:100%;}.kadence-column_346ea9-20 > .kt-inside-inner-col:before{opacity:0.3;}.kadence-column_346ea9-20{position:relative;}@media all and (max-width: 1024px){.kadence-column_346ea9-20 > .kt-inside-inner-col{flex-direction:column;justify-content:center;}}@media all and (max-width: 767px){.kadence-column_346ea9-20 > .kt-inside-inner-col{flex-direction:column;justify-content:center;}}<\/style>\n<div class=\"wp-block-kadence-column inner-column-3 kadence-column_346ea9-20\"><div class=\"kt-inside-inner-col\">\n<p>N\u00famero de identifica\u00e7\u00e3o IVA de acordo com o \u00a7 27 a<br\/>Lei relativa ao imposto sobre o valor acrescentado DE143602198<br\/><strong>correio eletr\u00f3nico<\/strong><br\/><a href=\"mailto:info@protecting.net\">info@protecting.net<\/a><\/p>\n<\/div><\/div>\n<\/div><\/div><\/div>\n<style>#kt-layout-id_c703bb-d2 > .kt-row-column-wrap{align-content:start;}:where(#kt-layout-id_c703bb-d2 > .kt-row-column-wrap) > .wp-block-kadence-column{justify-content:start;}#kt-layout-id_c703bb-d2 > .kt-row-column-wrap{column-gap:var(--global-kb-gap-md, 2rem);row-gap:var(--global-kb-gap-md, 2rem);padding-top:var( --global-kb-row-default-top, 25px );padding-bottom:var( --global-kb-row-default-bottom, 25px );padding-top:var(--global-kb-spacing-sm, 1.5rem);padding-bottom:var(--global-kb-spacing-sm, 1.5rem);grid-template-columns:minmax(0, 1fr);}#kt-layout-id_c703bb-d2 > .kt-row-layout-overlay{opacity:0.30;}@media all and (max-width: 1024px){#kt-layout-id_c703bb-d2 > .kt-row-column-wrap{grid-template-columns:minmax(0, 1fr);}}@media all and (max-width: 767px){#kt-layout-id_c703bb-d2 > .kt-row-column-wrap{grid-template-columns:minmax(0, 1fr);}}<\/style>\n<div class=\"wp-block-kadence-rowlayout alignnone\"><div id=\"kt-layout-id_c703bb-d2\" class=\"kt-row-layout-inner kt-layout-id_c703bb-d2\"><div class=\"kt-row-column-wrap kt-has-1-columns kt-gutter-default kt-v-gutter-default kt-row-valign-top kt-row-layout-equal kt-tab-layout-inherit kt-m-colapse-left-to-right kt-mobile-layout-row\"><style>.kadence-column_96664d-71 > .kt-inside-inner-col{border-top-width:0px;border-right-width:0px;border-bottom-width:0px;border-left-width:0px;}.kadence-column_96664d-71 > .kt-inside-inner-col,.kadence-column_96664d-71 > .kt-inside-inner-col:before{border-top-left-radius:0px;border-top-right-radius:0px;border-bottom-right-radius:0px;border-bottom-left-radius:0px;}.kadence-column_96664d-71 > .kt-inside-inner-col{column-gap:var(--global-kb-gap-sm, 1rem);}.kadence-column_96664d-71 > .kt-inside-inner-col{flex-direction:column;}.kadence-column_96664d-71 > .kt-inside-inner-col > .aligncenter{width:100%;}.kadence-column_96664d-71 > .kt-inside-inner-col:before{opacity:0.3;}.kadence-column_96664d-71{position:relative;}@media all and (max-width: 1024px){.kadence-column_96664d-71 > .kt-inside-inner-col{flex-direction:column;justify-content:center;}}@media all and (max-width: 767px){.kadence-column_96664d-71 > .kt-inside-inner-col{flex-direction:column;justify-content:center;}}<\/style>\n<div class=\"wp-block-kadence-column inner-column-1 kadence-column_96664d-71\"><div class=\"kt-inside-inner-col\">\n<h3 class=\"wp-block-heading\">Exclus\u00e3o de responsabilidade (declara\u00e7\u00e3o de exonera\u00e7\u00e3o de responsabilidade):<\/h3>\n\n\n\n<h4 class=\"wp-block-heading\">Responsabilidade pelo conte\u00fado<\/h4>\n\n\n\n<p>Enquanto prestador de servi\u00e7os, somos obrigados, nos termos do \u00a7 7 para.1 A TMG \u00e9 respons\u00e1vel pelo seu pr\u00f3prio conte\u00fado nestas p\u00e1ginas de acordo com as leis gerais. No entanto, de acordo com os \u00a7\u00a7 8 a 10 da TMG, n\u00f3s, enquanto prestadores de servi\u00e7os, n\u00e3o somos obrigados a controlar as informa\u00e7\u00f5es transmitidas ou armazenadas de terceiros ou a investigar circunst\u00e2ncias que indiquem actividades ilegais. As obriga\u00e7\u00f5es de remover ou bloquear a utiliza\u00e7\u00e3o de informa\u00e7\u00f5es em conformidade com a legisla\u00e7\u00e3o geral n\u00e3o s\u00e3o afectadas por este facto. No entanto, a responsabilidade a este respeito s\u00f3 \u00e9 poss\u00edvel a partir do momento em que se tem conhecimento de uma infra\u00e7\u00e3o espec\u00edfica. Assim que tivermos conhecimento de tais infrac\u00e7\u00f5es, removeremos imediatamente esses conte\u00fados.<\/p>\n\n\n\n<h4 class=\"wp-block-heading\">Responsabilidade pelas liga\u00e7\u00f5es<\/h4>\n\n\n\n<p>O nosso s\u00edtio Web cont\u00e9m liga\u00e7\u00f5es a s\u00edtios Web externos de terceiros sobre cujo conte\u00fado n\u00e3o temos qualquer influ\u00eancia. Por conseguinte, n\u00e3o podemos aceitar qualquer responsabilidade por este conte\u00fado de terceiros. O respetivo fornecedor ou operador das p\u00e1ginas \u00e9 sempre respons\u00e1vel pelo conte\u00fado das p\u00e1ginas ligadas. As p\u00e1ginas ligadas foram verificadas quanto a poss\u00edveis viola\u00e7\u00f5es legais no momento da liga\u00e7\u00e3o. Os conte\u00fados ilegais n\u00e3o eram reconhec\u00edveis no momento da liga\u00e7\u00e3o. No entanto, o controlo permanente do conte\u00fado das p\u00e1ginas ligadas n\u00e3o \u00e9 razo\u00e1vel sem provas concretas de uma infra\u00e7\u00e3o. Se tivermos conhecimento de quaisquer infrac\u00e7\u00f5es legais, removeremos imediatamente essas liga\u00e7\u00f5es.<\/p>\n\n\n\n<h4 class=\"wp-block-heading\">Direitos de autor<\/h4>\n\n\n\n<p>Os conte\u00fados e obras criados pelos operadores do s\u00edtio nestas p\u00e1ginas est\u00e3o sujeitos \u00e0 legisla\u00e7\u00e3o alem\u00e3 em mat\u00e9ria de direitos de autor. A reprodu\u00e7\u00e3o, edi\u00e7\u00e3o, distribui\u00e7\u00e3o e qualquer tipo de utiliza\u00e7\u00e3o fora dos limites da lei dos direitos de autor requerem o consentimento escrito do respetivo autor ou criador. Os downloads e c\u00f3pias deste s\u00edtio s\u00f3 s\u00e3o permitidos para uso privado e n\u00e3o comercial. Na medida em que o conte\u00fado deste s\u00edtio n\u00e3o foi criado pelo operador, os direitos de autor de terceiros s\u00e3o respeitados. Em particular, os conte\u00fados de terceiros s\u00e3o rotulados como tal. Se, no entanto, tiver conhecimento de uma infra\u00e7\u00e3o aos direitos de autor, informe-nos desse facto. Se tivermos conhecimento de quaisquer infrac\u00e7\u00f5es legais, removeremos imediatamente esse conte\u00fado.<\/p>\n<\/div><\/div>\n<\/div><\/div><\/div>\n\n<div style=\"height:100px\" aria-hidden=\"true\" class=\"wp-block-spacer\"><\/div>\n","protected":false},"excerpt":{"rendered":"<p>Impress\u00e3o Informa\u00e7\u00f5es nos termos do \u00a7 5 TMG (Telemediengesetz) Protecting Internet Services GmbHKriegsstra\u00dfe 172D-76133 KarlsruheAlemanhaTelefone +49 (0)721 920 3879Fax +49 (0)721 920 3878 Diretor-geral autorizadoUwe KummererTribunal de registo Tribunal local de MannheimN\u00famero de registo HRB 104428 N\u00famero de identifica\u00e7\u00e3o IVA de acordo com o \u00a7 27 aLei relativa ao imposto sobre o valor acrescentado DE143602198correio&#8230;<\/p>\n","protected":false},"author":1,"featured_media":0,"parent":0,"menu_order":0,"comment_status":"closed","ping_status":"closed","template":"","meta":{"tpgb_global_settings":"","_kadence_starter_templates_imported_post":false,"_kad_post_transparent":"","_kad_post_title":"","_kad_post_layout":"","_kad_post_sidebar_id":"","_kad_post_content_style":"","_kad_post_vertical_padding":"","_kad_post_feature":"","_kad_post_feature_position":"","_kad_post_header":false,"_kad_post_footer":false,"_kad_post_classname":"","footnotes":""},"class_list":["post-4792","page","type-page","status-publish","hentry"],"tpgb_featured_images":null,"tpgb_post_meta_info":{"get_date":"4 de Dezembro, 2022","get_modified_date":"28 de Novembro, 2023","author_name":"Kumm3r3r","author_url":"https:\/\/osmium.pro\/pt-pt\/author\/kumm3r3r\/","author_email":"kummerer@protecting.net","author_website":"https:\/\/osmium.pro","author_description":"","author_facebook":"","author_twitter":"","author_instagram":"","author_role":["administrator"],"author_firstname":"","author_lastname":"","user_login":"Kumm3r3r","comment_count":0,"post_likes":0,"post_views":0},"tpgb_post_category":[],"jetpack_sharing_enabled":true,"_links":{"self":[{"href":"https:\/\/osmium.pro\/pt-pt\/wp-json\/wp\/v2\/pages\/4792","targetHints":{"allow":["GET"]}}],"collection":[{"href":"https:\/\/osmium.pro\/pt-pt\/wp-json\/wp\/v2\/pages"}],"about":[{"href":"https:\/\/osmium.pro\/pt-pt\/wp-json\/wp\/v2\/types\/page"}],"author":[{"embeddable":true,"href":"https:\/\/osmium.pro\/pt-pt\/wp-json\/wp\/v2\/users\/1"}],"replies":[{"embeddable":true,"href":"https:\/\/osmium.pro\/pt-pt\/wp-json\/wp\/v2\/comments?post=4792"}],"version-history":[{"count":3,"href":"https:\/\/osmium.pro\/pt-pt\/wp-json\/wp\/v2\/pages\/4792\/revisions"}],"predecessor-version":[{"id":4807,"href":"https:\/\/osmium.pro\/pt-pt\/wp-json\/wp\/v2\/pages\/4792\/revisions\/4807"}],"wp:attachment":[{"href":"https:\/\/osmium.pro\/pt-pt\/wp-json\/wp\/v2\/media?parent=4792"}],"curies":[{"name":"wp","href":"https:\/\/api.w.org\/{rel}","templated":true}]}}