{"id":4956,"date":"2023-09-16T14:08:44","date_gmt":"2023-09-16T12:08:44","guid":{"rendered":"https:\/\/osmium.pro\/platynowy-pierscien-950\/"},"modified":"2023-11-28T13:52:03","modified_gmt":"2023-11-28T12:52:03","slug":"platynowy-pierscien-950","status":"publish","type":"page","link":"https:\/\/osmium.pro\/pl\/platynowy-pierscien-950\/","title":{"rendered":"Platynowy pier\u015bcie\u0144 950"},"content":{"rendered":"\n<div style=\"height:100px\" aria-hidden=\"true\" class=\"wp-block-spacer\"><\/div>\n\n<h1 class=\"wp-block-heading\" style=\"font-style:italic;font-weight:200\">ringe.pro &#8211; Tw\u00f3j ekspert od ekskluzywnych pier\u015bcionk\u00f3w platynowych, palladowych i osmowych<\/h1>\n\n<p><br\/>W \u015bwiecie wykwintnej bi\u017cuterii, pier\u015bcionki platynowe 950 i pier\u015bcionki palladowe 950 z kwadratem osmowym lub diamentem osmowym s\u0105 synonimem ponadczasowej elegancji i wyj\u0105tkowej jako\u015bci. Je\u015bli szukasz idealnych pier\u015bcionk\u00f3w na specjalne okazje lub jako wyraz Twojej mi\u0142o\u015bci i zaanga\u017cowania, to <a alt=\"Pier&#x15B;cionki platynowe i palladowe\" href=\"https:\/\/ringe.pro\" target=\"_blank\" rel=\"dofollow noopener\">https:\/\/ringe.pro<\/a> jest w\u0142a\u015bciwym miejscem dla Ciebie. Nasz sklep internetowy oferuje wykwintny wyb\u00f3r wysokiej jako\u015bci pier\u015bcionk\u00f3w platynowych i palladowych z Osmium Square lub Osmium Diamond, kt\u00f3re przekrocz\u0105 Twoje oczekiwania.<\/p>\n\n<h2 class=\"wp-block-heading\" style=\"font-style:italic;font-weight:200\">Elegancja pier\u015bcionk\u00f3w z platyny 950<\/h2>\n\n<h3 class=\"wp-block-heading\" style=\"font-style:italic;font-weight:200\">Bezkonkurencyjna jako\u015b\u0107<\/h3>\n\n<p><br\/>Nasze pier\u015bcionki z platyny 950 s\u0105 wykonane z najczystszej platyny dost\u0119pnej na rynku. Ponadto do platyny dodawane jest z\u0142oto w proporcji 25\/1000, co sprawia, \u017ce platynowy pier\u015bcionek jest produktem hipoalergicznym. Ten wyj\u0105tkowy metal charakteryzuje si\u0119 r\u00f3wnie\u017c niezwyk\u0142\u0105 twardo\u015bci\u0105 i trwa\u0142o\u015bci\u0105, co czyni go idealnym wyborem dla bi\u017cuterii, kt\u00f3ra ma przetrwa\u0107 ca\u0142e \u017cycie. Je\u015bli szukasz pier\u015bcionka, kt\u00f3ry jest tak wyj\u0105tkowy jak twoja mi\u0142o\u015b\u0107, platyna jest idealnym wyborem.<\/p>\n\n<div class=\"wp-block-columns is-layout-flex wp-container-core-columns-is-layout-9d6595d7 wp-block-columns-is-layout-flex\">\n<div class=\"wp-block-column is-layout-flow wp-block-column-is-layout-flow\"><style>.kb-image3155_128ac7-c1 .kb-image-has-overlay:after{opacity:0.3;border-top-left-radius:80px;border-bottom-right-radius:80px;}.kb-image3155_128ac7-c1 img.kb-img, .kb-image3155_128ac7-c1 .kb-img img{border-top:1px solid var(--global-palette6, #718096);border-right:1px solid var(--global-palette6, #718096);border-bottom:1px solid var(--global-palette6, #718096);border-left:1px solid var(--global-palette6, #718096);border-top-left-radius:80px;border-bottom-right-radius:80px;box-shadow:0px 0px 14px 0px rgba(0, 0, 0, 0.2);}@media all and (max-width: 1024px){.kb-image3155_128ac7-c1 img.kb-img, .kb-image3155_128ac7-c1 .kb-img img{border-top:1px solid var(--global-palette6, #718096);border-right:1px solid var(--global-palette6, #718096);border-bottom:1px solid var(--global-palette6, #718096);border-left:1px solid var(--global-palette6, #718096);}}@media all and (max-width: 767px){.kb-image3155_128ac7-c1 img.kb-img, .kb-image3155_128ac7-c1 .kb-img img{border-top:1px solid var(--global-palette6, #718096);border-right:1px solid var(--global-palette6, #718096);border-bottom:1px solid var(--global-palette6, #718096);border-left:1px solid var(--global-palette6, #718096);}}<\/style>\n<figure class=\"wp-block-kadence-image kb-image3155_128ac7-c1 is-style-default\"><img data-recalc-dims=\"1\" loading=\"lazy\" decoding=\"async\" width=\"1024\" height=\"1024\" src=\"https:\/\/i0.wp.com\/osmium.pro\/wp-content\/uploads\/2023\/09\/platin-aussen-flach-innen-gewoelbt-osmium-square.png?resize=1024%2C1024&#038;ssl=1\" alt=\"Platynowy pier\u015bcionek 950 ze z\u0142otem 25 i osmem Kwadratowy pier\u015bcionek z osmem\" class=\"kb-img wp-image-3167\" title=\"Platynowy pier\u015bcionek 950 ze z\u0142otem 25 i osmem Kwadratowy pier\u015bcionek z osmem\" srcset=\"https:\/\/i0.wp.com\/osmium.pro\/wp-content\/uploads\/2023\/09\/platin-aussen-flach-innen-gewoelbt-osmium-square.png?resize=1024%2C1024&amp;ssl=1 1024w, https:\/\/i0.wp.com\/osmium.pro\/wp-content\/uploads\/2023\/09\/platin-aussen-flach-innen-gewoelbt-osmium-square.png?resize=300%2C300&amp;ssl=1 300w, https:\/\/i0.wp.com\/osmium.pro\/wp-content\/uploads\/2023\/09\/platin-aussen-flach-innen-gewoelbt-osmium-square.png?resize=150%2C150&amp;ssl=1 150w, https:\/\/i0.wp.com\/osmium.pro\/wp-content\/uploads\/2023\/09\/platin-aussen-flach-innen-gewoelbt-osmium-square.png?resize=768%2C768&amp;ssl=1 768w, https:\/\/i0.wp.com\/osmium.pro\/wp-content\/uploads\/2023\/09\/platin-aussen-flach-innen-gewoelbt-osmium-square.png?resize=1536%2C1536&amp;ssl=1 1536w, https:\/\/i0.wp.com\/osmium.pro\/wp-content\/uploads\/2023\/09\/platin-aussen-flach-innen-gewoelbt-osmium-square.png?resize=2048%2C2048&amp;ssl=1 2048w, https:\/\/i0.wp.com\/osmium.pro\/wp-content\/uploads\/2023\/09\/platin-aussen-flach-innen-gewoelbt-osmium-square.png?resize=700%2C700&amp;ssl=1 700w\" sizes=\"auto, (max-width: 1024px) 100vw, 1024px\" \/><\/figure>\n\n\n\n<p style=\"font-size:14px\"><strong>Platynowe pier\u015bcionki z kwadratem osmowym<\/strong><br\/>\u0179r\u00f3d\u0142o: ringe.pro<\/p>\n<\/div>\n\n\n\n<div class=\"wp-block-column is-layout-flow wp-block-column-is-layout-flow\">\n<div style=\"height:100px\" aria-hidden=\"true\" class=\"wp-block-spacer\"><\/div>\n\n\n\n<p style=\"font-size:14px\"><strong>Platynowe pier\u015bcionki z diamentem osmowym<\/strong><br\/>\u0179r\u00f3d\u0142o: ringe.pro<\/p>\n\n\n<style>.kb-image3155_a98f2d-07 .kb-image-has-overlay:after{opacity:0.3;border-top-left-radius:80px;border-bottom-right-radius:80px;}.kb-image3155_a98f2d-07 img.kb-img, .kb-image3155_a98f2d-07 .kb-img img{border-top:1px solid var(--global-palette6, #718096);border-right:1px solid var(--global-palette6, #718096);border-bottom:1px solid var(--global-palette6, #718096);border-left:1px solid var(--global-palette6, #718096);border-top-left-radius:80px;border-bottom-right-radius:80px;box-shadow:0px 0px 14px 0px rgba(0, 0, 0, 0.2);}@media all and (max-width: 1024px){.kb-image3155_a98f2d-07 img.kb-img, .kb-image3155_a98f2d-07 .kb-img img{border-top:1px solid var(--global-palette6, #718096);border-right:1px solid var(--global-palette6, #718096);border-bottom:1px solid var(--global-palette6, #718096);border-left:1px solid var(--global-palette6, #718096);}}@media all and (max-width: 767px){.kb-image3155_a98f2d-07 img.kb-img, .kb-image3155_a98f2d-07 .kb-img img{border-top:1px solid var(--global-palette6, #718096);border-right:1px solid var(--global-palette6, #718096);border-bottom:1px solid var(--global-palette6, #718096);border-left:1px solid var(--global-palette6, #718096);}}<\/style>\n<figure class=\"wp-block-kadence-image kb-image3155_a98f2d-07 size-large is-style-default\"><img data-recalc-dims=\"1\" loading=\"lazy\" decoding=\"async\" width=\"1024\" height=\"1024\" src=\"https:\/\/i0.wp.com\/osmium.pro\/wp-content\/uploads\/2023\/09\/platin-rechteckig-abrerundete-kanten-osmium-diamond.png?resize=1024%2C1024&#038;ssl=1\" alt=\"Platynowy pier\u015bcionek 950 ze z\u0142otem 25 i diamentowym pier\u015bcionkiem osmowym\" class=\"kb-img wp-image-3168\" title=\"Platynowy pier\u015bcionek 950 ze z\u0142otem 25 i diamentowym pier\u015bcionkiem osmowym\" srcset=\"https:\/\/i0.wp.com\/osmium.pro\/wp-content\/uploads\/2023\/09\/platin-rechteckig-abrerundete-kanten-osmium-diamond.png?resize=1024%2C1024&amp;ssl=1 1024w, https:\/\/i0.wp.com\/osmium.pro\/wp-content\/uploads\/2023\/09\/platin-rechteckig-abrerundete-kanten-osmium-diamond.png?resize=300%2C300&amp;ssl=1 300w, https:\/\/i0.wp.com\/osmium.pro\/wp-content\/uploads\/2023\/09\/platin-rechteckig-abrerundete-kanten-osmium-diamond.png?resize=150%2C150&amp;ssl=1 150w, https:\/\/i0.wp.com\/osmium.pro\/wp-content\/uploads\/2023\/09\/platin-rechteckig-abrerundete-kanten-osmium-diamond.png?resize=768%2C768&amp;ssl=1 768w, https:\/\/i0.wp.com\/osmium.pro\/wp-content\/uploads\/2023\/09\/platin-rechteckig-abrerundete-kanten-osmium-diamond.png?resize=1536%2C1536&amp;ssl=1 1536w, https:\/\/i0.wp.com\/osmium.pro\/wp-content\/uploads\/2023\/09\/platin-rechteckig-abrerundete-kanten-osmium-diamond.png?resize=2048%2C2048&amp;ssl=1 2048w, https:\/\/i0.wp.com\/osmium.pro\/wp-content\/uploads\/2023\/09\/platin-rechteckig-abrerundete-kanten-osmium-diamond.png?resize=700%2C700&amp;ssl=1 700w\" sizes=\"auto, (max-width: 1024px) 100vw, 1024px\" \/><\/figure>\n<\/div>\n<\/div>\n\n<h3 class=\"wp-block-heading\" style=\"font-style:italic;font-weight:200\">Ponadczasowe pi\u0119kno<\/h3>\n\n<p><br\/>Platyna znana jest nie tylko ze swojej d\u0142ugowieczno\u015bci, ale tak\u017ce ponadczasowego pi\u0119kna. Nasze pier\u015bcionki z platyny 950 charakteryzuj\u0105 si\u0119 klasycznym wzornictwem, kt\u00f3re nigdy nie wychodzi z mody. Niezale\u017cnie od tego, czy zdecydujesz si\u0119 na prosty pier\u015bcionek z pasjansem, czy bardziej wyszukany pier\u015bcionek zar\u0119czynowy, ponadczasowa elegancja platyny zawsze b\u0119dzie w centrum uwagi.<\/p>\n\n<h3 class=\"wp-block-heading\" style=\"font-style:italic;font-weight:200\">Pier\u015bcionek osmowy: b\u0142yszcz\u0105ca atrakcja<\/h3>\n\n<p><br\/>Niekt\u00f3re z naszych pier\u015bcionk\u00f3w z platyny 950 s\u0105 osadzone z Osmium Square, substytutem diamentu, kt\u00f3ry jest tak samo b\u0142yszcz\u0105cy jak prawdziwy diament, ale jest dost\u0119pny za u\u0142amek ceny. Te b\u0142yszcz\u0105ce akcenty dodaj\u0105 blasku pier\u015bcionkowi i sprawiaj\u0105, \u017ce jest on idealnym towarzyszem na specjalne okazje.<\/p>\n\n<h2 class=\"wp-block-heading\" style=\"font-style:italic;font-weight:200\">Pier\u015bcionki palladowe 950: alternatywa w dobrym stylu<\/h2>\n\n<h3 class=\"wp-block-heading\" style=\"font-style:italic;font-weight:200\">Lekka elegancja<\/h3>\n\n<p><br\/>Pallad to metal, kt\u00f3ry w ostatnich latach staje si\u0119 coraz bardziej popularny. Charakteryzuje si\u0119 lekko\u015bci\u0105 i elegancj\u0105 i jest idealny dla tych, kt\u00f3rzy preferuj\u0105 pier\u015bcionki o mniejszej wadze. Nasze pier\u015bcionki z palladu 950 s\u0105 idealne dla tych, kt\u00f3rzy chc\u0105 nosi\u0107 pier\u015bcionek, kt\u00f3ry jest wygodny przez ca\u0142y dzie\u0144.<\/p>\n\n<h3 class=\"wp-block-heading\" style=\"font-style:italic;font-weight:200\">Osmium Diamond: odrobina luksusu<\/h3>\n\n<p><br\/>Niekt\u00f3re z naszych pier\u015bcionk\u00f3w z palladu 950 s\u0105 wysadzane diamentami osmowymi, substytutem diamentu, kt\u00f3ry zrobi wra\u017cenie nawet na najbardziej wymagaj\u0105cych mi\u0142o\u015bnikach bi\u017cuterii. Blask i iskrzenie diamentu osmowego nadaj\u0105 pier\u015bcionkowi luksusowy charakter, kt\u00f3ry przyci\u0105gnie uwag\u0119 ka\u017cdego.  <\/p>\n\n<h4 class=\"wp-block-heading\">Uwolnij swoj\u0105 indywidualno\u015b\u0107: poka\u017c sw\u00f3j styl dzi\u0119ki pier\u015bcionkowi z platyny lub palladu<\/h4>\n\n<p>Nasze pier\u015bcionki s\u0105 prawdziwym \u015bwiadectwem Twojej wyj\u0105tkowej osobowo\u015bci i stylu, pozwalaj\u0105c Ci z\u0142o\u017cy\u0107 o\u015bwiadczenie, kt\u00f3re nie ma sobie r\u00f3wnych. Niezale\u017cnie od tego, czy zdecydujesz si\u0119 na elegancki i nowoczesny design, czy na pier\u015bcionek inspirowany krzywiznami, nasza kolekcja oferuje r\u00f3\u017cnorodne opcje, kt\u00f3re zaspokoj\u0105 Tw\u00f3j wymagaj\u0105cy gust.<\/p>\n\n<p>Ozdobiony starannie dobranymi osmowymi kwadratami lub osmowymi diamentami, platynowy lub palladowy pier\u015bcionek bez wysi\u0142ku staje si\u0119 przed\u0142u\u017ceniem Twojej to\u017csamo\u015bci. Jego wszechstronno\u015b\u0107 pozwala \u0142\u0105czy\u0107 go z ka\u017cdym strojem, od codziennych ubra\u0144 po formalne stroje wieczorowe &#8211; dzi\u0119ki czemu jest idealnym dodatkiem na ka\u017cd\u0105 okazj\u0119.<\/p>\n\n<h4 class=\"wp-block-heading\">Dlaczego warto wybra\u0107 pier\u015bcionki platynowe 950 lub pier\u015bcionki palladowe 950 z kwadratem osmowym lub diamentem osmowym?<\/h4>\n\n<p>Wyb\u00f3r pier\u015bcionka zar\u0119czynowego lub obr\u0105czki \u015blubnej to jedna z najwa\u017cniejszych decyzji w \u017cyciu pary. Na stronie <a alt=\"Pier&#x15B;cionki platynowe i palladowe\" href=\"https:\/\/ringe.pro\" target=\"_blank\" rel=\"dofollow noopener\">https:\/\/ringe.pro<\/a> rozumiemy znaczenie tego momentu i staramy si\u0119 zapewni\u0107 najlepsze mo\u017cliwe opcje. Oto kilka powod\u00f3w, dla kt\u00f3rych warto wybra\u0107 nasze platynowe i palladowe pier\u015bcionki z osmowym kwadratem lub osmowym diamentem:<\/p>\n\n<p><strong>\n  <em>Najwy\u017csza jako\u015b\u0107:<\/em>\n<\/strong> Nasze pier\u015bcionki s\u0105 wykonane z najlepszych materia\u0142\u00f3w i przechodz\u0105 rygorystyczne kontrole jako\u015bci, aby mie\u0107 pewno\u015b\u0107, \u017ce spe\u0142ni\u0105 Twoje oczekiwania.<\/p>\n\n<p><strong>\n  <em>Unikalny design:<\/em>\n<\/strong> Ka\u017cdy z naszych pier\u015bcionk\u00f3w to r\u0119cznie wykonane arcydzie\u0142o wykonane przez do\u015bwiadczonego z\u0142otnika. Przywi\u0105zujemy du\u017c\u0105 wag\u0119 do unikalnych wzor\u00f3w, kt\u00f3re sprawiaj\u0105, \u017ce pier\u015bcionek jest czym\u015b wyj\u0105tkowym.<\/p>\n\n<p><strong>\n  <em>Niezr\u00f3wnany blask:<\/em>\n<\/strong> Krystaliczny osm jest znany ze swojego wyj\u0105tkowego blasku. Odbija \u015bwiat\u0142o w spos\u00f3b, kt\u00f3ry stawia diamenty w cieniu. Platynowy pier\u015bcionek z krystalicznym osmem mieni si\u0119 i b\u0142yszczy jak \u017caden inny.<\/p>\n\n<p><strong>\n  <em>Twardszy ni\u017c diament:<\/em>\n<\/strong> Krystaliczny osm jest jednym z najtwardszych materia\u0142\u00f3w na Ziemi. Jest bardziej odporny na zarysowania i zu\u017cycie ni\u017c diamenty. Nawet po latach noszenia pier\u015bcionek b\u0119dzie tak samo promienny jak pierwszego dnia.<\/p>\n\n<p><strong>\n  <em>Ekskluzywno\u015b\u0107:<\/em>\n<\/strong> Poniewa\u017c krystaliczny osm jest niezwykle rzadki, ka\u017cdy platynowy pier\u015bcionek z tym materia\u0142em jest wyj\u0105tkowy. Je\u015bli szukasz bi\u017cuterii, kt\u00f3ra podkre\u015bli Twoj\u0105 wyj\u0105tkowo\u015b\u0107, jest to idealny wyb\u00f3r.<\/p>\n\n<p><strong>\n  <em>Zadowolenie klienta:<\/em>\n<\/strong> Zadowolenie naszych klient\u00f3w jest naszym najwy\u017cszym priorytetem. Jeste\u015bmy dumni z naszej pierwszorz\u0119dnej obs\u0142ugi klienta i zawsze jeste\u015bmy pod r\u0119k\u0105, aby odpowiedzie\u0107 na Twoje pytania i pom\u00f3c Ci wybra\u0107 idealny pier\u015bcionek.<\/p>\n\n<p><strong>\n  <em>Zmiany cen:<\/em>\n<\/strong><a href=\"https:\/\/osmium.pro\/#osmium-preisentwicklung\">Cena<\/a> osmu <a href=\"https:\/\/osmium.pro\/#osmium-preisentwicklung\">stale<\/a> ros\u0142a w ostatnich latach. Ze wzgl\u0119du na swoj\u0105 rzadko\u015b\u0107 i stale rosn\u0105cy popyt, trend cenowy jest wzrostowy.<\/p>\n\n<p><strong>\n  <em>R\u00f3\u017cnorodno\u015b\u0107 wyboru:<\/em>\n<\/strong> Niezale\u017cnie od tego, czy szukasz klasycznego pier\u015bcionka zar\u0119czynowego, obr\u0105czki \u015blubnej czy wyj\u0105tkowego prezentu, nasz asortyment oferuje szerok\u0105 gam\u0119 opcji dopasowanych do Twojego indywidualnego gustu i stylu.<\/p>\n\n<p><strong>\n  <em>Stosunek jako\u015bci do ceny:<\/em>\n<\/strong> W ringe.pro otrzymujesz pierwszorz\u0119dn\u0105 jako\u015b\u0107 w przyst\u0119pnych cenach. Wierzymy, \u017ce ka\u017cdy powinien mie\u0107 prawo do wysokiej jako\u015bci bi\u017cuterii bez rozbijania banku.<\/p>\n\n<figure class=\"wp-block-image size-full is-style-default\"><img data-recalc-dims=\"1\" loading=\"lazy\" decoding=\"async\" width=\"1290\" height=\"368\" src=\"https:\/\/i0.wp.com\/osmium.pro\/wp-content\/uploads\/2023\/09\/ringe_qualitaet.png?resize=1290%2C368&#038;ssl=1\" alt=\"https:\/\/ringe.pro\" class=\"wp-image-3218\" title=\"https:\/\/ringe.pro\" srcset=\"https:\/\/i0.wp.com\/osmium.pro\/wp-content\/uploads\/2023\/09\/ringe_qualitaet.png?w=1433&amp;ssl=1 1433w, https:\/\/i0.wp.com\/osmium.pro\/wp-content\/uploads\/2023\/09\/ringe_qualitaet.png?resize=300%2C86&amp;ssl=1 300w, https:\/\/i0.wp.com\/osmium.pro\/wp-content\/uploads\/2023\/09\/ringe_qualitaet.png?resize=1024%2C292&amp;ssl=1 1024w, https:\/\/i0.wp.com\/osmium.pro\/wp-content\/uploads\/2023\/09\/ringe_qualitaet.png?resize=768%2C219&amp;ssl=1 768w\" sizes=\"auto, (max-width: 1290px) 100vw, 1290px\" \/><figcaption class=\"wp-element-caption\">\u0179r\u00f3d\u0142o: <a href=\"https:\/\/ai4art.eu\" target=\"_blank\" rel=\"noreferrer noopener\">https:\/\/ai4art.eu<\/a><\/figcaption><\/figure>\n\n<h2 class=\"wp-block-heading\" style=\"font-style:italic;font-weight:200\">Tw\u00f3j wymarzony pier\u015bcionek czeka na Ciebie<\/h2>\n\n<p><br\/>Z dum\u0105 oferujemy szerok\u0105 kolekcj\u0119 pier\u015bcionk\u00f3w platynowych 950 i palladowych 950 z Osmium Square lub Osmium Diamond. Jeste\u015bmy przekonani, \u017ce mo\u017cemy przekroczy\u0107 Twoje oczekiwania i pom\u00f3c Ci znale\u017a\u0107 idealny pier\u015bcionek na wyj\u0105tkowy moment w Twoim \u017cyciu.<\/p>\n\n<p>Odkryj nasz\u0105 wyj\u0105tkow\u0105 kolekcj\u0119 ju\u017c dzi\u015b i daj si\u0119 oczarowa\u0107 ponadczasowemu pi\u0119knu i pierwszorz\u0119dnej jako\u015bci. Tw\u00f3j wymarzony pier\u015bcionek czeka na Ciebie na ringe.pro &#8211; Twojego eksperta od najwy\u017cszej klasy bi\u017cuterii.<\/p>\n\n<h3 class=\"wp-block-heading\" style=\"font-style:italic;font-weight:200\"><span style=\"text-decoration: underline;\">Wnioski<\/span><\/h3>\n\n<p>Platynowe pier\u015bcionki 950 i palladowe pier\u015bcionki 950 z kwadratowym osmem lub diamentem osmowym to nie tylko bi\u017cuteria, ale tak\u017ce symbole mi\u0142o\u015bci i oddania. Na ringe.pro znajdziesz wykwintny wyb\u00f3r tych wspania\u0142ych pier\u015bcionk\u00f3w, kt\u00f3re szturmem zdob\u0119d\u0105 Twoje serce. Dzi\u0119ki najwy\u017cszej jako\u015bci, unikalnemu wzornictwu i przyst\u0119pnym cenom, nasze pier\u015bcionki s\u0105 idealnym wyborem na najwa\u017cniejszy moment w \u017cyciu. Odkryj swoje wymarzone pier\u015bcionki ju\u017c dzi\u015b i daj si\u0119 oczarowa\u0107 ponadczasowemu pi\u0119knu.<\/p>\n\n<p>Dzi\u0119ki naszym wysokiej jako\u015bci pier\u015bcionkom z platyny i palladu z osmowymi kwadratami lub osmowymi diamentami bez w\u0105tpienia przyci\u0105gniesz uwag\u0119 wszystkich, poniewa\u017c \u017caden kamie\u0144 szlachetny nie mo\u017ce b\u0142yszcze\u0107 intensywniej i szerzej ni\u017c osm. A jako\u015b\u0107 m\u00f3wi sama za siebie, poniewa\u017c nasze pier\u015bcionki s\u0105 przyk\u0142adem wyj\u0105tkowego kunsztu i ponadczasowej elegancji. Nie czekaj d\u0142u\u017cej &#8211; odwied\u017a <a alt=\"Pier&#x15B;cionki platynowe i palladowe\" href=\"https:\/\/ringe.pro\" target=\"_blank\" rel=\"dofollow noopener\">https:\/\/ringe.pro<\/a> i znajd\u017a sw\u00f3j wymarzony pier\u015bcionek ju\u017c dzi\u015b.<\/p>\n\n<div style=\"height:100px\" aria-hidden=\"true\" class=\"wp-block-spacer\"><\/div>\n","protected":false},"excerpt":{"rendered":"<p>ringe.pro &#8211; Tw\u00f3j ekspert od ekskluzywnych pier\u015bcionk\u00f3w platynowych, palladowych i osmowych W \u015bwiecie wykwintnej bi\u017cuterii, pier\u015bcionki platynowe 950 i pier\u015bcionki palladowe 950 z kwadratem osmowym lub diamentem osmowym s\u0105 synonimem ponadczasowej elegancji i wyj\u0105tkowej jako\u015bci. Je\u015bli szukasz idealnych pier\u015bcionk\u00f3w na specjalne okazje lub jako wyraz Twojej mi\u0142o\u015bci i zaanga\u017cowania, to https:\/\/ringe.pro jest w\u0142a\u015bciwym miejscem dla&#8230;<\/p>\n","protected":false},"author":1,"featured_media":0,"parent":0,"menu_order":0,"comment_status":"closed","ping_status":"closed","template":"","meta":{"tpgb_global_settings":"","_kadence_starter_templates_imported_post":false,"_kad_post_transparent":"","_kad_post_title":"","_kad_post_layout":"","_kad_post_sidebar_id":"","_kad_post_content_style":"","_kad_post_vertical_padding":"","_kad_post_feature":"","_kad_post_feature_position":"","_kad_post_header":false,"_kad_post_footer":false,"_kad_post_classname":"","footnotes":""},"class_list":["post-4956","page","type-page","status-publish","hentry"],"tpgb_featured_images":null,"tpgb_post_meta_info":{"get_date":"2023-09-16","get_modified_date":"2023-11-28","author_name":"Kumm3r3r","author_url":"https:\/\/osmium.pro\/pl\/author\/kumm3r3r\/","author_email":"kummerer@protecting.net","author_website":"https:\/\/osmium.pro","author_description":"","author_facebook":"","author_twitter":"","author_instagram":"","author_role":["administrator"],"author_firstname":"","author_lastname":"","user_login":"Kumm3r3r","comment_count":0,"post_likes":0,"post_views":0},"tpgb_post_category":[],"jetpack_sharing_enabled":true,"_links":{"self":[{"href":"https:\/\/osmium.pro\/pl\/wp-json\/wp\/v2\/pages\/4956","targetHints":{"allow":["GET"]}}],"collection":[{"href":"https:\/\/osmium.pro\/pl\/wp-json\/wp\/v2\/pages"}],"about":[{"href":"https:\/\/osmium.pro\/pl\/wp-json\/wp\/v2\/types\/page"}],"author":[{"embeddable":true,"href":"https:\/\/osmium.pro\/pl\/wp-json\/wp\/v2\/users\/1"}],"replies":[{"embeddable":true,"href":"https:\/\/osmium.pro\/pl\/wp-json\/wp\/v2\/comments?post=4956"}],"version-history":[{"count":1,"href":"https:\/\/osmium.pro\/pl\/wp-json\/wp\/v2\/pages\/4956\/revisions"}],"predecessor-version":[{"id":4957,"href":"https:\/\/osmium.pro\/pl\/wp-json\/wp\/v2\/pages\/4956\/revisions\/4957"}],"wp:attachment":[{"href":"https:\/\/osmium.pro\/pl\/wp-json\/wp\/v2\/media?parent=4956"}],"curies":[{"name":"wp","href":"https:\/\/api.w.org\/{rel}","templated":true}]}}