{"id":4902,"date":"2022-12-26T20:35:58","date_gmt":"2022-12-26T19:35:58","guid":{"rendered":"https:\/\/osmium.pro\/osmium-news\/blog-osmium\/"},"modified":"2023-11-28T12:13:01","modified_gmt":"2023-11-28T11:13:01","slug":"blog-osmium","status":"publish","type":"page","link":"https:\/\/osmium.pro\/pl\/osmium-news\/blog-osmium\/","title":{"rendered":"Blog Osmium"},"content":{"rendered":"\n<div style=\"height:100px\" aria-hidden=\"true\" class=\"wp-block-spacer\"><\/div>\n\n<h1 class=\"wp-block-heading\" style=\"font-style:italic;font-weight:300\">Blog Osmium<\/h1>\n<div  class=\"tpgb-wrap-cc0023  tpgb-wrap-fw  tpgb-anim-dur-normal tpgb-view-animation\" data-animationSetting='{&quot;anime&quot;:{&quot;md&quot;:&quot;fadeIn&quot;,&quot;sm&quot;:&quot;&quot;,&quot;xs&quot;:&quot;&quot;}}' ><div id=\"cc0023\" class=\"tpgb-post-listing tpgb-relative-block    tpgb-block-cc0023 dynamic-style-2 tpgb-isotope layout-style-2 \" data-id=\"cc0023\" data-style=\"dynamic-style-2\"   data-layout=\"masonry\"  data-connection=\"tpgb_search\"   ><div class=\"tpgb-row post-loop-inner\" ><div class=\"grid-item tpgb-col  tpgb-col-lg-6 tpgb-col-md-6 tpgb-col-sm-12 tpgb-col-12\">\r\n<div class=\"dynamic-list-content tpgb-dynamic-tran\">\r\n\t\r\n\t \r\n\t<div class=\"post-content-image\">\r\n\t\t\t<div class=\"tpgb-post-featured-img tpgb-dynamic-tran hover-image-style-1\">\r\n\t\t<a href=\"https:\/\/osmium.pro\/pl\/skrzypce-osmowe\/\" aria-label=\"Skrzypce osmowe\">\r\n\t\t\t<img loading=\"lazy\" decoding=\"async\" width=\"700\" height=\"450\" src=\"https:\/\/i0.wp.com\/osmium.pro\/wp-content\/uploads\/2022\/01\/fox_b.png?fit=700%2C450&amp;ssl=1\" class=\"tpgb-d-block tpgb-post-img tpgb-dynamic-tran wp-post-image\" alt=\"\" srcset=\"https:\/\/i0.wp.com\/osmium.pro\/wp-content\/uploads\/2022\/01\/fox_b.png?w=700&amp;ssl=1 700w, https:\/\/i0.wp.com\/osmium.pro\/wp-content\/uploads\/2022\/01\/fox_b.png?resize=300%2C193&amp;ssl=1 300w\" sizes=\"auto, (max-width: 700px) 100vw, 700px\" \/>\t\t<\/a>\r\n\t<\/div>\t\t\t<\/div>\r\n\t\t\r\n\t<div class=\"tpgb-content-bottom text-center\">\r\n\t\t\t\t\t\t<h3 class=\"tpgb-post-title tpgb-dynamic-tran\">\r\n\t<a href=\"https:\/\/osmium.pro\/pl\/skrzypce-osmowe\/\">Skrzypce osmowe<\/a>\r\n<\/h3>\t\t<div class=\"tpgb-post-hover-content\">\r\n\t\t\t\t<div class=\"tpgb-post-excerpt tpgb-d-block tpgb-dynamic-tran\"><p>Skrzypce osmowe W dniu 30 marca 2023 r. najdro\u017csze na \u015bwiecie, nowo stworzone skrzypce zosta\u0142y po raz pierwszy zaprezentowane publiczno\u015bci w Wiedniu przy zachowaniu najsurowszych \u015brodk\u00f3w bezpiecze\u0144stwa w Post AG. Austriacki lutnik Edgar Russ, pracuj\u0105cy we w\u0142oskiej stolicy skrzypiec Cremonie, pieczo\u0142owicie tworzy\u0142 te wa\u017c\u0105ce 550 gram\u00f3w i mierz\u0105ce 59,5 centymetra skrzypce przez 32 miesi\u0105ce. U\u017cyto&#8230;<\/p><\/div>\r\n<div class=\"post-meta-info post-info-style-2\">\t\r\n\t\t\t    <span class=\"post-meta-date\"><a href=\"https:\/\/osmium.pro\/pl\/skrzypce-osmowe\/\" class=\"tpgb-dynamic-tran post-entry-date\">2023-06-02<\/a><\/span>\r\n<\/div>\r\n\r\n\t\t<\/div>\r\n\t\t\t<\/div>\r\n\t\t<\/div><\/div><div class=\"grid-item tpgb-col  tpgb-col-lg-6 tpgb-col-md-6 tpgb-col-sm-12 tpgb-col-12\">\r\n<div class=\"dynamic-list-content tpgb-dynamic-tran\">\r\n\t\r\n\t \r\n\t<div class=\"post-content-image\">\r\n\t\t\t<div class=\"tpgb-post-featured-img tpgb-dynamic-tran hover-image-style-1\">\r\n\t\t<a href=\"https:\/\/osmium.pro\/pl\/inwestycje-w-aktywa-rzeczowe-osmium-nowy-punkt-odniesienia\/\" aria-label=\"Inwestycje w aktywa rzeczowe Osmium &#8211; nowy punkt odniesienia\">\r\n\t\t\t<img loading=\"lazy\" decoding=\"async\" width=\"700\" height=\"450\" src=\"https:\/\/i0.wp.com\/osmium.pro\/wp-content\/uploads\/2022\/01\/horse_b.png?fit=700%2C450&amp;ssl=1\" class=\"tpgb-d-block tpgb-post-img tpgb-dynamic-tran wp-post-image\" alt=\"\" srcset=\"https:\/\/i0.wp.com\/osmium.pro\/wp-content\/uploads\/2022\/01\/horse_b.png?w=700&amp;ssl=1 700w, https:\/\/i0.wp.com\/osmium.pro\/wp-content\/uploads\/2022\/01\/horse_b.png?resize=300%2C193&amp;ssl=1 300w\" sizes=\"auto, (max-width: 700px) 100vw, 700px\" \/>\t\t<\/a>\r\n\t<\/div>\t\t\t<\/div>\r\n\t\t\r\n\t<div class=\"tpgb-content-bottom text-center\">\r\n\t\t\t\t\t\t<h3 class=\"tpgb-post-title tpgb-dynamic-tran\">\r\n\t<a href=\"https:\/\/osmium.pro\/pl\/inwestycje-w-aktywa-rzeczowe-osmium-nowy-punkt-odniesienia\/\">Inwestycje w aktywa rzeczowe Osmium &#8211; nowy punkt odniesienia<\/a>\r\n<\/h3>\t\t<div class=\"tpgb-post-hover-content\">\r\n\t\t\t\t<div class=\"tpgb-post-excerpt tpgb-d-block tpgb-dynamic-tran\"><p>Inwestycja w aktywa materialne Osmium wyznacza nowe standardy Je\u015bli straci\u0142e\u015b wiar\u0119 w got\u00f3wk\u0119 i chcesz naby\u0107 aktywa materialne o wysokiej g\u0119sto\u015bci warto\u015bci lub wyj\u015b\u0107 z inwestycji w z\u0142oto lub BTC, osm jest w\u0142a\u015bciwym wyborem. W uk\u0142adzie okresowym znajduje si\u0119 osiem metali szlachetnych. Siedem z nich zosta\u0142o wprowadzonych na rynek i s\u0105 ju\u017c rozpoznawalne na ca\u0142ym&#8230;<\/p><\/div>\r\n<div class=\"post-meta-info post-info-style-2\">\t\r\n\t\t\t    <span class=\"post-meta-date\"><a href=\"https:\/\/osmium.pro\/pl\/inwestycje-w-aktywa-rzeczowe-osmium-nowy-punkt-odniesienia\/\" class=\"tpgb-dynamic-tran post-entry-date\">2022-11-10<\/a><\/span>\r\n<\/div>\r\n\r\n\t\t<\/div>\r\n\t\t\t<\/div>\r\n\t\t<\/div><\/div><div class=\"grid-item tpgb-col  tpgb-col-lg-6 tpgb-col-md-6 tpgb-col-sm-12 tpgb-col-12\">\r\n<div class=\"dynamic-list-content tpgb-dynamic-tran\">\r\n\t\r\n\t \r\n\t<div class=\"post-content-image\">\r\n\t\t\t<div class=\"tpgb-post-featured-img tpgb-dynamic-tran hover-image-style-1\">\r\n\t\t<a href=\"https:\/\/osmium.pro\/pl\/osm-najnowszy-metal-szlachetny\/\" aria-label=\"Osm, najnowszy metal szlachetny\">\r\n\t\t\t<img loading=\"lazy\" decoding=\"async\" width=\"700\" height=\"450\" src=\"https:\/\/i0.wp.com\/osmium.pro\/wp-content\/uploads\/2022\/01\/star_b.png?fit=700%2C450&amp;ssl=1\" class=\"tpgb-d-block tpgb-post-img tpgb-dynamic-tran wp-post-image\" alt=\"\" srcset=\"https:\/\/i0.wp.com\/osmium.pro\/wp-content\/uploads\/2022\/01\/star_b.png?w=700&amp;ssl=1 700w, https:\/\/i0.wp.com\/osmium.pro\/wp-content\/uploads\/2022\/01\/star_b.png?resize=300%2C193&amp;ssl=1 300w\" sizes=\"auto, (max-width: 700px) 100vw, 700px\" \/>\t\t<\/a>\r\n\t<\/div>\t\t\t<\/div>\r\n\t\t\r\n\t<div class=\"tpgb-content-bottom text-center\">\r\n\t\t\t\t\t\t<h3 class=\"tpgb-post-title tpgb-dynamic-tran\">\r\n\t<a href=\"https:\/\/osmium.pro\/pl\/osm-najnowszy-metal-szlachetny\/\">Osm, najnowszy metal szlachetny<\/a>\r\n<\/h3>\t\t<div class=\"tpgb-post-hover-content\">\r\n\t\t\t\t<div class=\"tpgb-post-excerpt tpgb-d-block tpgb-dynamic-tran\"><p>Osm, najnowszy metal szlachetny Ka\u017cdy, kto my\u015bli o metalach szlachetnych, zw\u0142aszcza jako o inwestycji lub posiadaniu, cz\u0119sto my\u015bli o z\u0142ocie, platynie lub srebrze. Jednak handel osmem r\u00f3wnie\u017c ro\u015bnie od kilku lat. Metal ten zosta\u0142 odkryty ju\u017c w 1804 roku, ale dopiero w 2013 roku sta\u0142 si\u0119 krystaliczny, a przez to cenny i \u0142atwo zbywalny. Jest&#8230;<\/p><\/div>\r\n<div class=\"post-meta-info post-info-style-2\">\t\r\n\t\t\t    <span class=\"post-meta-date\"><a href=\"https:\/\/osmium.pro\/pl\/osm-najnowszy-metal-szlachetny\/\" class=\"tpgb-dynamic-tran post-entry-date\">2022-09-15<\/a><\/span>\r\n<\/div>\r\n\r\n\t\t<\/div>\r\n\t\t\t<\/div>\r\n\t\t<\/div><\/div><div class=\"grid-item tpgb-col  tpgb-col-lg-6 tpgb-col-md-6 tpgb-col-sm-12 tpgb-col-12\">\r\n<div class=\"dynamic-list-content tpgb-dynamic-tran\">\r\n\t\r\n\t \r\n\t<div class=\"post-content-image\">\r\n\t\t\t<div class=\"tpgb-post-featured-img tpgb-dynamic-tran hover-image-style-1\">\r\n\t\t<a href=\"https:\/\/osmium.pro\/pl\/rynek-osmu-miedzynarodowy-wzrost\/\" aria-label=\"Rynek osmu &#8211; mi\u0119dzynarodowy wzrost\">\r\n\t\t\t<img loading=\"lazy\" decoding=\"async\" width=\"700\" height=\"450\" src=\"https:\/\/i0.wp.com\/osmium.pro\/wp-content\/uploads\/2022\/01\/fox_a.png?fit=700%2C450&amp;ssl=1\" class=\"tpgb-d-block tpgb-post-img tpgb-dynamic-tran wp-post-image\" alt=\"\" srcset=\"https:\/\/i0.wp.com\/osmium.pro\/wp-content\/uploads\/2022\/01\/fox_a.png?w=700&amp;ssl=1 700w, https:\/\/i0.wp.com\/osmium.pro\/wp-content\/uploads\/2022\/01\/fox_a.png?resize=300%2C193&amp;ssl=1 300w\" sizes=\"auto, (max-width: 700px) 100vw, 700px\" \/>\t\t<\/a>\r\n\t<\/div>\t\t\t<\/div>\r\n\t\t\r\n\t<div class=\"tpgb-content-bottom text-center\">\r\n\t\t\t\t\t\t<h3 class=\"tpgb-post-title tpgb-dynamic-tran\">\r\n\t<a href=\"https:\/\/osmium.pro\/pl\/rynek-osmu-miedzynarodowy-wzrost\/\">Rynek osmu &#8211; mi\u0119dzynarodowy wzrost<\/a>\r\n<\/h3>\t\t<div class=\"tpgb-post-hover-content\">\r\n\t\t\t\t<div class=\"tpgb-post-excerpt tpgb-d-block tpgb-dynamic-tran\"><p>Rosn\u0105cy mi\u0119dzynarodowy rynek osmu Przegl\u0105d rosn\u0105cego mi\u0119dzynarodowego rynku osmu Osm w swojej krystalicznej formie sta\u0142 si\u0119 gwiazd\u0105 na rynku metali szlachetnych. W ci\u0105gu o\u015bmiu lat od odkrycia jego krystalicznej formy, najrzadszy, najcenniejszy i prawdopodobnie najpi\u0119kniejszy metal szlachetny sta\u0142 si\u0119 najpopularniejszym metalem szlachetnym, jaki mo\u017cna dzi\u015b kupi\u0107. Wa\u017cne produkty zar\u00f3wno w bran\u017cy technicznej, jak i budowlanej&#8230;<\/p><\/div>\r\n<div class=\"post-meta-info post-info-style-2\">\t\r\n\t\t\t    <span class=\"post-meta-date\"><a href=\"https:\/\/osmium.pro\/pl\/rynek-osmu-miedzynarodowy-wzrost\/\" class=\"tpgb-dynamic-tran post-entry-date\">2022-06-20<\/a><\/span>\r\n<\/div>\r\n\r\n\t\t<\/div>\r\n\t\t\t<\/div>\r\n\t\t<\/div><\/div><div class=\"grid-item tpgb-col  tpgb-col-lg-6 tpgb-col-md-6 tpgb-col-sm-12 tpgb-col-12\">\r\n<div class=\"dynamic-list-content tpgb-dynamic-tran\">\r\n\t\r\n\t \r\n\t<div class=\"post-content-image\">\r\n\t\t\t<div class=\"tpgb-post-featured-img tpgb-dynamic-tran hover-image-style-1\">\r\n\t\t<a href=\"https:\/\/osmium.pro\/pl\/osm-najrzadszy-metal-na-swiecie\/\" aria-label=\"Osm &#8211; najrzadszy metal na \u015bwiecie\">\r\n\t\t\t<img loading=\"lazy\" decoding=\"async\" width=\"700\" height=\"450\" src=\"https:\/\/i0.wp.com\/osmium.pro\/wp-content\/uploads\/2022\/01\/hirsch_b.png?fit=700%2C450&amp;ssl=1\" class=\"tpgb-d-block tpgb-post-img tpgb-dynamic-tran wp-post-image\" alt=\"\" srcset=\"https:\/\/i0.wp.com\/osmium.pro\/wp-content\/uploads\/2022\/01\/hirsch_b.png?w=700&amp;ssl=1 700w, https:\/\/i0.wp.com\/osmium.pro\/wp-content\/uploads\/2022\/01\/hirsch_b.png?resize=300%2C193&amp;ssl=1 300w\" sizes=\"auto, (max-width: 700px) 100vw, 700px\" \/>\t\t<\/a>\r\n\t<\/div>\t\t\t<\/div>\r\n\t\t\r\n\t<div class=\"tpgb-content-bottom text-center\">\r\n\t\t\t\t\t\t<h3 class=\"tpgb-post-title tpgb-dynamic-tran\">\r\n\t<a href=\"https:\/\/osmium.pro\/pl\/osm-najrzadszy-metal-na-swiecie\/\">Osm &#8211; najrzadszy metal na \u015bwiecie<\/a>\r\n<\/h3>\t\t<div class=\"tpgb-post-hover-content\">\r\n\t\t\t\t<div class=\"tpgb-post-excerpt tpgb-d-block tpgb-dynamic-tran\"><p>Osm &#8211; najrzadszy metal na \u015bwiecie Najrzadszy metal na \u015bwiecie Wyst\u0119powanie osmu jest znikome, a jego ekstrakcja jest d\u0142ugotrwa\u0142a i kosztowna. Cho\u0107 zosta\u0142 odkryty ponad 200 lat temu, nigdy nie sta\u0142 si\u0119 popularnym metalem przemys\u0142owym ani luksusowym ze wzgl\u0119du na swoj\u0105 rzadko\u015b\u0107 i toksyczno\u015b\u0107 surowej postaci. Dopiero w 2013 roku, po latach intensywnych bada\u0144, odkryto&#8230;<\/p><\/div>\r\n<div class=\"post-meta-info post-info-style-2\">\t\r\n\t\t\t    <span class=\"post-meta-date\"><a href=\"https:\/\/osmium.pro\/pl\/osm-najrzadszy-metal-na-swiecie\/\" class=\"tpgb-dynamic-tran post-entry-date\">2022-04-04<\/a><\/span>\r\n<\/div>\r\n\r\n\t\t<\/div>\r\n\t\t\t<\/div>\r\n\t\t<\/div><\/div><div class=\"grid-item tpgb-col  tpgb-col-lg-6 tpgb-col-md-6 tpgb-col-sm-12 tpgb-col-12\">\r\n<div class=\"dynamic-list-content tpgb-dynamic-tran\">\r\n\t\r\n\t \r\n\t<div class=\"post-content-image\">\r\n\t\t\t<div class=\"tpgb-post-featured-img tpgb-dynamic-tran hover-image-style-1\">\r\n\t\t<a href=\"https:\/\/osmium.pro\/pl\/osm-sloneczny-pierwiastek\/\" aria-label=\"Osm &#8211; &#8222;s\u0142oneczny pierwiastek&#8221;\">\r\n\t\t\t<img loading=\"lazy\" decoding=\"async\" width=\"700\" height=\"450\" src=\"https:\/\/i0.wp.com\/osmium.pro\/wp-content\/uploads\/2022\/01\/spatz_a.png?fit=700%2C450&amp;ssl=1\" class=\"tpgb-d-block tpgb-post-img tpgb-dynamic-tran wp-post-image\" alt=\"\" srcset=\"https:\/\/i0.wp.com\/osmium.pro\/wp-content\/uploads\/2022\/01\/spatz_a.png?w=700&amp;ssl=1 700w, https:\/\/i0.wp.com\/osmium.pro\/wp-content\/uploads\/2022\/01\/spatz_a.png?resize=300%2C193&amp;ssl=1 300w\" sizes=\"auto, (max-width: 700px) 100vw, 700px\" \/>\t\t<\/a>\r\n\t<\/div>\t\t\t<\/div>\r\n\t\t\r\n\t<div class=\"tpgb-content-bottom text-center\">\r\n\t\t\t\t\t\t<h3 class=\"tpgb-post-title tpgb-dynamic-tran\">\r\n\t<a href=\"https:\/\/osmium.pro\/pl\/osm-sloneczny-pierwiastek\/\">Osm &#8211; &#8222;s\u0142oneczny pierwiastek&#8221;<\/a>\r\n<\/h3>\t\t<div class=\"tpgb-post-hover-content\">\r\n\t\t\t\t<div class=\"tpgb-post-excerpt tpgb-d-block tpgb-dynamic-tran\"><p>Osm &#8211; &#8222;s\u0142oneczny pierwiastek&#8221; Metale szlachetne zawsze by\u0142y atrakcyjne dla inwestor\u00f3w ze wzgl\u0119du na ich wewn\u0119trzn\u0105 warto\u015b\u0107. Pandemia pokaza\u0142a, \u017ce w czasach kryzysu ludzie wracaj\u0105 do inwestycji, kt\u00f3re s\u0105 im znane i na kt\u00f3rych mogli polega\u0107 od wiek\u00f3w: Z\u0142oto, srebro, platyna i pallad to pierwsze nazwy, kt\u00f3re przychodz\u0105 na my\u015bl. Ale czy wiesz, \u017ce istnieje&#8230;<\/p><\/div>\r\n<div class=\"post-meta-info post-info-style-2\">\t\r\n\t\t\t    <span class=\"post-meta-date\"><a href=\"https:\/\/osmium.pro\/pl\/osm-sloneczny-pierwiastek\/\" class=\"tpgb-dynamic-tran post-entry-date\">2022-01-26<\/a><\/span>\r\n<\/div>\r\n\r\n\t\t<\/div>\r\n\t\t\t<\/div>\r\n\t\t<\/div><\/div><\/div><\/div><\/div>\n<div style=\"height:100px\" aria-hidden=\"true\" class=\"wp-block-spacer\"><\/div>\n","protected":false},"excerpt":{"rendered":"<p>Blog Osmium<\/p>\n","protected":false},"author":1,"featured_media":0,"parent":4886,"menu_order":0,"comment_status":"closed","ping_status":"closed","template":"","meta":{"tpgb_global_settings":"","_kadence_starter_templates_imported_post":false,"_kad_post_transparent":"","_kad_post_title":"","_kad_post_layout":"","_kad_post_sidebar_id":"","_kad_post_content_style":"","_kad_post_vertical_padding":"","_kad_post_feature":"","_kad_post_feature_position":"","_kad_post_header":false,"_kad_post_footer":false,"_kad_post_classname":"","footnotes":""},"class_list":["post-4902","page","type-page","status-publish","hentry"],"tpgb_featured_images":null,"tpgb_post_meta_info":{"get_date":"2022-12-26","get_modified_date":"2023-11-28","author_name":"Kumm3r3r","author_url":"https:\/\/osmium.pro\/pl\/author\/kumm3r3r\/","author_email":"kummerer@protecting.net","author_website":"https:\/\/osmium.pro","author_description":"","author_facebook":"","author_twitter":"","author_instagram":"","author_role":["administrator"],"author_firstname":"","author_lastname":"","user_login":"Kumm3r3r","comment_count":0,"post_likes":0,"post_views":0},"tpgb_post_category":[],"jetpack_sharing_enabled":true,"_links":{"self":[{"href":"https:\/\/osmium.pro\/pl\/wp-json\/wp\/v2\/pages\/4902","targetHints":{"allow":["GET"]}}],"collection":[{"href":"https:\/\/osmium.pro\/pl\/wp-json\/wp\/v2\/pages"}],"about":[{"href":"https:\/\/osmium.pro\/pl\/wp-json\/wp\/v2\/types\/page"}],"author":[{"embeddable":true,"href":"https:\/\/osmium.pro\/pl\/wp-json\/wp\/v2\/users\/1"}],"replies":[{"embeddable":true,"href":"https:\/\/osmium.pro\/pl\/wp-json\/wp\/v2\/comments?post=4902"}],"version-history":[{"count":1,"href":"https:\/\/osmium.pro\/pl\/wp-json\/wp\/v2\/pages\/4902\/revisions"}],"predecessor-version":[{"id":4903,"href":"https:\/\/osmium.pro\/pl\/wp-json\/wp\/v2\/pages\/4902\/revisions\/4903"}],"up":[{"embeddable":true,"href":"https:\/\/osmium.pro\/pl\/wp-json\/wp\/v2\/pages\/4886"}],"wp:attachment":[{"href":"https:\/\/osmium.pro\/pl\/wp-json\/wp\/v2\/media?parent=4902"}],"curies":[{"name":"wp","href":"https:\/\/api.w.org\/{rel}","templated":true}]}}