{"id":4790,"date":"2022-12-04T20:54:00","date_gmt":"2022-12-04T19:54:00","guid":{"rendered":"https:\/\/osmium.pro\/nadruk\/"},"modified":"2023-11-28T11:32:53","modified_gmt":"2023-11-28T10:32:53","slug":"nadruk","status":"publish","type":"page","link":"https:\/\/osmium.pro\/pl\/nadruk\/","title":{"rendered":"Nadruk"},"content":{"rendered":"\n<div style=\"height:100px\" aria-hidden=\"true\" class=\"wp-block-spacer\"><\/div>\n\n<h1 class=\"wp-block-heading\" style=\"font-style:italic;font-weight:200\">Nadruk<\/h1>\n\n<h3 class=\"wp-block-heading\">Informacje zgodnie z \u00a7 5 TMG (Telemediengesetz)<\/h3>\n<style>#kt-layout-id_01a2bc-2e > .kt-row-column-wrap{align-content:start;}:where(#kt-layout-id_01a2bc-2e > .kt-row-column-wrap) > .wp-block-kadence-column{justify-content:start;}#kt-layout-id_01a2bc-2e > .kt-row-column-wrap{column-gap:var(--global-kb-gap-md, 2rem);row-gap:var(--global-kb-gap-md, 2rem);padding-top:var( --global-kb-row-default-top, 25px );padding-bottom:var( --global-kb-row-default-bottom, 25px );padding-top:var(--global-kb-spacing-sm, 1.5rem);padding-bottom:var(--global-kb-spacing-sm, 1.5rem);}#kt-layout-id_01a2bc-2e > .kt-row-column-wrap > div:not(.added-for-specificity){grid-column:initial;}#kt-layout-id_01a2bc-2e > .kt-row-column-wrap{grid-template-columns:repeat(3, minmax(0, 1fr));}#kt-layout-id_01a2bc-2e > .kt-row-layout-overlay{opacity:0.30;}@media all and (max-width: 1024px){#kt-layout-id_01a2bc-2e > .kt-row-column-wrap > div:not(.added-for-specificity){grid-column:initial;}}@media all and (max-width: 1024px){#kt-layout-id_01a2bc-2e > .kt-row-column-wrap{grid-template-columns:repeat(3, minmax(0, 1fr));}}@media all and (max-width: 767px){#kt-layout-id_01a2bc-2e > .kt-row-column-wrap > div:not(.added-for-specificity){grid-column:initial;}#kt-layout-id_01a2bc-2e > .kt-row-column-wrap{grid-template-columns:minmax(0, 1fr);}}<\/style>\n<div class=\"wp-block-kadence-rowlayout alignnone\"><div id=\"kt-layout-id_01a2bc-2e\" class=\"kt-row-layout-inner kt-layout-id_01a2bc-2e\"><div class=\"kt-row-column-wrap kt-has-3-columns kt-gutter-default kt-v-gutter-default kt-row-valign-top kt-row-layout-equal kt-tab-layout-inherit kt-m-colapse-left-to-right kt-mobile-layout-row\"><style>.kadence-column_1659bf-71 > .kt-inside-inner-col{border-top-width:0px;border-right-width:0px;border-bottom-width:0px;border-left-width:0px;}.kadence-column_1659bf-71 > .kt-inside-inner-col,.kadence-column_1659bf-71 > .kt-inside-inner-col:before{border-top-left-radius:0px;border-top-right-radius:0px;border-bottom-right-radius:0px;border-bottom-left-radius:0px;}.kadence-column_1659bf-71 > .kt-inside-inner-col{column-gap:var(--global-kb-gap-sm, 1rem);}.kadence-column_1659bf-71 > .kt-inside-inner-col{flex-direction:column;}.kadence-column_1659bf-71 > .kt-inside-inner-col > .aligncenter{width:100%;}.kadence-column_1659bf-71 > .kt-inside-inner-col:before{opacity:0.3;}.kadence-column_1659bf-71{position:relative;}@media all and (max-width: 1024px){.kadence-column_1659bf-71 > .kt-inside-inner-col{flex-direction:column;justify-content:center;}}@media all and (max-width: 767px){.kadence-column_1659bf-71 > .kt-inside-inner-col{flex-direction:column;justify-content:center;}}<\/style>\n<div class=\"wp-block-kadence-column inner-column-1 kadence-column_1659bf-71\"><div class=\"kt-inside-inner-col\">\n<p><strong>Protecting Internet Services GmbH<\/strong><br\/>Kriegsstra\u00dfe 172<br\/>D-76133 Karlsruhe<br\/>Niemcy<br\/>Telefon +49 (0)721 920 3879<br\/>Faks +49 (0)721 920 3878<\/p>\n<\/div><\/div>\n\n\n<style>.kadence-column_1bf808-0b > .kt-inside-inner-col{border-top-width:0px;border-right-width:0px;border-bottom-width:0px;border-left-width:0px;}.kadence-column_1bf808-0b > .kt-inside-inner-col,.kadence-column_1bf808-0b > .kt-inside-inner-col:before{border-top-left-radius:0px;border-top-right-radius:0px;border-bottom-right-radius:0px;border-bottom-left-radius:0px;}.kadence-column_1bf808-0b > .kt-inside-inner-col{column-gap:var(--global-kb-gap-sm, 1rem);}.kadence-column_1bf808-0b > .kt-inside-inner-col{flex-direction:column;}.kadence-column_1bf808-0b > .kt-inside-inner-col > .aligncenter{width:100%;}.kadence-column_1bf808-0b > .kt-inside-inner-col:before{opacity:0.3;}.kadence-column_1bf808-0b{position:relative;}@media all and (max-width: 1024px){.kadence-column_1bf808-0b > .kt-inside-inner-col{flex-direction:column;justify-content:center;}}@media all and (max-width: 767px){.kadence-column_1bf808-0b > .kt-inside-inner-col{flex-direction:column;justify-content:center;}}<\/style>\n<div class=\"wp-block-kadence-column inner-column-2 kadence-column_1bf808-0b\"><div class=\"kt-inside-inner-col\">\n<p>Upowa\u017cniony dyrektor zarz\u0105dzaj\u0105cy<br\/>Uwe Kummerer<br\/>S\u0105d rejestrowy S\u0105d rejonowy w Mannheim<br\/>Numer rejestru HRB 104428<\/p>\n<\/div><\/div>\n\n\n<style>.kadence-column_346ea9-20 > .kt-inside-inner-col{border-top-width:0px;border-right-width:0px;border-bottom-width:0px;border-left-width:0px;}.kadence-column_346ea9-20 > .kt-inside-inner-col,.kadence-column_346ea9-20 > .kt-inside-inner-col:before{border-top-left-radius:0px;border-top-right-radius:0px;border-bottom-right-radius:0px;border-bottom-left-radius:0px;}.kadence-column_346ea9-20 > .kt-inside-inner-col{column-gap:var(--global-kb-gap-sm, 1rem);}.kadence-column_346ea9-20 > .kt-inside-inner-col{flex-direction:column;}.kadence-column_346ea9-20 > .kt-inside-inner-col > .aligncenter{width:100%;}.kadence-column_346ea9-20 > .kt-inside-inner-col:before{opacity:0.3;}.kadence-column_346ea9-20{position:relative;}@media all and (max-width: 1024px){.kadence-column_346ea9-20 > .kt-inside-inner-col{flex-direction:column;justify-content:center;}}@media all and (max-width: 767px){.kadence-column_346ea9-20 > .kt-inside-inner-col{flex-direction:column;justify-content:center;}}<\/style>\n<div class=\"wp-block-kadence-column inner-column-3 kadence-column_346ea9-20\"><div class=\"kt-inside-inner-col\">\n<p>Numer identyfikacyjny VAT zgodnie z \u00a7 27 a<br\/>Ustawa o podatku od warto\u015bci dodanej DE143602198<br\/><strong>e-mail<\/strong><br\/><a href=\"mailto:info@protecting.net\">info@protecting.net<\/a><\/p>\n<\/div><\/div>\n<\/div><\/div><\/div>\n<style>#kt-layout-id_c703bb-d2 > .kt-row-column-wrap{align-content:start;}:where(#kt-layout-id_c703bb-d2 > .kt-row-column-wrap) > .wp-block-kadence-column{justify-content:start;}#kt-layout-id_c703bb-d2 > .kt-row-column-wrap{column-gap:var(--global-kb-gap-md, 2rem);row-gap:var(--global-kb-gap-md, 2rem);padding-top:var( --global-kb-row-default-top, 25px );padding-bottom:var( --global-kb-row-default-bottom, 25px );padding-top:var(--global-kb-spacing-sm, 1.5rem);padding-bottom:var(--global-kb-spacing-sm, 1.5rem);grid-template-columns:minmax(0, 1fr);}#kt-layout-id_c703bb-d2 > .kt-row-layout-overlay{opacity:0.30;}@media all and (max-width: 1024px){#kt-layout-id_c703bb-d2 > .kt-row-column-wrap{grid-template-columns:minmax(0, 1fr);}}@media all and (max-width: 767px){#kt-layout-id_c703bb-d2 > .kt-row-column-wrap{grid-template-columns:minmax(0, 1fr);}}<\/style>\n<div class=\"wp-block-kadence-rowlayout alignnone\"><div id=\"kt-layout-id_c703bb-d2\" class=\"kt-row-layout-inner kt-layout-id_c703bb-d2\"><div class=\"kt-row-column-wrap kt-has-1-columns kt-gutter-default kt-v-gutter-default kt-row-valign-top kt-row-layout-equal kt-tab-layout-inherit kt-m-colapse-left-to-right kt-mobile-layout-row\"><style>.kadence-column_96664d-71 > .kt-inside-inner-col{border-top-width:0px;border-right-width:0px;border-bottom-width:0px;border-left-width:0px;}.kadence-column_96664d-71 > .kt-inside-inner-col,.kadence-column_96664d-71 > .kt-inside-inner-col:before{border-top-left-radius:0px;border-top-right-radius:0px;border-bottom-right-radius:0px;border-bottom-left-radius:0px;}.kadence-column_96664d-71 > .kt-inside-inner-col{column-gap:var(--global-kb-gap-sm, 1rem);}.kadence-column_96664d-71 > .kt-inside-inner-col{flex-direction:column;}.kadence-column_96664d-71 > .kt-inside-inner-col > .aligncenter{width:100%;}.kadence-column_96664d-71 > .kt-inside-inner-col:before{opacity:0.3;}.kadence-column_96664d-71{position:relative;}@media all and (max-width: 1024px){.kadence-column_96664d-71 > .kt-inside-inner-col{flex-direction:column;justify-content:center;}}@media all and (max-width: 767px){.kadence-column_96664d-71 > .kt-inside-inner-col{flex-direction:column;justify-content:center;}}<\/style>\n<div class=\"wp-block-kadence-column inner-column-1 kadence-column_96664d-71\"><div class=\"kt-inside-inner-col\">\n<h3 class=\"wp-block-heading\">Wy\u0142\u0105czenie odpowiedzialno\u015bci (disclaimer):<\/h3>\n\n\n\n<h4 class=\"wp-block-heading\">Odpowiedzialno\u015b\u0107 za tre\u015b\u0107<\/h4>\n\n\n\n<p>Jako dostawca us\u0142ug jeste\u015bmy zobowi\u0105zani zgodnie z \u00a7 7 Abs.1 TMG ponosi odpowiedzialno\u015b\u0107 za w\u0142asne tre\u015bci na tych stronach zgodnie z og\u00f3lnymi przepisami prawa. Zgodnie z \u00a7\u00a7 8 do 10 TMG, jako us\u0142ugodawca nie jeste\u015bmy jednak zobowi\u0105zani do monitorowania przekazywanych lub przechowywanych informacji os\u00f3b trzecich ani do badania okoliczno\u015bci wskazuj\u0105cych na nielegaln\u0105 dzia\u0142alno\u015b\u0107. Nie ma to wp\u0142ywu na zobowi\u0105zania do usuni\u0119cia lub zablokowania korzystania z informacji zgodnie z og\u00f3lnymi przepisami prawa. Odpowiedzialno\u015b\u0107 w tym zakresie jest jednak mo\u017cliwa dopiero od momentu uzyskania wiedzy o konkretnym naruszeniu. Gdy tylko dowiemy si\u0119 o takich naruszeniach, natychmiast usuniemy te tre\u015bci.<\/p>\n\n\n\n<h4 class=\"wp-block-heading\">Odpowiedzialno\u015b\u0107 za linki<\/h4>\n\n\n\n<p>Nasza strona internetowa zawiera linki do zewn\u0119trznych stron internetowych os\u00f3b trzecich, na kt\u00f3rych tre\u015b\u0107 nie mamy wp\u0142ywu. W zwi\u0105zku z tym nie ponosimy \u017cadnej odpowiedzialno\u015bci za tre\u015bci pochodz\u0105ce od os\u00f3b trzecich. Odpowiedni dostawca lub operator stron jest zawsze odpowiedzialny za tre\u015b\u0107 stron, do kt\u00f3rych prowadz\u0105 linki. Po\u0142\u0105czone strony zosta\u0142y sprawdzone pod k\u0105tem mo\u017cliwych narusze\u0144 prawa w momencie ich \u0142\u0105czenia. Nielegalna zawarto\u015b\u0107 nie by\u0142a rozpoznawalna w momencie linkowania. Sta\u0142e monitorowanie tre\u015bci stron, do kt\u00f3rych prowadz\u0105 linki, nie jest jednak uzasadnione bez konkretnych dowod\u00f3w naruszenia. Je\u015bli dowiemy si\u0119 o jakichkolwiek naruszeniach prawa, natychmiast usuniemy takie linki.<\/p>\n\n\n\n<h4 class=\"wp-block-heading\">Prawa autorskie<\/h4>\n\n\n\n<p>Tre\u015bci i dzie\u0142a stworzone przez operator\u00f3w witryn na tych stronach podlegaj\u0105 niemieckiemu prawu autorskiemu. Powielanie, edytowanie, rozpowszechnianie i wszelkiego rodzaju wykorzystywanie poza granicami prawa autorskiego wymaga pisemnej zgody odpowiedniego autora lub tw\u00f3rcy. Pobieranie i kopiowanie niniejszej witryny jest dozwolone wy\u0142\u0105cznie do prywatnego, niekomercyjnego u\u017cytku. O ile tre\u015bci na tej stronie nie zosta\u0142y stworzone przez operatora, prawa autorskie os\u00f3b trzecich s\u0105 przestrzegane. W szczeg\u00f3lno\u015bci tre\u015bci os\u00f3b trzecich s\u0105 oznaczone jako takie. Je\u015bli mimo to dowiesz si\u0119 o naruszeniu praw autorskich, poinformuj nas o tym. Je\u015bli dowiemy si\u0119 o jakichkolwiek naruszeniach prawa, niezw\u0142ocznie usuniemy takie tre\u015bci.<\/p>\n<\/div><\/div>\n<\/div><\/div><\/div>\n\n<div style=\"height:100px\" aria-hidden=\"true\" class=\"wp-block-spacer\"><\/div>\n","protected":false},"excerpt":{"rendered":"<p>Nadruk Informacje zgodnie z \u00a7 5 TMG (Telemediengesetz) Protecting Internet Services GmbHKriegsstra\u00dfe 172D-76133 KarlsruheNiemcyTelefon +49 (0)721 920 3879Faks +49 (0)721 920 3878 Upowa\u017cniony dyrektor zarz\u0105dzaj\u0105cyUwe KummererS\u0105d rejestrowy S\u0105d rejonowy w MannheimNumer rejestru HRB 104428 Numer identyfikacyjny VAT zgodnie z \u00a7 27 aUstawa o podatku od warto\u015bci dodanej DE143602198e-mailinfo@protecting.net Wy\u0142\u0105czenie odpowiedzialno\u015bci (disclaimer): Odpowiedzialno\u015b\u0107 za tre\u015b\u0107 Jako&#8230;<\/p>\n","protected":false},"author":1,"featured_media":0,"parent":0,"menu_order":0,"comment_status":"closed","ping_status":"closed","template":"","meta":{"tpgb_global_settings":"","_kadence_starter_templates_imported_post":false,"_kad_post_transparent":"","_kad_post_title":"","_kad_post_layout":"","_kad_post_sidebar_id":"","_kad_post_content_style":"","_kad_post_vertical_padding":"","_kad_post_feature":"","_kad_post_feature_position":"","_kad_post_header":false,"_kad_post_footer":false,"_kad_post_classname":"","footnotes":""},"class_list":["post-4790","page","type-page","status-publish","hentry"],"tpgb_featured_images":null,"tpgb_post_meta_info":{"get_date":"2022-12-04","get_modified_date":"2023-11-28","author_name":"Kumm3r3r","author_url":"https:\/\/osmium.pro\/pl\/author\/kumm3r3r\/","author_email":"kummerer@protecting.net","author_website":"https:\/\/osmium.pro","author_description":"","author_facebook":"","author_twitter":"","author_instagram":"","author_role":["administrator"],"author_firstname":"","author_lastname":"","user_login":"Kumm3r3r","comment_count":0,"post_likes":0,"post_views":0},"tpgb_post_category":[],"jetpack_sharing_enabled":true,"_links":{"self":[{"href":"https:\/\/osmium.pro\/pl\/wp-json\/wp\/v2\/pages\/4790","targetHints":{"allow":["GET"]}}],"collection":[{"href":"https:\/\/osmium.pro\/pl\/wp-json\/wp\/v2\/pages"}],"about":[{"href":"https:\/\/osmium.pro\/pl\/wp-json\/wp\/v2\/types\/page"}],"author":[{"embeddable":true,"href":"https:\/\/osmium.pro\/pl\/wp-json\/wp\/v2\/users\/1"}],"replies":[{"embeddable":true,"href":"https:\/\/osmium.pro\/pl\/wp-json\/wp\/v2\/comments?post=4790"}],"version-history":[{"count":3,"href":"https:\/\/osmium.pro\/pl\/wp-json\/wp\/v2\/pages\/4790\/revisions"}],"predecessor-version":[{"id":4805,"href":"https:\/\/osmium.pro\/pl\/wp-json\/wp\/v2\/pages\/4790\/revisions\/4805"}],"wp:attachment":[{"href":"https:\/\/osmium.pro\/pl\/wp-json\/wp\/v2\/media?parent=4790"}],"curies":[{"name":"wp","href":"https:\/\/api.w.org\/{rel}","templated":true}]}}