{"id":4954,"date":"2023-09-16T14:08:44","date_gmt":"2023-09-16T12:08:44","guid":{"rendered":"https:\/\/osmium.pro\/anello-in-platino-950\/"},"modified":"2023-11-28T13:51:36","modified_gmt":"2023-11-28T12:51:36","slug":"anello-in-platino-950","status":"publish","type":"page","link":"https:\/\/osmium.pro\/it\/anello-in-platino-950\/","title":{"rendered":"Anello in platino 950"},"content":{"rendered":"\n<div style=\"height:100px\" aria-hidden=\"true\" class=\"wp-block-spacer\"><\/div>\n\n<h1 class=\"wp-block-heading\" style=\"font-style:italic;font-weight:200\">ringe.pro &#8211; Il vostro esperto per anelli esclusivi in platino, palladio e osmio<\/h1>\n\n<p><br\/>Nel mondo della gioielleria di pregio, gli anelli in platino 950 e gli anelli in palladio 950 con quadrato in osmio o diamante in osmio sono sinonimo di eleganza senza tempo e qualit\u00e0 eccezionale. Se siete alla ricerca degli anelli perfetti per le occasioni speciali o come espressione del vostro amore e impegno, allora <a alt=\"Anelli in platino e palladio\" href=\"https:\/\/ringe.pro\" target=\"_blank\" rel=\"dofollow noopener\">https:\/\/ringe.pro<\/a> \u00e8 il posto giusto per voi. Il nostro negozio online vi offre una squisita selezione di anelli in platino e palladio di alta qualit\u00e0 con Osmium Square o Osmium Diamond che supereranno le vostre aspettative.<\/p>\n\n<h2 class=\"wp-block-heading\" style=\"font-style:italic;font-weight:200\">L&#8217;eleganza degli anelli in platino 950<\/h2>\n\n<h3 class=\"wp-block-heading\" style=\"font-style:italic;font-weight:200\">Qualit\u00e0 ineguagliabile<\/h3>\n\n<p><br\/>I nostri anelli in platino 950 sono realizzati con il platino pi\u00f9 puro disponibile sul mercato. Inoltre, al platino viene aggiunto l&#8217;oro 25\/1.000, che caratterizza l&#8217;anello in platino come prodotto metallico ipoallergenico. Questo metallo eccezionale si distingue anche per la sua notevole durezza e durata, che lo rendono una scelta ideale per i gioielli destinati a durare nel tempo. Se siete alla ricerca di un anello unico come il vostro amore, il platino \u00e8 la scelta perfetta.<\/p>\n\n<div class=\"wp-block-columns is-layout-flex wp-container-core-columns-is-layout-9d6595d7 wp-block-columns-is-layout-flex\">\n<div class=\"wp-block-column is-layout-flow wp-block-column-is-layout-flow\"><style>.kb-image3155_128ac7-c1 .kb-image-has-overlay:after{opacity:0.3;border-top-left-radius:80px;border-bottom-right-radius:80px;}.kb-image3155_128ac7-c1 img.kb-img, .kb-image3155_128ac7-c1 .kb-img img{border-top:1px solid var(--global-palette6, #718096);border-right:1px solid var(--global-palette6, #718096);border-bottom:1px solid var(--global-palette6, #718096);border-left:1px solid var(--global-palette6, #718096);border-top-left-radius:80px;border-bottom-right-radius:80px;box-shadow:0px 0px 14px 0px rgba(0, 0, 0, 0.2);}@media all and (max-width: 1024px){.kb-image3155_128ac7-c1 img.kb-img, .kb-image3155_128ac7-c1 .kb-img img{border-top:1px solid var(--global-palette6, #718096);border-right:1px solid var(--global-palette6, #718096);border-bottom:1px solid var(--global-palette6, #718096);border-left:1px solid var(--global-palette6, #718096);}}@media all and (max-width: 767px){.kb-image3155_128ac7-c1 img.kb-img, .kb-image3155_128ac7-c1 .kb-img img{border-top:1px solid var(--global-palette6, #718096);border-right:1px solid var(--global-palette6, #718096);border-bottom:1px solid var(--global-palette6, #718096);border-left:1px solid var(--global-palette6, #718096);}}<\/style>\n<figure class=\"wp-block-kadence-image kb-image3155_128ac7-c1 is-style-default\"><img data-recalc-dims=\"1\" loading=\"lazy\" decoding=\"async\" width=\"1024\" height=\"1024\" src=\"https:\/\/i0.wp.com\/osmium.pro\/wp-content\/uploads\/2023\/09\/platin-aussen-flach-innen-gewoelbt-osmium-square.png?resize=1024%2C1024&#038;ssl=1\" alt=\"Anello in platino 950 con oro 25 e osmio Anello quadrato in osmio\" class=\"kb-img wp-image-3167\" title=\"Anello in platino 950 con oro 25 e osmio Anello quadrato in osmio\" srcset=\"https:\/\/i0.wp.com\/osmium.pro\/wp-content\/uploads\/2023\/09\/platin-aussen-flach-innen-gewoelbt-osmium-square.png?resize=1024%2C1024&amp;ssl=1 1024w, https:\/\/i0.wp.com\/osmium.pro\/wp-content\/uploads\/2023\/09\/platin-aussen-flach-innen-gewoelbt-osmium-square.png?resize=300%2C300&amp;ssl=1 300w, https:\/\/i0.wp.com\/osmium.pro\/wp-content\/uploads\/2023\/09\/platin-aussen-flach-innen-gewoelbt-osmium-square.png?resize=150%2C150&amp;ssl=1 150w, https:\/\/i0.wp.com\/osmium.pro\/wp-content\/uploads\/2023\/09\/platin-aussen-flach-innen-gewoelbt-osmium-square.png?resize=768%2C768&amp;ssl=1 768w, https:\/\/i0.wp.com\/osmium.pro\/wp-content\/uploads\/2023\/09\/platin-aussen-flach-innen-gewoelbt-osmium-square.png?resize=1536%2C1536&amp;ssl=1 1536w, https:\/\/i0.wp.com\/osmium.pro\/wp-content\/uploads\/2023\/09\/platin-aussen-flach-innen-gewoelbt-osmium-square.png?resize=2048%2C2048&amp;ssl=1 2048w, https:\/\/i0.wp.com\/osmium.pro\/wp-content\/uploads\/2023\/09\/platin-aussen-flach-innen-gewoelbt-osmium-square.png?resize=700%2C700&amp;ssl=1 700w\" sizes=\"auto, (max-width: 1024px) 100vw, 1024px\" \/><\/figure>\n\n\n\n<p style=\"font-size:14px\"><strong>Anelli in platino con quadrato in osmio<\/strong><br\/>Fonte: ringe.pro<\/p>\n<\/div>\n\n\n\n<div class=\"wp-block-column is-layout-flow wp-block-column-is-layout-flow\">\n<div style=\"height:100px\" aria-hidden=\"true\" class=\"wp-block-spacer\"><\/div>\n\n\n\n<p style=\"font-size:14px\"><strong>Anelli in platino con diamante all&#8217;osmio<\/strong><br\/>Fonte: ringe.pro<\/p>\n\n\n<style>.kb-image3155_a98f2d-07 .kb-image-has-overlay:after{opacity:0.3;border-top-left-radius:80px;border-bottom-right-radius:80px;}.kb-image3155_a98f2d-07 img.kb-img, .kb-image3155_a98f2d-07 .kb-img img{border-top:1px solid var(--global-palette6, #718096);border-right:1px solid var(--global-palette6, #718096);border-bottom:1px solid var(--global-palette6, #718096);border-left:1px solid var(--global-palette6, #718096);border-top-left-radius:80px;border-bottom-right-radius:80px;box-shadow:0px 0px 14px 0px rgba(0, 0, 0, 0.2);}@media all and (max-width: 1024px){.kb-image3155_a98f2d-07 img.kb-img, .kb-image3155_a98f2d-07 .kb-img img{border-top:1px solid var(--global-palette6, #718096);border-right:1px solid var(--global-palette6, #718096);border-bottom:1px solid var(--global-palette6, #718096);border-left:1px solid var(--global-palette6, #718096);}}@media all and (max-width: 767px){.kb-image3155_a98f2d-07 img.kb-img, .kb-image3155_a98f2d-07 .kb-img img{border-top:1px solid var(--global-palette6, #718096);border-right:1px solid var(--global-palette6, #718096);border-bottom:1px solid var(--global-palette6, #718096);border-left:1px solid var(--global-palette6, #718096);}}<\/style>\n<figure class=\"wp-block-kadence-image kb-image3155_a98f2d-07 size-large is-style-default\"><img data-recalc-dims=\"1\" loading=\"lazy\" decoding=\"async\" width=\"1024\" height=\"1024\" src=\"https:\/\/i0.wp.com\/osmium.pro\/wp-content\/uploads\/2023\/09\/platin-rechteckig-abrerundete-kanten-osmium-diamond.png?resize=1024%2C1024&#038;ssl=1\" alt=\"Anello in platino 950 con oro 25 e osmio Anello in osmio e diamante\" class=\"kb-img wp-image-3168\" title=\"Anello in platino 950 con oro 25 e osmio Anello in osmio e diamante\" srcset=\"https:\/\/i0.wp.com\/osmium.pro\/wp-content\/uploads\/2023\/09\/platin-rechteckig-abrerundete-kanten-osmium-diamond.png?resize=1024%2C1024&amp;ssl=1 1024w, https:\/\/i0.wp.com\/osmium.pro\/wp-content\/uploads\/2023\/09\/platin-rechteckig-abrerundete-kanten-osmium-diamond.png?resize=300%2C300&amp;ssl=1 300w, https:\/\/i0.wp.com\/osmium.pro\/wp-content\/uploads\/2023\/09\/platin-rechteckig-abrerundete-kanten-osmium-diamond.png?resize=150%2C150&amp;ssl=1 150w, https:\/\/i0.wp.com\/osmium.pro\/wp-content\/uploads\/2023\/09\/platin-rechteckig-abrerundete-kanten-osmium-diamond.png?resize=768%2C768&amp;ssl=1 768w, https:\/\/i0.wp.com\/osmium.pro\/wp-content\/uploads\/2023\/09\/platin-rechteckig-abrerundete-kanten-osmium-diamond.png?resize=1536%2C1536&amp;ssl=1 1536w, https:\/\/i0.wp.com\/osmium.pro\/wp-content\/uploads\/2023\/09\/platin-rechteckig-abrerundete-kanten-osmium-diamond.png?resize=2048%2C2048&amp;ssl=1 2048w, https:\/\/i0.wp.com\/osmium.pro\/wp-content\/uploads\/2023\/09\/platin-rechteckig-abrerundete-kanten-osmium-diamond.png?resize=700%2C700&amp;ssl=1 700w\" sizes=\"auto, (max-width: 1024px) 100vw, 1024px\" \/><\/figure>\n<\/div>\n<\/div>\n\n<h3 class=\"wp-block-heading\" style=\"font-style:italic;font-weight:200\">Bellezza senza tempo<\/h3>\n\n<p><br\/>Il platino non \u00e8 noto solo per la sua longevit\u00e0, ma anche per la sua bellezza senza tempo. I nostri anelli in platino 950 sono caratterizzati da un design classico che non passa mai di moda. Che si opti per un semplice anello solitario o per un anello di fidanzamento pi\u00f9 elaborato, l&#8217;eleganza senza tempo del platino sar\u00e0 sempre al centro della scena.<\/p>\n\n<h3 class=\"wp-block-heading\" style=\"font-style:italic;font-weight:200\">Anello all&#8217;osmio: un&#8217;attrazione scintillante<\/h3>\n\n<p><br\/>Alcuni dei nostri anelli in platino 950 sono incastonati con Osmium Square, un sostituto del diamante che \u00e8 altrettanto scintillante di un diamante vero, ma \u00e8 disponibile a una frazione del prezzo. Questi accenti scintillanti aggiungono un tocco di glamour all&#8217;anello e lo rendono il compagno perfetto per le occasioni speciali.<\/p>\n\n<h2 class=\"wp-block-heading\" style=\"font-style:italic;font-weight:200\">Anelli in palladio 950: un&#8217;alternativa con stile<\/h2>\n\n<h3 class=\"wp-block-heading\" style=\"font-style:italic;font-weight:200\">Eleganza leggera<\/h3>\n\n<p><br\/>Il palladio \u00e8 un metallo che \u00e8 diventato sempre pi\u00f9 popolare negli ultimi anni. Si caratterizza per la sua leggerezza ed eleganza ed \u00e8 ideale per chi preferisce un anello dal peso ridotto. I nostri anelli in palladio 950 sono perfetti per chi vuole indossare un anello comodo per tutto il giorno.<\/p>\n\n<h3 class=\"wp-block-heading\" style=\"font-style:italic;font-weight:200\">Diamante di osmio: un tocco di lusso<\/h3>\n\n<p><br\/>Alcuni dei nostri anelli in palladio 950 sono incastonati con diamanti all&#8217;osmio, un sostituto del diamante che stupir\u00e0 anche gli amanti dei gioielli pi\u00f9 esigenti. La brillantezza e lo scintillio del diamante osmio conferiscono all&#8217;anello un tocco lussuoso che attirer\u00e0 l&#8217;attenzione di tutti.  <\/p>\n\n<h4 class=\"wp-block-heading\">Liberate la vostra individualit\u00e0: mostrate il vostro stile con un anello in platino o palladio<\/h4>\n\n<p>Vera e propria testimonianza della vostra personalit\u00e0 e del vostro stile, i nostri anelli vi permettono di fare una dichiarazione che non ha eguali. Che si opti per un design elegante e moderno o per un anello influenzato dalle curve, la nostra collezione offre una variet\u00e0 di opzioni per soddisfare i vostri gusti pi\u00f9 esigenti.<\/p>\n\n<p>Decorato con quadrati di osmio o diamanti di osmio accuratamente selezionati, l&#8217;anello in platino o palladio diventa senza sforzo un&#8217;estensione della vostra identit\u00e0. La sua versatilit\u00e0 permette di abbinarlo a qualsiasi abbigliamento, da quello casual a quello formale da sera, rendendolo l&#8217;accessorio perfetto per ogni occasione.<\/p>\n\n<h4 class=\"wp-block-heading\">Perch\u00e9 scegliere anelli in platino 950 o anelli in palladio 950 con osmio quadrato o osmio diamante?<\/h4>\n\n<p>La scelta dell&#8217;anello di fidanzamento o della fede nuziale \u00e8 una delle decisioni pi\u00f9 importanti nella vita di una coppia. Noi di <a alt=\"Anelli in platino e palladio\" href=\"https:\/\/ringe.pro\" target=\"_blank\" rel=\"dofollow noopener\">https:\/\/ringe.pro<\/a> comprendiamo l&#8217;importanza di questo momento e ci impegniamo a fornirvi le migliori opzioni possibili. Ecco alcuni motivi per cui dovreste scegliere i nostri anelli in platino e palladio con un Osmium Square o un Osmium Diamond:<\/p>\n\n<p><strong>\n  <em>Massima qualit\u00e0:<\/em>\n<\/strong> I nostri anelli sono realizzati con i migliori materiali e sono sottoposti a rigorosi controlli di qualit\u00e0 per garantire che soddisfino le vostre aspettative.<\/p>\n\n<p><strong>\n  <em>Design unico:<\/em>\n<\/strong> Ogni nostro anello \u00e8 un capolavoro artigianale realizzato da un esperto orafo. Diamo grande importanza ai design unici che rendono il vostro anello qualcosa di speciale.<\/p>\n\n<p><strong>\n  <em>Brillantezza senza pari:<\/em>\n<\/strong> L&#8217;osmio cristallino \u00e8 noto per la sua eccezionale brillantezza. Riflette la luce in modo tale da mettere in ombra i diamanti. L&#8217;anello in platino con osmio cristallino scintilla e brilla come nessun altro.<\/p>\n\n<p><strong>\n  <em>Pi\u00f9 duro del diamante:<\/em>\n<\/strong> L&#8217;osmio cristallino \u00e8 uno dei materiali pi\u00f9 duri della Terra. \u00c8 pi\u00f9 resistente ai graffi e all&#8217;usura rispetto ai diamanti. Anche dopo anni di usura, il vostro anello sar\u00e0 ancora radioso come il primo giorno.<\/p>\n\n<p><strong>\n  <em>Esclusivit\u00e0:<\/em>\n<\/strong> Poich\u00e9 l&#8217;osmio cristallino \u00e8 estremamente raro, ogni anello in platino con questo materiale \u00e8 unico. Se siete alla ricerca di un gioiello che sottolinei la vostra unicit\u00e0, questa \u00e8 la scelta perfetta.<\/p>\n\n<p><strong>\n  <em>Soddisfazione del cliente:<\/em>\n<\/strong> La soddisfazione dei nostri clienti \u00e8 la nostra massima priorit\u00e0. Siamo orgogliosi del nostro servizio clienti di prima classe e siamo sempre a disposizione per rispondere alle vostre domande e aiutarvi a scegliere l&#8217;anello perfetto.<\/p>\n\n<p><strong>\n  <em>Evoluzione dei prezzi:<\/em>\n<\/strong> Il <a href=\"https:\/\/osmium.pro\/#osmium-preisentwicklung\">prezzo<\/a> dell&#8217;osmio \u00e8 aumentato <a href=\"https:\/\/osmium.pro\/#osmium-preisentwicklung\">costantemente<\/a> negli ultimi anni. A causa della sua rarit\u00e0 e della domanda in costante aumento, la tendenza dei prezzi punta verso l&#8217;alto.<\/p>\n\n<p><strong>\n  <em>Variet\u00e0 di scelta:<\/em>\n<\/strong> Che siate alla ricerca di un anello di fidanzamento classico, di una fede nuziale o di un regalo speciale, la nostra gamma offre un&#8217;ampia variet\u00e0 di opzioni per soddisfare il vostro gusto e stile individuale.<\/p>\n\n<p><strong>\n  <em>Valore per il vostro denaro:<\/em>\n<\/strong> Su ringe.pro avrete una qualit\u00e0 di prima classe a prezzi accessibili. Crediamo che tutti debbano avere il diritto di avere gioielli di alta qualit\u00e0 senza spendere troppo.<\/p>\n\n<figure class=\"wp-block-image size-full is-style-default\"><img data-recalc-dims=\"1\" loading=\"lazy\" decoding=\"async\" width=\"1290\" height=\"368\" src=\"https:\/\/i0.wp.com\/osmium.pro\/wp-content\/uploads\/2023\/09\/ringe_qualitaet.png?resize=1290%2C368&#038;ssl=1\" alt=\"https:\/\/ringe.pro\" class=\"wp-image-3218\" title=\"https:\/\/ringe.pro\" srcset=\"https:\/\/i0.wp.com\/osmium.pro\/wp-content\/uploads\/2023\/09\/ringe_qualitaet.png?w=1433&amp;ssl=1 1433w, https:\/\/i0.wp.com\/osmium.pro\/wp-content\/uploads\/2023\/09\/ringe_qualitaet.png?resize=300%2C86&amp;ssl=1 300w, https:\/\/i0.wp.com\/osmium.pro\/wp-content\/uploads\/2023\/09\/ringe_qualitaet.png?resize=1024%2C292&amp;ssl=1 1024w, https:\/\/i0.wp.com\/osmium.pro\/wp-content\/uploads\/2023\/09\/ringe_qualitaet.png?resize=768%2C219&amp;ssl=1 768w\" sizes=\"auto, (max-width: 1290px) 100vw, 1290px\" \/><figcaption class=\"wp-element-caption\">Fonte: https: <a href=\"https:\/\/ai4art.eu\" target=\"_blank\" rel=\"noreferrer noopener\">\/\/ai4art.eu<\/a><\/figcaption><\/figure>\n\n<h2 class=\"wp-block-heading\" style=\"font-style:italic;font-weight:200\">L&#8217;anello dei vostri sogni vi aspetta<\/h2>\n\n<p><br\/>Siamo orgogliosi di offrire una vasta collezione di anelli in platino 950 e palladio 950 con Osmium Square o Osmium Diamond. Crediamo fermamente di poter superare le vostre aspettative e di aiutarvi a trovare l&#8217;anello perfetto per un momento speciale della vostra vita.<\/p>\n\n<p>Scoprite oggi stesso la nostra collezione unica e lasciatevi incantare dalla bellezza senza tempo e dalla qualit\u00e0 di prima classe. L&#8217;anello dei vostri sogni vi aspetta su ringe.pro &#8211; il vostro esperto di gioielli di prima classe.<\/p>\n\n<h3 class=\"wp-block-heading\" style=\"font-style:italic;font-weight:200\"><span style=\"text-decoration: underline;\">Conclusione<\/span><\/h3>\n\n<p>Gli anelli in platino 950 e gli anelli in palladio 950 con osmio quadrato o osmio diamante non sono solo gioielli, ma anche simboli di amore e devozione. Su ringe.pro troverete una selezione di questi squisiti anelli che conquisteranno il vostro cuore. Con la massima qualit\u00e0, un design unico e prezzi accessibili, i nostri anelli sono la scelta perfetta per il momento pi\u00f9 importante della vostra vita. Scoprite oggi stesso gli anelli dei vostri sogni e lasciatevi incantare da una bellezza senza tempo.<\/p>\n\n<p>Con i nostri anelli in platino e palladio di alta qualit\u00e0 con quadrati di osmio o diamanti di osmio, attirerete senza dubbio l&#8217;attenzione di tutti, perch\u00e9 nessuna pietra preziosa pu\u00f2 scintillare pi\u00f9 intensamente e ampiamente dell&#8217;osmio. E la qualit\u00e0 parla da s\u00e9, perch\u00e9 i nostri anelli sono un esempio di eccezionale artigianalit\u00e0 ed eleganza senza tempo. Non aspettate oltre: visitate il sito <a alt=\"Anelli in platino e palladio\" href=\"https:\/\/ringe.pro\" target=\"_blank\" rel=\"dofollow noopener\">https:\/\/ringe.pro<\/a> e trovate oggi stesso l&#8217;anello dei vostri sogni.<\/p>\n\n<div style=\"height:100px\" aria-hidden=\"true\" class=\"wp-block-spacer\"><\/div>\n","protected":false},"excerpt":{"rendered":"<p>ringe.pro &#8211; Il vostro esperto per anelli esclusivi in platino, palladio e osmio Nel mondo della gioielleria di pregio, gli anelli in platino 950 e gli anelli in palladio 950 con quadrato in osmio o diamante in osmio sono sinonimo di eleganza senza tempo e qualit\u00e0 eccezionale. Se siete alla ricerca degli anelli perfetti per&#8230;<\/p>\n","protected":false},"author":1,"featured_media":0,"parent":0,"menu_order":0,"comment_status":"closed","ping_status":"closed","template":"","meta":{"tpgb_global_settings":"","_kadence_starter_templates_imported_post":false,"_kad_post_transparent":"","_kad_post_title":"","_kad_post_layout":"","_kad_post_sidebar_id":"","_kad_post_content_style":"","_kad_post_vertical_padding":"","_kad_post_feature":"","_kad_post_feature_position":"","_kad_post_header":false,"_kad_post_footer":false,"_kad_post_classname":"","footnotes":""},"class_list":["post-4954","page","type-page","status-publish","hentry"],"tpgb_featured_images":null,"tpgb_post_meta_info":{"get_date":"16 Settembre 2023","get_modified_date":"28 Novembre 2023","author_name":"Kumm3r3r","author_url":"https:\/\/osmium.pro\/it\/author\/kumm3r3r\/","author_email":"kummerer@protecting.net","author_website":"https:\/\/osmium.pro","author_description":"","author_facebook":"","author_twitter":"","author_instagram":"","author_role":["administrator"],"author_firstname":"","author_lastname":"","user_login":"Kumm3r3r","comment_count":0,"post_likes":0,"post_views":0},"tpgb_post_category":[],"jetpack_sharing_enabled":true,"_links":{"self":[{"href":"https:\/\/osmium.pro\/it\/wp-json\/wp\/v2\/pages\/4954","targetHints":{"allow":["GET"]}}],"collection":[{"href":"https:\/\/osmium.pro\/it\/wp-json\/wp\/v2\/pages"}],"about":[{"href":"https:\/\/osmium.pro\/it\/wp-json\/wp\/v2\/types\/page"}],"author":[{"embeddable":true,"href":"https:\/\/osmium.pro\/it\/wp-json\/wp\/v2\/users\/1"}],"replies":[{"embeddable":true,"href":"https:\/\/osmium.pro\/it\/wp-json\/wp\/v2\/comments?post=4954"}],"version-history":[{"count":1,"href":"https:\/\/osmium.pro\/it\/wp-json\/wp\/v2\/pages\/4954\/revisions"}],"predecessor-version":[{"id":4955,"href":"https:\/\/osmium.pro\/it\/wp-json\/wp\/v2\/pages\/4954\/revisions\/4955"}],"wp:attachment":[{"href":"https:\/\/osmium.pro\/it\/wp-json\/wp\/v2\/media?parent=4954"}],"curies":[{"name":"wp","href":"https:\/\/api.w.org\/{rel}","templated":true}]}}