{"id":4900,"date":"2022-12-26T20:35:58","date_gmt":"2022-12-26T19:35:58","guid":{"rendered":"https:\/\/osmium.pro\/notizie-su-osmio\/blog-sullosmio\/"},"modified":"2023-11-28T12:12:45","modified_gmt":"2023-11-28T11:12:45","slug":"blog-sullosmio","status":"publish","type":"page","link":"https:\/\/osmium.pro\/it\/notizie-su-osmio\/blog-sullosmio\/","title":{"rendered":"Blog sull&#8217;osmio"},"content":{"rendered":"\n<div style=\"height:100px\" aria-hidden=\"true\" class=\"wp-block-spacer\"><\/div>\n\n<h1 class=\"wp-block-heading\" style=\"font-style:italic;font-weight:300\">Blog sull&#8217;osmio<\/h1>\n<div  class=\"tpgb-wrap-cc0023  tpgb-wrap-fw  tpgb-anim-dur-normal tpgb-view-animation\" data-animationSetting='{&quot;anime&quot;:{&quot;md&quot;:&quot;fadeIn&quot;,&quot;sm&quot;:&quot;&quot;,&quot;xs&quot;:&quot;&quot;}}' ><div id=\"cc0023\" class=\"tpgb-post-listing tpgb-relative-block    tpgb-block-cc0023 dynamic-style-2 tpgb-isotope layout-style-2 \" data-id=\"cc0023\" data-style=\"dynamic-style-2\"   data-layout=\"masonry\"  data-connection=\"tpgb_search\"   ><div class=\"tpgb-row post-loop-inner\" ><div class=\"grid-item tpgb-col  tpgb-col-lg-6 tpgb-col-md-6 tpgb-col-sm-12 tpgb-col-12\">\r\n<div class=\"dynamic-list-content tpgb-dynamic-tran\">\r\n\t\r\n\t \r\n\t<div class=\"post-content-image\">\r\n\t\t\t<div class=\"tpgb-post-featured-img tpgb-dynamic-tran hover-image-style-1\">\r\n\t\t<a href=\"https:\/\/osmium.pro\/it\/il-violino-di-osmio\/\" aria-label=\"Il violino di osmio\">\r\n\t\t\t<img loading=\"lazy\" decoding=\"async\" width=\"700\" height=\"450\" src=\"https:\/\/i0.wp.com\/osmium.pro\/wp-content\/uploads\/2022\/01\/fox_b.png?fit=700%2C450&amp;ssl=1\" class=\"tpgb-d-block tpgb-post-img tpgb-dynamic-tran wp-post-image\" alt=\"\" srcset=\"https:\/\/i0.wp.com\/osmium.pro\/wp-content\/uploads\/2022\/01\/fox_b.png?w=700&amp;ssl=1 700w, https:\/\/i0.wp.com\/osmium.pro\/wp-content\/uploads\/2022\/01\/fox_b.png?resize=300%2C193&amp;ssl=1 300w\" sizes=\"auto, (max-width: 700px) 100vw, 700px\" \/>\t\t<\/a>\r\n\t<\/div>\t\t\t<\/div>\r\n\t\t\r\n\t<div class=\"tpgb-content-bottom text-center\">\r\n\t\t\t\t\t\t<h3 class=\"tpgb-post-title tpgb-dynamic-tran\">\r\n\t<a href=\"https:\/\/osmium.pro\/it\/il-violino-di-osmio\/\">Il violino di osmio<\/a>\r\n<\/h3>\t\t<div class=\"tpgb-post-hover-content\">\r\n\t\t\t\t<div class=\"tpgb-post-excerpt tpgb-d-block tpgb-dynamic-tran\"><p>Il violino di osmio Il 30 marzo 2023, il violino pi\u00f9 costoso del mondo, appena creato, \u00e8 stato presentato per la prima volta al pubblico a Vienna, sotto le pi\u00f9 severe misure di sicurezza, presso la Post AG. Il liutaio austriaco Edgar Russ, che lavora nella capitale italiana del violino, Cremona, ha realizzato questo violino&#8230;<\/p><\/div>\r\n<div class=\"post-meta-info post-info-style-2\">\t\r\n\t\t\t    <span class=\"post-meta-date\"><a href=\"https:\/\/osmium.pro\/it\/il-violino-di-osmio\/\" class=\"tpgb-dynamic-tran post-entry-date\">2 Giugno 2023<\/a><\/span>\r\n<\/div>\r\n\r\n\t\t<\/div>\r\n\t\t\t<\/div>\r\n\t\t<\/div><\/div><div class=\"grid-item tpgb-col  tpgb-col-lg-6 tpgb-col-md-6 tpgb-col-sm-12 tpgb-col-12\">\r\n<div class=\"dynamic-list-content tpgb-dynamic-tran\">\r\n\t\r\n\t \r\n\t<div class=\"post-content-image\">\r\n\t\t\t<div class=\"tpgb-post-featured-img tpgb-dynamic-tran hover-image-style-1\">\r\n\t\t<a href=\"https:\/\/osmium.pro\/it\/investimento-in-osmium-il-nuovo-punto-di-riferimento\/\" aria-label=\"Investimento in Osmium &#8211; il nuovo punto di riferimento\">\r\n\t\t\t<img loading=\"lazy\" decoding=\"async\" width=\"700\" height=\"450\" src=\"https:\/\/i0.wp.com\/osmium.pro\/wp-content\/uploads\/2022\/01\/horse_b.png?fit=700%2C450&amp;ssl=1\" class=\"tpgb-d-block tpgb-post-img tpgb-dynamic-tran wp-post-image\" alt=\"\" srcset=\"https:\/\/i0.wp.com\/osmium.pro\/wp-content\/uploads\/2022\/01\/horse_b.png?w=700&amp;ssl=1 700w, https:\/\/i0.wp.com\/osmium.pro\/wp-content\/uploads\/2022\/01\/horse_b.png?resize=300%2C193&amp;ssl=1 300w\" sizes=\"auto, (max-width: 700px) 100vw, 700px\" \/>\t\t<\/a>\r\n\t<\/div>\t\t\t<\/div>\r\n\t\t\r\n\t<div class=\"tpgb-content-bottom text-center\">\r\n\t\t\t\t\t\t<h3 class=\"tpgb-post-title tpgb-dynamic-tran\">\r\n\t<a href=\"https:\/\/osmium.pro\/it\/investimento-in-osmium-il-nuovo-punto-di-riferimento\/\">Investimento in Osmium &#8211; il nuovo punto di riferimento<\/a>\r\n<\/h3>\t\t<div class=\"tpgb-post-hover-content\">\r\n\t\t\t\t<div class=\"tpgb-post-excerpt tpgb-d-block tpgb-dynamic-tran\"><p>L&#8217;investimento in beni materiali di Osmium stabilisce nuovi standard Se avete ormai perso la fiducia nel denaro contante e volete acquisire un bene tangibile con un&#8217;alta densit\u00e0 di valore o uscire dagli investimenti in oro o BTC, l&#8217;osmio \u00e8 la scelta giusta. Nella tavola periodica sono presenti otto metalli preziosi. Sette di essi sono stati&#8230;<\/p><\/div>\r\n<div class=\"post-meta-info post-info-style-2\">\t\r\n\t\t\t    <span class=\"post-meta-date\"><a href=\"https:\/\/osmium.pro\/it\/investimento-in-osmium-il-nuovo-punto-di-riferimento\/\" class=\"tpgb-dynamic-tran post-entry-date\">10 Novembre 2022<\/a><\/span>\r\n<\/div>\r\n\r\n\t\t<\/div>\r\n\t\t\t<\/div>\r\n\t\t<\/div><\/div><div class=\"grid-item tpgb-col  tpgb-col-lg-6 tpgb-col-md-6 tpgb-col-sm-12 tpgb-col-12\">\r\n<div class=\"dynamic-list-content tpgb-dynamic-tran\">\r\n\t\r\n\t \r\n\t<div class=\"post-content-image\">\r\n\t\t\t<div class=\"tpgb-post-featured-img tpgb-dynamic-tran hover-image-style-1\">\r\n\t\t<a href=\"https:\/\/osmium.pro\/it\/osmio-il-nuovo-metallo-prezioso\/\" aria-label=\"Osmio, il nuovo metallo prezioso\">\r\n\t\t\t<img loading=\"lazy\" decoding=\"async\" width=\"700\" height=\"450\" src=\"https:\/\/i0.wp.com\/osmium.pro\/wp-content\/uploads\/2022\/01\/star_b.png?fit=700%2C450&amp;ssl=1\" class=\"tpgb-d-block tpgb-post-img tpgb-dynamic-tran wp-post-image\" alt=\"\" srcset=\"https:\/\/i0.wp.com\/osmium.pro\/wp-content\/uploads\/2022\/01\/star_b.png?w=700&amp;ssl=1 700w, https:\/\/i0.wp.com\/osmium.pro\/wp-content\/uploads\/2022\/01\/star_b.png?resize=300%2C193&amp;ssl=1 300w\" sizes=\"auto, (max-width: 700px) 100vw, 700px\" \/>\t\t<\/a>\r\n\t<\/div>\t\t\t<\/div>\r\n\t\t\r\n\t<div class=\"tpgb-content-bottom text-center\">\r\n\t\t\t\t\t\t<h3 class=\"tpgb-post-title tpgb-dynamic-tran\">\r\n\t<a href=\"https:\/\/osmium.pro\/it\/osmio-il-nuovo-metallo-prezioso\/\">Osmio, il nuovo metallo prezioso<\/a>\r\n<\/h3>\t\t<div class=\"tpgb-post-hover-content\">\r\n\t\t\t\t<div class=\"tpgb-post-excerpt tpgb-d-block tpgb-dynamic-tran\"><p>Osmio, il nuovo metallo prezioso Chiunque pensi ai metalli preziosi, soprattutto come investimento o possesso, pensa spesso all&#8217;oro, al platino o all&#8217;argento. Da qualche anno, tuttavia, anche il commercio di osmio \u00e8 in aumento. Questo metallo \u00e8 stato scoperto gi\u00e0 nel 1804, ma solo nel 2013 \u00e8 diventato cristallizzabile e quindi prezioso e facilmente commerciabile&#8230;.<\/p><\/div>\r\n<div class=\"post-meta-info post-info-style-2\">\t\r\n\t\t\t    <span class=\"post-meta-date\"><a href=\"https:\/\/osmium.pro\/it\/osmio-il-nuovo-metallo-prezioso\/\" class=\"tpgb-dynamic-tran post-entry-date\">15 Settembre 2022<\/a><\/span>\r\n<\/div>\r\n\r\n\t\t<\/div>\r\n\t\t\t<\/div>\r\n\t\t<\/div><\/div><div class=\"grid-item tpgb-col  tpgb-col-lg-6 tpgb-col-md-6 tpgb-col-sm-12 tpgb-col-12\">\r\n<div class=\"dynamic-list-content tpgb-dynamic-tran\">\r\n\t\r\n\t \r\n\t<div class=\"post-content-image\">\r\n\t\t\t<div class=\"tpgb-post-featured-img tpgb-dynamic-tran hover-image-style-1\">\r\n\t\t<a href=\"https:\/\/osmium.pro\/it\/il-mercato-dellosmio-crescita-internazionale\/\" aria-label=\"Il mercato dell&#8217;osmio &#8211; crescita internazionale\">\r\n\t\t\t<img loading=\"lazy\" decoding=\"async\" width=\"700\" height=\"450\" src=\"https:\/\/i0.wp.com\/osmium.pro\/wp-content\/uploads\/2022\/01\/fox_a.png?fit=700%2C450&amp;ssl=1\" class=\"tpgb-d-block tpgb-post-img tpgb-dynamic-tran wp-post-image\" alt=\"\" srcset=\"https:\/\/i0.wp.com\/osmium.pro\/wp-content\/uploads\/2022\/01\/fox_a.png?w=700&amp;ssl=1 700w, https:\/\/i0.wp.com\/osmium.pro\/wp-content\/uploads\/2022\/01\/fox_a.png?resize=300%2C193&amp;ssl=1 300w\" sizes=\"auto, (max-width: 700px) 100vw, 700px\" \/>\t\t<\/a>\r\n\t<\/div>\t\t\t<\/div>\r\n\t\t\r\n\t<div class=\"tpgb-content-bottom text-center\">\r\n\t\t\t\t\t\t<h3 class=\"tpgb-post-title tpgb-dynamic-tran\">\r\n\t<a href=\"https:\/\/osmium.pro\/it\/il-mercato-dellosmio-crescita-internazionale\/\">Il mercato dell&#8217;osmio &#8211; crescita internazionale<\/a>\r\n<\/h3>\t\t<div class=\"tpgb-post-hover-content\">\r\n\t\t\t\t<div class=\"tpgb-post-excerpt tpgb-d-block tpgb-dynamic-tran\"><p>Il crescente mercato internazionale dell&#8217;osmio Una panoramica del crescente mercato internazionale dell&#8217;osmio L&#8217;osmio, nella sua forma cristallina, \u00e8 diventato una superstar nel mercato dei metalli preziosi. Negli otto anni trascorsi dalla scoperta della sua forma cristallina, il metallo prezioso pi\u00f9 raro, pi\u00f9 prezioso e probabilmente pi\u00f9 bello \u00e8 diventato il metallo prezioso pi\u00f9 popolare che&#8230;<\/p><\/div>\r\n<div class=\"post-meta-info post-info-style-2\">\t\r\n\t\t\t    <span class=\"post-meta-date\"><a href=\"https:\/\/osmium.pro\/it\/il-mercato-dellosmio-crescita-internazionale\/\" class=\"tpgb-dynamic-tran post-entry-date\">20 Giugno 2022<\/a><\/span>\r\n<\/div>\r\n\r\n\t\t<\/div>\r\n\t\t\t<\/div>\r\n\t\t<\/div><\/div><div class=\"grid-item tpgb-col  tpgb-col-lg-6 tpgb-col-md-6 tpgb-col-sm-12 tpgb-col-12\">\r\n<div class=\"dynamic-list-content tpgb-dynamic-tran\">\r\n\t\r\n\t \r\n\t<div class=\"post-content-image\">\r\n\t\t\t<div class=\"tpgb-post-featured-img tpgb-dynamic-tran hover-image-style-1\">\r\n\t\t<a href=\"https:\/\/osmium.pro\/it\/osmio-il-metallo-piu-raro-al-mondo\/\" aria-label=\"Osmio &#8211; il metallo pi\u00f9 raro al mondo\">\r\n\t\t\t<img loading=\"lazy\" decoding=\"async\" width=\"700\" height=\"450\" src=\"https:\/\/i0.wp.com\/osmium.pro\/wp-content\/uploads\/2022\/01\/hirsch_b.png?fit=700%2C450&amp;ssl=1\" class=\"tpgb-d-block tpgb-post-img tpgb-dynamic-tran wp-post-image\" alt=\"\" srcset=\"https:\/\/i0.wp.com\/osmium.pro\/wp-content\/uploads\/2022\/01\/hirsch_b.png?w=700&amp;ssl=1 700w, https:\/\/i0.wp.com\/osmium.pro\/wp-content\/uploads\/2022\/01\/hirsch_b.png?resize=300%2C193&amp;ssl=1 300w\" sizes=\"auto, (max-width: 700px) 100vw, 700px\" \/>\t\t<\/a>\r\n\t<\/div>\t\t\t<\/div>\r\n\t\t\r\n\t<div class=\"tpgb-content-bottom text-center\">\r\n\t\t\t\t\t\t<h3 class=\"tpgb-post-title tpgb-dynamic-tran\">\r\n\t<a href=\"https:\/\/osmium.pro\/it\/osmio-il-metallo-piu-raro-al-mondo\/\">Osmio &#8211; il metallo pi\u00f9 raro al mondo<\/a>\r\n<\/h3>\t\t<div class=\"tpgb-post-hover-content\">\r\n\t\t\t\t<div class=\"tpgb-post-excerpt tpgb-d-block tpgb-dynamic-tran\"><p>Osmio &#8211; il metallo pi\u00f9 raro al mondo Il metallo pi\u00f9 raro al mondo La presenza di osmio \u00e8 trascurabile e la sua estrazione \u00e8 lunga e costosa. Sebbene sia stato scoperto oltre 200 anni fa, non \u00e8 mai diventato un metallo industriale o di lusso comune a causa della sua rarit\u00e0 e della tossicit\u00e0&#8230;<\/p><\/div>\r\n<div class=\"post-meta-info post-info-style-2\">\t\r\n\t\t\t    <span class=\"post-meta-date\"><a href=\"https:\/\/osmium.pro\/it\/osmio-il-metallo-piu-raro-al-mondo\/\" class=\"tpgb-dynamic-tran post-entry-date\">4 Aprile 2022<\/a><\/span>\r\n<\/div>\r\n\r\n\t\t<\/div>\r\n\t\t\t<\/div>\r\n\t\t<\/div><\/div><div class=\"grid-item tpgb-col  tpgb-col-lg-6 tpgb-col-md-6 tpgb-col-sm-12 tpgb-col-12\">\r\n<div class=\"dynamic-list-content tpgb-dynamic-tran\">\r\n\t\r\n\t \r\n\t<div class=\"post-content-image\">\r\n\t\t\t<div class=\"tpgb-post-featured-img tpgb-dynamic-tran hover-image-style-1\">\r\n\t\t<a href=\"https:\/\/osmium.pro\/it\/osmio-lelemento-del-sole\/\" aria-label=\"Osmio &#8211; L&#039;&#8221;elemento del sole&#8221;.\">\r\n\t\t\t<img loading=\"lazy\" decoding=\"async\" width=\"700\" height=\"450\" src=\"https:\/\/i0.wp.com\/osmium.pro\/wp-content\/uploads\/2022\/01\/spatz_a.png?fit=700%2C450&amp;ssl=1\" class=\"tpgb-d-block tpgb-post-img tpgb-dynamic-tran wp-post-image\" alt=\"\" srcset=\"https:\/\/i0.wp.com\/osmium.pro\/wp-content\/uploads\/2022\/01\/spatz_a.png?w=700&amp;ssl=1 700w, https:\/\/i0.wp.com\/osmium.pro\/wp-content\/uploads\/2022\/01\/spatz_a.png?resize=300%2C193&amp;ssl=1 300w\" sizes=\"auto, (max-width: 700px) 100vw, 700px\" \/>\t\t<\/a>\r\n\t<\/div>\t\t\t<\/div>\r\n\t\t\r\n\t<div class=\"tpgb-content-bottom text-center\">\r\n\t\t\t\t\t\t<h3 class=\"tpgb-post-title tpgb-dynamic-tran\">\r\n\t<a href=\"https:\/\/osmium.pro\/it\/osmio-lelemento-del-sole\/\">Osmio &#8211; L&#8217;&#8221;elemento del sole&#8221;.<\/a>\r\n<\/h3>\t\t<div class=\"tpgb-post-hover-content\">\r\n\t\t\t\t<div class=\"tpgb-post-excerpt tpgb-d-block tpgb-dynamic-tran\"><p>Osmio &#8211; L&#8217;&#8221;elemento del sole&#8221;. I metalli preziosi sono sempre stati interessanti per gli investitori grazie al loro valore intrinseco. La pandemia ha dimostrato che, in tempi di crisi, le persone si affidano a investimenti che conoscono bene e sui quali hanno potuto contare per secoli: Oro, argento, platino e palladio sono i primi nomi&#8230;<\/p><\/div>\r\n<div class=\"post-meta-info post-info-style-2\">\t\r\n\t\t\t    <span class=\"post-meta-date\"><a href=\"https:\/\/osmium.pro\/it\/osmio-lelemento-del-sole\/\" class=\"tpgb-dynamic-tran post-entry-date\">26 Gennaio 2022<\/a><\/span>\r\n<\/div>\r\n\r\n\t\t<\/div>\r\n\t\t\t<\/div>\r\n\t\t<\/div><\/div><\/div><\/div><\/div>\n<div style=\"height:100px\" aria-hidden=\"true\" class=\"wp-block-spacer\"><\/div>\n","protected":false},"excerpt":{"rendered":"<p>Blog sull&#8217;osmio<\/p>\n","protected":false},"author":1,"featured_media":0,"parent":4884,"menu_order":0,"comment_status":"closed","ping_status":"closed","template":"","meta":{"tpgb_global_settings":"","_kadence_starter_templates_imported_post":false,"_kad_post_transparent":"","_kad_post_title":"","_kad_post_layout":"","_kad_post_sidebar_id":"","_kad_post_content_style":"","_kad_post_vertical_padding":"","_kad_post_feature":"","_kad_post_feature_position":"","_kad_post_header":false,"_kad_post_footer":false,"_kad_post_classname":"","footnotes":""},"class_list":["post-4900","page","type-page","status-publish","hentry"],"tpgb_featured_images":null,"tpgb_post_meta_info":{"get_date":"26 Dicembre 2022","get_modified_date":"28 Novembre 2023","author_name":"Kumm3r3r","author_url":"https:\/\/osmium.pro\/it\/author\/kumm3r3r\/","author_email":"kummerer@protecting.net","author_website":"https:\/\/osmium.pro","author_description":"","author_facebook":"","author_twitter":"","author_instagram":"","author_role":["administrator"],"author_firstname":"","author_lastname":"","user_login":"Kumm3r3r","comment_count":0,"post_likes":0,"post_views":0},"tpgb_post_category":[],"jetpack_sharing_enabled":true,"_links":{"self":[{"href":"https:\/\/osmium.pro\/it\/wp-json\/wp\/v2\/pages\/4900","targetHints":{"allow":["GET"]}}],"collection":[{"href":"https:\/\/osmium.pro\/it\/wp-json\/wp\/v2\/pages"}],"about":[{"href":"https:\/\/osmium.pro\/it\/wp-json\/wp\/v2\/types\/page"}],"author":[{"embeddable":true,"href":"https:\/\/osmium.pro\/it\/wp-json\/wp\/v2\/users\/1"}],"replies":[{"embeddable":true,"href":"https:\/\/osmium.pro\/it\/wp-json\/wp\/v2\/comments?post=4900"}],"version-history":[{"count":1,"href":"https:\/\/osmium.pro\/it\/wp-json\/wp\/v2\/pages\/4900\/revisions"}],"predecessor-version":[{"id":4901,"href":"https:\/\/osmium.pro\/it\/wp-json\/wp\/v2\/pages\/4900\/revisions\/4901"}],"up":[{"embeddable":true,"href":"https:\/\/osmium.pro\/it\/wp-json\/wp\/v2\/pages\/4884"}],"wp:attachment":[{"href":"https:\/\/osmium.pro\/it\/wp-json\/wp\/v2\/media?parent=4900"}],"curies":[{"name":"wp","href":"https:\/\/api.w.org\/{rel}","templated":true}]}}