{"id":4884,"date":"2022-12-02T22:08:50","date_gmt":"2022-12-02T21:08:50","guid":{"rendered":"https:\/\/osmium.pro\/notizie-su-osmio\/"},"modified":"2024-06-04T09:18:55","modified_gmt":"2024-06-04T07:18:55","slug":"notizie-su-osmio","status":"publish","type":"page","link":"https:\/\/osmium.pro\/it\/notizie-su-osmio\/","title":{"rendered":"Notizie su Osmio"},"content":{"rendered":"\n<div style=\"height:100px\" aria-hidden=\"true\" class=\"wp-block-spacer\"><\/div>\n\n<h1 class=\"wp-block-heading\" style=\"font-style:italic;font-weight:200\">Notizie su Osmio<\/h1>\n<style>.kb-row-layout-id1664_e6d45d-a1 > .kt-row-column-wrap{align-content:center;}:where(.kb-row-layout-id1664_e6d45d-a1 > .kt-row-column-wrap) > .wp-block-kadence-column{justify-content:center;}.kb-row-layout-id1664_e6d45d-a1 > .kt-row-column-wrap{column-gap:var(--global-kb-gap-lg, 4rem);row-gap:var(--global-kb-gap-md, 2rem);max-width:var( --global-content-width, 1290px );padding-left:var(--global-content-edge-padding);padding-right:var(--global-content-edge-padding);padding-top:var(--global-kb-spacing-sm, 1.5rem);padding-bottom:var(--global-kb-spacing-sm, 1.5rem);grid-template-columns:minmax(0, calc(50% - ((var(--global-kb-gap-lg, 4rem) * 1 )\/2)))minmax(0, calc(50% - ((var(--global-kb-gap-lg, 4rem) * 1 )\/2)));}.kb-row-layout-id1664_e6d45d-a1{border-top-left-radius:6px;border-top-right-radius:6px;border-bottom-right-radius:6px;border-bottom-left-radius:6px;overflow:clip;isolation:isolate;}.kb-row-layout-id1664_e6d45d-a1 > .kt-row-layout-overlay{border-top-left-radius:6px;border-top-right-radius:6px;border-bottom-right-radius:6px;border-bottom-left-radius:6px;}.kb-row-layout-id1664_e6d45d-a1{border-top:1px solid var(--global-palette6, #718096);border-right:1px solid var(--global-palette6, #718096);border-bottom:1px solid var(--global-palette6, #718096);border-left:1px solid var(--global-palette6, #718096);}.kb-row-layout-id1664_e6d45d-a1 > .kt-row-layout-overlay{opacity:0.30;}@media all and (max-width: 1024px){.kb-row-layout-id1664_e6d45d-a1 > .kt-row-column-wrap{grid-template-columns:repeat(2, minmax(0, 1fr));}}@media all and (max-width: 1024px){.kb-row-layout-id1664_e6d45d-a1{border-top:1px solid var(--global-palette6, #718096);border-right:1px solid var(--global-palette6, #718096);border-bottom:1px solid var(--global-palette6, #718096);border-left:1px solid var(--global-palette6, #718096);}}@media all and (max-width: 767px){.kb-row-layout-id1664_e6d45d-a1 > .kt-row-column-wrap{grid-template-columns:minmax(0, 1fr);}.kb-row-layout-id1664_e6d45d-a1{border-top:1px solid var(--global-palette6, #718096);border-right:1px solid var(--global-palette6, #718096);border-bottom:1px solid var(--global-palette6, #718096);border-left:1px solid var(--global-palette6, #718096);}}<\/style><div class=\"kb-row-layout-wrap kb-row-layout-id1664_e6d45d-a1 alignnone has-theme-palette7-background-color kt-row-has-bg wp-block-kadence-rowlayout\"><div class=\"kt-row-column-wrap kt-has-2-columns kt-row-layout-equal kt-tab-layout-inherit kt-mobile-layout-row kt-row-valign-middle kb-theme-content-width\">\n<style>.kadence-column1664_9f6d50-ac > .kt-inside-inner-col,.kadence-column1664_9f6d50-ac > .kt-inside-inner-col:before{border-top-left-radius:0px;border-top-right-radius:0px;border-bottom-right-radius:0px;border-bottom-left-radius:0px;}.kadence-column1664_9f6d50-ac > .kt-inside-inner-col{column-gap:var(--global-kb-gap-sm, 1rem);}.kadence-column1664_9f6d50-ac > .kt-inside-inner-col{flex-direction:column;}.kadence-column1664_9f6d50-ac > .kt-inside-inner-col > .aligncenter{width:100%;}.kadence-column1664_9f6d50-ac > .kt-inside-inner-col:before{opacity:0.3;}.kadence-column1664_9f6d50-ac{position:relative;}@media all and (max-width: 1024px){.kadence-column1664_9f6d50-ac > .kt-inside-inner-col{flex-direction:column;justify-content:center;}}@media all and (max-width: 767px){.kadence-column1664_9f6d50-ac > .kt-inside-inner-col{flex-direction:column;justify-content:center;}}<\/style>\n<div class=\"wp-block-kadence-column kadence-column1664_9f6d50-ac inner-column-1\"><div class=\"kt-inside-inner-col\">\n<h2 class=\"wp-block-heading\">Osmio &#8220;Big Bang<\/h2>\n\n\n\n<h3 class=\"wp-block-heading has-medium-font-size\">La cristallizzazione dell&#8217;osmio termina il 31.12.2026 e tutti saranno in grado di indovinare cosa significa. Il Big Bang dell&#8217;osmio ha cos\u00ec inizio.<\/h3>\n\n\n\n<p>La causa principale \u00e8 stata l&#8217;imposizione da parte del Dipartimento del Tesoro degli Stati Uniti di un divieto di importazione di alluminio, rame e nichel dalla Russia. Le borse metalli globali non possono pi\u00f9 accettare questi metalli.<\/p>\n\n\n\n<blockquote class=\"wp-block-quote has-small-font-size is-layout-flow wp-block-quote-is-layout-flow\">\n<p class=\"has-background\" style=\"background-color:#00aeff33\">&#8220;Il Dipartimento del Tesoro degli Stati Uniti ha emanato una nuova norma ai sensi dell&#8217;EO 14068 che vieta l&#8217;importazione negli Stati Uniti di alluminio, rame e nichel originari della Federazione Russa prodotti a partire dal 13 aprile 2024 (i &#8220;Metalli&#8221;). Il Dipartimento del Tesoro ha inoltre emesso un provvedimento supplementare ai sensi dell&#8217;Executive Order (EO) 14071 che proibisce l&#8217;esportazione, la riesportazione, la vendita o la consegna di (1) warrant per i metalli prodotti il 13 aprile 2024 o in data successiva a persone situate nella Federazione Russa, una borsa globale dei metalli e (2) servizi per l&#8217;acquisto dei metalli prodotti il 13 aprile 2024 o in data successiva come parte del regolamento fisico di un contratto derivato.<\/p>\n\n\n\n<p class=\"has-background\" style=\"background-color:#00aeff33\">Come risultato delle misure collettive, alle borse dei metalli come il London Metal Exchange (LME) e il Chicago Mercantile Exchange (CME) sar\u00e0 vietato accettare nuovo alluminio, rame e nichel dalla produzione russa. Le borse metalli svolgono un ruolo centrale nel facilitare il commercio globale dei metalli industriali. Agendo insieme, gli Stati Uniti e il Regno Unito stanno privando la Russia e i suoi produttori di metalli di un&#8217;importante fonte di reddito&#8221;.<\/p>\n<cite>https:\/\/home.treasury.gov\/news\/press-releases\/jy2249<\/cite><\/blockquote>\n\n\n\n<p>In linea di principio, l&#8217;Osmium Institute aveva gi\u00e0 smesso di acquistare osmio dal mercato russo quando \u00e8 iniziata la guerra in Ucraina. Nel frattempo, per\u00f2, sembra che altre fonti stiano offrendo osmio proveniente da stock esplorati ed estratti in Russia sulle borse mondiali del metallo senza rivelarne l&#8217;origine.<\/p>\n\n\n\n<p>Anche altre fonti affidabili che non sono interessate dai divieti di importazione non offrono pi\u00f9 forniture sufficienti. Le loro offerte vanno da grammi a mezzo chilogrammo di osmio. Non ha quindi senso che l&#8217;Osmium Institute acquisti questi piccoli lotti in tutto il mondo. Questo anche in considerazione degli anticipi dell&#8217;azienda, che si aggirano intorno ai 300 chilogrammi. Anche le previsioni precedentemente ipotizzate per l&#8217;osmio recuperabile si sono rivelate troppo ottimistiche: le quantit\u00e0 sono molto pi\u00f9 basse di quanto ipotizzato in precedenza.<\/p>\n\n\n<style>.wp-block-kadence-advancedbtn.kb-btns1664_f256b0-1b{gap:var(--global-kb-gap-xs, 0.5rem );justify-content:flex-start;align-items:center;}.kt-btns1664_f256b0-1b .kt-button{font-weight:normal;font-style:normal;}<\/style>\n<div class=\"wp-block-kadence-advancedbtn kb-buttons-wrap kb-btns1664_f256b0-1b\"><style>ul.menu .wp-block-kadence-advancedbtn .kb-btn1664_cb177a-ff.kb-button{width:initial;}.wp-block-kadence-advancedbtn .kb-btn1664_cb177a-ff.kb-button{color:var(--global-palette9, #ffffff);background:var(--global-palette1, #3182CE);border-top-left-radius:10px;border-top-right-radius:10px;border-bottom-right-radius:10px;border-bottom-left-radius:10px;border-top-color:var(--global-palette3, #1A202C);border-top-style:solid;border-right-color:var(--global-palette3, #1A202C);border-right-style:solid;border-bottom-color:var(--global-palette3, #1A202C);border-bottom-style:solid;border-left-color:var(--global-palette3, #1A202C);border-left-style:solid;}@media all and (max-width: 1024px){.wp-block-kadence-advancedbtn .kb-btn1664_cb177a-ff.kb-button{border-top-color:var(--global-palette3, #1A202C);border-top-style:solid;border-right-color:var(--global-palette3, #1A202C);border-right-style:solid;border-bottom-color:var(--global-palette3, #1A202C);border-bottom-style:solid;border-left-color:var(--global-palette3, #1A202C);border-left-style:solid;}}@media all and (max-width: 767px){.wp-block-kadence-advancedbtn .kb-btn1664_cb177a-ff.kb-button{border-top-color:var(--global-palette3, #1A202C);border-top-style:solid;border-right-color:var(--global-palette3, #1A202C);border-right-style:solid;border-bottom-color:var(--global-palette3, #1A202C);border-bottom-style:solid;border-left-color:var(--global-palette3, #1A202C);border-left-style:solid;}}<\/style><a class=\"kb-button kt-button button kb-btn1664_cb177a-ff kt-btn-size-standard kt-btn-width-type-auto kb-btn-global-inherit  kt-btn-has-text-true kt-btn-has-svg-false  wp-block-button__link wp-block-kadence-singlebtn\" href=\"https:\/\/osmium.pro\/#produkte\"><span class=\"kt-btn-inner-text\">Acquistare osmio<\/span><\/a><\/div>\n<\/div><\/div>\n\n\n<style>.kadence-column1664_1620a5-79 > .kt-inside-inner-col,.kadence-column1664_1620a5-79 > .kt-inside-inner-col:before{border-top-left-radius:0px;border-top-right-radius:0px;border-bottom-right-radius:0px;border-bottom-left-radius:0px;}.kadence-column1664_1620a5-79 > .kt-inside-inner-col{column-gap:var(--global-kb-gap-sm, 1rem);}.kadence-column1664_1620a5-79 > .kt-inside-inner-col{flex-direction:column;}.kadence-column1664_1620a5-79 > .kt-inside-inner-col > .aligncenter{width:100%;}.kadence-column1664_1620a5-79 > .kt-inside-inner-col:before{opacity:0.3;}.kadence-column1664_1620a5-79{position:relative;}@media all and (max-width: 1024px){.kadence-column1664_1620a5-79 > .kt-inside-inner-col{flex-direction:column;justify-content:center;}}@media all and (max-width: 767px){.kadence-column1664_1620a5-79 > .kt-inside-inner-col{flex-direction:column;justify-content:center;}}<\/style>\n<div class=\"wp-block-kadence-column kadence-column1664_1620a5-79\"><div class=\"kt-inside-inner-col\">\n<div class=\"wp-block-cover aligncenter has-xxlarge-font-size\"><span aria-hidden=\"true\" class=\"wp-block-cover__background has-background-dim-0 has-background-dim\"><\/span><img data-recalc-dims=\"1\" loading=\"lazy\" decoding=\"async\" width=\"1200\" height=\"992\" class=\"wp-block-cover__image-background wp-image-5213\" alt=\"Osmium Big Bang\" src=\"https:\/\/i0.wp.com\/osmium.pro\/wp-content\/uploads\/2024\/04\/osmium-big-bang.png?resize=1200%2C992&#038;ssl=1\" data-object-fit=\"cover\" srcset=\"https:\/\/i0.wp.com\/osmium.pro\/wp-content\/uploads\/2024\/04\/osmium-big-bang.png?w=1200&amp;ssl=1 1200w, https:\/\/i0.wp.com\/osmium.pro\/wp-content\/uploads\/2024\/04\/osmium-big-bang.png?resize=300%2C248&amp;ssl=1 300w, https:\/\/i0.wp.com\/osmium.pro\/wp-content\/uploads\/2024\/04\/osmium-big-bang.png?resize=1024%2C847&amp;ssl=1 1024w, https:\/\/i0.wp.com\/osmium.pro\/wp-content\/uploads\/2024\/04\/osmium-big-bang.png?resize=768%2C635&amp;ssl=1 768w\" sizes=\"auto, (max-width: 1200px) 100vw, 1200px\" \/><div class=\"wp-block-cover__inner-container is-layout-flow wp-block-cover-is-layout-flow\">\n<p class=\"has-text-align-center has-theme-palette-9-color has-text-color has-background has-link-color has-large-font-size wp-elements-5e8e34414833e416638780bfdf5c25f4\" style=\"background-color:#ffffff47;padding-top:var(--wp--preset--spacing--40);padding-right:0;padding-bottom:var(--wp--preset--spacing--40);padding-left:0\"><strong>Osmio &#8220;Big Bang<\/strong><\/p>\n<\/div><\/div>\n\n\n\n<p class=\"has-text-align-center\">\u00a9 2024 di Protecting Internet Services GmbH<\/p>\n\n\n\n<p>Per questo motivo, la cristallizzazione in Svizzera sar\u00e0 definitivamente interrotta il 31 dicembre 2026, indipendentemente dall&#8217;andamento della guerra in Ucraina e dalla prosecuzione o dalla revoca delle sanzioni contro la Russia. Solo i tagli continueranno a essere effettuati oltre questa data. Anche il database dell&#8217;osmio verr\u00e0 chiuso a partire dal 01.01.2027, poich\u00e9 non ci saranno pi\u00f9 nuove voci per l&#8217;osmio cristallizzato.<\/p>\n\n\n\n<p>Il processo di cristallizzazione dell&#8217;osmio non \u00e8 brevettato per una buona ragione. In questo modo sarebbe possibile imitare i processi di produzione e cristallizzare l&#8217;osmio. Tuttavia, \u00e8 necessario identificare e copiare pi\u00f9 di 160 singole fasi di produzione. Ciascuna di queste 160 fasi richiede talvolta pi\u00f9 di 3 mesi. Per questo \u00e8 necessario sapere cosa bisogna fare, come e dove. Ci vorrebbero almeno 40 anni prima che l&#8217;intera catena di processi possa essere copiata e implementata con successo. Anche il processo di produzione in s\u00e9 non pu\u00f2 essere accelerato. Il processo di cristallizzazione non viene trasmesso e nemmeno divulgato. Questo serve a proteggere gli investitori in modo illimitato.<\/p>\n\n\n\n<p>Quali sono le conseguenze della fine della cristallizzazione il 31.12.2026? Circa 300 chilogrammi di osmio grezzo sono ancora disponibili per la cristallizzazione fino al 31.12.2026. Questo corrisponde a un valore di mercato di mezzo miliardo di euro, ma il big bang che sta iniziando ora significher\u00e0 sicuramente molti miliardi di euro in futuro. L&#8217;osmio prodotto fino al 31 dicembre 2026 sar\u00e0 venduto oltre questa data. Tuttavia, poich\u00e9 l&#8217;osmio cristallizzato non verr\u00e0 pi\u00f9 prodotto e le quantit\u00e0 disponibili sono sempre pi\u00f9 ridotte, il prezzo aumenter\u00e0 inesorabilmente. Gradualmente, gli investitori privati e istituzionali e il mercato della gioielleria stanno vedendo l&#8217;osmio come un prossimo &#8220;big player&#8221;.<\/p>\n<\/div><\/div>\n\n<\/div><\/div>\n<div style=\"height:100px\" aria-hidden=\"true\" class=\"wp-block-spacer\"><\/div>\n","protected":false},"excerpt":{"rendered":"<p>Notizie su Osmio Osmio &#8220;Big Bang La cristallizzazione dell&#8217;osmio termina il 31.12.2026 e tutti saranno in grado di indovinare cosa significa. Il Big Bang dell&#8217;osmio ha cos\u00ec inizio. La causa principale \u00e8 stata l&#8217;imposizione da parte del Dipartimento del Tesoro degli Stati Uniti di un divieto di importazione di alluminio, rame e nichel dalla Russia&#8230;.<\/p>\n","protected":false},"author":1,"featured_media":0,"parent":0,"menu_order":0,"comment_status":"closed","ping_status":"closed","template":"","meta":{"tpgb_global_settings":"","_kadence_starter_templates_imported_post":false,"_kad_post_transparent":"","_kad_post_title":"","_kad_post_layout":"","_kad_post_sidebar_id":"","_kad_post_content_style":"","_kad_post_vertical_padding":"","_kad_post_feature":"","_kad_post_feature_position":"","_kad_post_header":false,"_kad_post_footer":false,"_kad_post_classname":"","footnotes":""},"class_list":["post-4884","page","type-page","status-publish","hentry"],"tpgb_featured_images":null,"tpgb_post_meta_info":{"get_date":"2 Dicembre 2022","get_modified_date":"4 Giugno 2024","author_name":"Kumm3r3r","author_url":"https:\/\/osmium.pro\/it\/author\/kumm3r3r\/","author_email":"kummerer@protecting.net","author_website":"https:\/\/osmium.pro","author_description":"","author_facebook":"","author_twitter":"","author_instagram":"","author_role":["administrator"],"author_firstname":"","author_lastname":"","user_login":"Kumm3r3r","comment_count":0,"post_likes":0,"post_views":0},"tpgb_post_category":[],"jetpack_sharing_enabled":true,"_links":{"self":[{"href":"https:\/\/osmium.pro\/it\/wp-json\/wp\/v2\/pages\/4884","targetHints":{"allow":["GET"]}}],"collection":[{"href":"https:\/\/osmium.pro\/it\/wp-json\/wp\/v2\/pages"}],"about":[{"href":"https:\/\/osmium.pro\/it\/wp-json\/wp\/v2\/types\/page"}],"author":[{"embeddable":true,"href":"https:\/\/osmium.pro\/it\/wp-json\/wp\/v2\/users\/1"}],"replies":[{"embeddable":true,"href":"https:\/\/osmium.pro\/it\/wp-json\/wp\/v2\/comments?post=4884"}],"version-history":[{"count":6,"href":"https:\/\/osmium.pro\/it\/wp-json\/wp\/v2\/pages\/4884\/revisions"}],"predecessor-version":[{"id":5287,"href":"https:\/\/osmium.pro\/it\/wp-json\/wp\/v2\/pages\/4884\/revisions\/5287"}],"wp:attachment":[{"href":"https:\/\/osmium.pro\/it\/wp-json\/wp\/v2\/media?parent=4884"}],"curies":[{"name":"wp","href":"https:\/\/api.w.org\/{rel}","templated":true}]}}