{"id":4952,"date":"2023-09-16T14:08:44","date_gmt":"2023-09-16T12:08:44","guid":{"rendered":"https:\/\/osmium.pro\/bague-en-platine-950\/"},"modified":"2023-11-28T13:51:06","modified_gmt":"2023-11-28T12:51:06","slug":"bague-en-platine-950","status":"publish","type":"page","link":"https:\/\/osmium.pro\/fr\/bague-en-platine-950\/","title":{"rendered":"Bague en platine 950"},"content":{"rendered":"\n<div style=\"height:100px\" aria-hidden=\"true\" class=\"wp-block-spacer\"><\/div>\n\n<h1 class=\"wp-block-heading\" style=\"font-style:italic;font-weight:200\">ringe.pro &#8211; Votre expert pour des bagues exclusives en platine, palladium et osmium<\/h1>\n\n<p><br\/>Dans le monde des bijoux exquis, les bagues en platine 950 et les bagues en palladium 950 avec un osmium square ou un osmium diamond sont synonymes d&rsquo;\u00e9l\u00e9gance intemporelle et de qualit\u00e9 exceptionnelle. Si vous \u00eates \u00e0 la recherche des bagues parfaites pour des occasions sp\u00e9ciales ou pour exprimer votre amour et votre attachement, vous \u00eates au bon endroit sur <a alt=\"Bagues en platine et en palladium\" href=\"https:\/\/ringe.pro\" target=\"_blank\" rel=\"dofollow noopener\">https:\/\/ringe.pro<\/a>. Notre boutique en ligne vous propose une s\u00e9lection raffin\u00e9e de bagues en platine et en palladium de qualit\u00e9 sup\u00e9rieure avec Osmium Square ou Osmium Diamond, qui d\u00e9passeront vos attentes.<\/p>\n\n<h2 class=\"wp-block-heading\" style=\"font-style:italic;font-weight:200\">L&rsquo;\u00e9l\u00e9gance des bagues en platine 950<\/h2>\n\n<h3 class=\"wp-block-heading\" style=\"font-style:italic;font-weight:200\">Une qualit\u00e9 in\u00e9gal\u00e9e<\/h3>\n\n<p><br\/>Nos bagues en platine 950 sont fabriqu\u00e9es \u00e0 partir du platine le plus pur disponible sur le march\u00e9. De plus, 25\/1.000 d&rsquo;or sont ajout\u00e9s au platine, ce qui fait de la bague en platine un produit m\u00e9tallique hypoallerg\u00e9nique. Ce m\u00e9tal exceptionnel se distingue en outre par sa remarquable duret\u00e9 et sa long\u00e9vit\u00e9, ce qui en fait un choix id\u00e9al pour les bijoux qui doivent durer toute une vie. Si vous recherchez une bague aussi unique que votre amour, le platine est le choix parfait.<\/p>\n\n<div class=\"wp-block-columns is-layout-flex wp-container-core-columns-is-layout-9d6595d7 wp-block-columns-is-layout-flex\">\n<div class=\"wp-block-column is-layout-flow wp-block-column-is-layout-flow\"><style>.kb-image3155_128ac7-c1 .kb-image-has-overlay:after{opacity:0.3;border-top-left-radius:80px;border-bottom-right-radius:80px;}.kb-image3155_128ac7-c1 img.kb-img, .kb-image3155_128ac7-c1 .kb-img img{border-top:1px solid var(--global-palette6, #718096);border-right:1px solid var(--global-palette6, #718096);border-bottom:1px solid var(--global-palette6, #718096);border-left:1px solid var(--global-palette6, #718096);border-top-left-radius:80px;border-bottom-right-radius:80px;box-shadow:0px 0px 14px 0px rgba(0, 0, 0, 0.2);}@media all and (max-width: 1024px){.kb-image3155_128ac7-c1 img.kb-img, .kb-image3155_128ac7-c1 .kb-img img{border-top:1px solid var(--global-palette6, #718096);border-right:1px solid var(--global-palette6, #718096);border-bottom:1px solid var(--global-palette6, #718096);border-left:1px solid var(--global-palette6, #718096);}}@media all and (max-width: 767px){.kb-image3155_128ac7-c1 img.kb-img, .kb-image3155_128ac7-c1 .kb-img img{border-top:1px solid var(--global-palette6, #718096);border-right:1px solid var(--global-palette6, #718096);border-bottom:1px solid var(--global-palette6, #718096);border-left:1px solid var(--global-palette6, #718096);}}<\/style>\n<figure class=\"wp-block-kadence-image kb-image3155_128ac7-c1 is-style-default\"><img data-recalc-dims=\"1\" loading=\"lazy\" decoding=\"async\" width=\"1024\" height=\"1024\" src=\"https:\/\/i0.wp.com\/osmium.pro\/wp-content\/uploads\/2023\/09\/platin-aussen-flach-innen-gewoelbt-osmium-square.png?resize=1024%2C1024&#038;ssl=1\" alt=\"Bague en platine 950 avec or 25 et osmium Square Osmium Ring\" class=\"kb-img wp-image-3167\" title=\"Bague en platine 950 avec or 25 et osmium Square Osmium Ring\" srcset=\"https:\/\/i0.wp.com\/osmium.pro\/wp-content\/uploads\/2023\/09\/platin-aussen-flach-innen-gewoelbt-osmium-square.png?resize=1024%2C1024&amp;ssl=1 1024w, https:\/\/i0.wp.com\/osmium.pro\/wp-content\/uploads\/2023\/09\/platin-aussen-flach-innen-gewoelbt-osmium-square.png?resize=300%2C300&amp;ssl=1 300w, https:\/\/i0.wp.com\/osmium.pro\/wp-content\/uploads\/2023\/09\/platin-aussen-flach-innen-gewoelbt-osmium-square.png?resize=150%2C150&amp;ssl=1 150w, https:\/\/i0.wp.com\/osmium.pro\/wp-content\/uploads\/2023\/09\/platin-aussen-flach-innen-gewoelbt-osmium-square.png?resize=768%2C768&amp;ssl=1 768w, https:\/\/i0.wp.com\/osmium.pro\/wp-content\/uploads\/2023\/09\/platin-aussen-flach-innen-gewoelbt-osmium-square.png?resize=1536%2C1536&amp;ssl=1 1536w, https:\/\/i0.wp.com\/osmium.pro\/wp-content\/uploads\/2023\/09\/platin-aussen-flach-innen-gewoelbt-osmium-square.png?resize=2048%2C2048&amp;ssl=1 2048w, https:\/\/i0.wp.com\/osmium.pro\/wp-content\/uploads\/2023\/09\/platin-aussen-flach-innen-gewoelbt-osmium-square.png?resize=700%2C700&amp;ssl=1 700w\" sizes=\"auto, (max-width: 1024px) 100vw, 1024px\" \/><\/figure>\n\n\n\n<p style=\"font-size:14px\"><strong>Anneaux en platine avec carr\u00e9 d&rsquo;osmium<\/strong><br\/>Source : ringe.pro<\/p>\n<\/div>\n\n\n\n<div class=\"wp-block-column is-layout-flow wp-block-column-is-layout-flow\">\n<div style=\"height:100px\" aria-hidden=\"true\" class=\"wp-block-spacer\"><\/div>\n\n\n\n<p style=\"font-size:14px\"><strong>Anneaux en platine avec Osmium Diamond<\/strong><br\/>Source : ringe.pro<\/p>\n\n\n<style>.kb-image3155_a98f2d-07 .kb-image-has-overlay:after{opacity:0.3;border-top-left-radius:80px;border-bottom-right-radius:80px;}.kb-image3155_a98f2d-07 img.kb-img, .kb-image3155_a98f2d-07 .kb-img img{border-top:1px solid var(--global-palette6, #718096);border-right:1px solid var(--global-palette6, #718096);border-bottom:1px solid var(--global-palette6, #718096);border-left:1px solid var(--global-palette6, #718096);border-top-left-radius:80px;border-bottom-right-radius:80px;box-shadow:0px 0px 14px 0px rgba(0, 0, 0, 0.2);}@media all and (max-width: 1024px){.kb-image3155_a98f2d-07 img.kb-img, .kb-image3155_a98f2d-07 .kb-img img{border-top:1px solid var(--global-palette6, #718096);border-right:1px solid var(--global-palette6, #718096);border-bottom:1px solid var(--global-palette6, #718096);border-left:1px solid var(--global-palette6, #718096);}}@media all and (max-width: 767px){.kb-image3155_a98f2d-07 img.kb-img, .kb-image3155_a98f2d-07 .kb-img img{border-top:1px solid var(--global-palette6, #718096);border-right:1px solid var(--global-palette6, #718096);border-bottom:1px solid var(--global-palette6, #718096);border-left:1px solid var(--global-palette6, #718096);}}<\/style>\n<figure class=\"wp-block-kadence-image kb-image3155_a98f2d-07 size-large is-style-default\"><img data-recalc-dims=\"1\" loading=\"lazy\" decoding=\"async\" width=\"1024\" height=\"1024\" src=\"https:\/\/i0.wp.com\/osmium.pro\/wp-content\/uploads\/2023\/09\/platin-rechteckig-abrerundete-kanten-osmium-diamond.png?resize=1024%2C1024&#038;ssl=1\" alt=\"Bague en platine 950 avec or 25 et osmium Diamond Osmium Ring\" class=\"kb-img wp-image-3168\" title=\"Bague en platine 950 avec or 25 et osmium Diamond Osmium Ring\" srcset=\"https:\/\/i0.wp.com\/osmium.pro\/wp-content\/uploads\/2023\/09\/platin-rechteckig-abrerundete-kanten-osmium-diamond.png?resize=1024%2C1024&amp;ssl=1 1024w, https:\/\/i0.wp.com\/osmium.pro\/wp-content\/uploads\/2023\/09\/platin-rechteckig-abrerundete-kanten-osmium-diamond.png?resize=300%2C300&amp;ssl=1 300w, https:\/\/i0.wp.com\/osmium.pro\/wp-content\/uploads\/2023\/09\/platin-rechteckig-abrerundete-kanten-osmium-diamond.png?resize=150%2C150&amp;ssl=1 150w, https:\/\/i0.wp.com\/osmium.pro\/wp-content\/uploads\/2023\/09\/platin-rechteckig-abrerundete-kanten-osmium-diamond.png?resize=768%2C768&amp;ssl=1 768w, https:\/\/i0.wp.com\/osmium.pro\/wp-content\/uploads\/2023\/09\/platin-rechteckig-abrerundete-kanten-osmium-diamond.png?resize=1536%2C1536&amp;ssl=1 1536w, https:\/\/i0.wp.com\/osmium.pro\/wp-content\/uploads\/2023\/09\/platin-rechteckig-abrerundete-kanten-osmium-diamond.png?resize=2048%2C2048&amp;ssl=1 2048w, https:\/\/i0.wp.com\/osmium.pro\/wp-content\/uploads\/2023\/09\/platin-rechteckig-abrerundete-kanten-osmium-diamond.png?resize=700%2C700&amp;ssl=1 700w\" sizes=\"auto, (max-width: 1024px) 100vw, 1024px\" \/><\/figure>\n<\/div>\n<\/div>\n\n<h3 class=\"wp-block-heading\" style=\"font-style:italic;font-weight:200\">Une beaut\u00e9 intemporelle<\/h3>\n\n<p><br\/>Le platine n&rsquo;est pas seulement connu pour sa long\u00e9vit\u00e9, mais aussi pour sa beaut\u00e9 intemporelle. Nos bagues en platine 950 sont caract\u00e9ris\u00e9es par un design classique qui ne se d\u00e9mode jamais. Que vous optiez pour une simple bague solitaire ou une bague de fian\u00e7ailles plus \u00e9labor\u00e9e, l&rsquo;\u00e9l\u00e9gance intemporelle du platine sera toujours au centre de vos pr\u00e9occupations.<\/p>\n\n<h3 class=\"wp-block-heading\" style=\"font-style:italic;font-weight:200\">Bague en osmium : une pi\u00e8ce ma\u00eetresse \u00e9tincelante<\/h3>\n\n<p><br\/>Certaines de nos bagues en platine 950 sont serties d&rsquo;osmium square, un substitut de diamant aussi \u00e9tincelant qu&rsquo;un vrai diamant, mais disponible \u00e0 une fraction du prix. Ces accents \u00e9tincelants ajoutent une touche de glamour \u00e0 votre bague et en font le compagnon id\u00e9al pour les grandes occasions.<\/p>\n\n<h2 class=\"wp-block-heading\" style=\"font-style:italic;font-weight:200\">Bagues en palladium 950 : une alternative qui a du style<\/h2>\n\n<h3 class=\"wp-block-heading\" style=\"font-style:italic;font-weight:200\">\u00c9l\u00e9gance l\u00e9g\u00e8re<\/h3>\n\n<p><br\/>Le palladium est un m\u00e9tal qui est devenu de plus en plus populaire ces derni\u00e8res ann\u00e9es. Elle se caract\u00e9rise par sa l\u00e9g\u00e8ret\u00e9 et son \u00e9l\u00e9gance et convient parfaitement \u00e0 ceux qui pr\u00e9f\u00e8rent une bague moins lourde. Nos bagues en palladium 950 sont parfaites pour ceux qui souhaitent porter une bague agr\u00e9able \u00e0 porter tout au long de la journ\u00e9e.<\/p>\n\n<h3 class=\"wp-block-heading\" style=\"font-style:italic;font-weight:200\">Osmium Diamond : une touche de luxe<\/h3>\n\n<p><br\/>Certaines de nos bagues en palladium 950 sont serties d&rsquo;Osmium Diamond, un substitut du diamant qui impressionnera m\u00eame les amateurs de bijoux les plus exigeants. La brillance et l&rsquo;\u00e9clat de l&rsquo;Osmium Diamond conf\u00e8rent \u00e0 votre bague une note luxueuse qui attirera tous les regards.  <\/p>\n\n<h4 class=\"wp-block-heading\">D\u00e9veloppez votre individualit\u00e9 : affichez votre style avec une bague en platine ou en palladium<\/h4>\n\n<p>V\u00e9ritable t\u00e9moignage de votre personnalit\u00e9 et de votre style uniques, nos bagues vous permettent de faire une d\u00e9claration qui n&rsquo;a pas d&rsquo;\u00e9quivalent. Que vous optiez pour un design fin et moderne ou pour une bague influenc\u00e9e par les courbes, notre collection offre une multitude d&rsquo;options pour r\u00e9pondre \u00e0 vos go\u00fbts les plus exigeants.<\/p>\n\n<p>Orn\u00e9e de carr\u00e9s d&rsquo;osmium ou de diamants d&rsquo;osmium soigneusement s\u00e9lectionn\u00e9s, la bague en platine ou en palladium devient sans effort une extension de votre identit\u00e9. Sa polyvalence vous permet de l&rsquo;associer \u00e0 n&rsquo;importe quelle tenue, des v\u00eatements d\u00e9contract\u00e9s aux tenues de soir\u00e9e formelles &#8211; ce qui en fait l&rsquo;accessoire parfait pour toutes les occasions.<\/p>\n\n<h4 class=\"wp-block-heading\">Pourquoi choisir des bagues en platine 950 ou des bagues en palladium 950 avec Osmium Square ou Osmium Diamond ?<\/h4>\n\n<p>Le choix d&rsquo;une bague de fian\u00e7ailles ou d&rsquo;une alliance est l&rsquo;une des d\u00e9cisions les plus importantes dans la vie d&rsquo;un couple. Chez <a alt=\"Bagues en platine et en palladium\" href=\"https:\/\/ringe.pro\" target=\"_blank\" rel=\"dofollow noopener\">https:\/\/ringe.pro<\/a>, nous comprenons l&rsquo;importance de ce moment et nous nous effor\u00e7ons de vous offrir les meilleures options possibles. Voici quelques raisons pour lesquelles vous devriez choisir nos bagues en platine et en palladium avec un Osmium Square ou un Osmium Diamond :<\/p>\n\n<p><strong>\n  <em>La plus haute qualit\u00e9 :<\/em>\n<\/strong> Nos bagues sont fabriqu\u00e9es \u00e0 partir des meilleurs mat\u00e9riaux et sont soumises \u00e0 des contr\u00f4les de qualit\u00e9 stricts afin de garantir qu&rsquo;elles r\u00e9pondent \u00e0 vos attentes.<\/p>\n\n<p><strong>\n  <em>Un design unique :<\/em>\n<\/strong> Chacune de nos bagues est un chef-d&rsquo;\u0153uvre fait \u00e0 la main par un orf\u00e8vre exp\u00e9riment\u00e9. Nous accordons une grande importance aux designs uniques qui font de votre bague quelque chose de sp\u00e9cial.<\/p>\n\n<p><strong>\n  <em>Une brillance unique en son genre :<\/em>\n<\/strong> L&rsquo;osmium cristallin est connu pour sa brillance exceptionnelle. Il refl\u00e8te la lumi\u00e8re d&rsquo;une mani\u00e8re qui fait de l&rsquo;ombre aux diamants. La bague en platine avec osmium cristallis\u00e9 brille et scintille comme aucune autre.<\/p>\n\n<p><strong>\n  <em>Plus dur que le diamant :<\/em>\n<\/strong> L&rsquo;osmium cristallin est l&rsquo;un des mat\u00e9riaux les plus durs sur terre. Il est plus r\u00e9sistant aux rayures et \u00e0 l&rsquo;usure que les diamants. Votre bague sera toujours aussi \u00e9clatante qu&rsquo;au premier jour, m\u00eame apr\u00e8s des ann\u00e9es d&rsquo;utilisation.<\/p>\n\n<p><strong>\n  <em>L&rsquo;exclusivit\u00e9 est de mise :<\/em>\n<\/strong> L&rsquo;osmium cristallis\u00e9 \u00e9tant extr\u00eamement rare, chaque bague en platine qui en est compos\u00e9e est unique. Si vous cherchez un bijou qui souligne votre singularit\u00e9, c&rsquo;est le choix parfait.<\/p>\n\n<p><strong>\n  <em>La satisfaction du client :<\/em>\n<\/strong> La satisfaction de nos clients est notre priorit\u00e9 absolue. Nous sommes fiers de notre service client de qualit\u00e9 et nous sommes toujours l\u00e0 pour r\u00e9pondre \u00e0 vos questions et vous aider \u00e0 choisir la bague parfaite.<\/p>\n\n<p><strong>\n  <em>L&rsquo;\u00e9volution des prix :<\/em>\n<\/strong> Le <a href=\"https:\/\/osmium.pro\/#osmium-preisentwicklung\">prix de<\/a> l&rsquo;osmium a \u00e9volu\u00e9 <a href=\"https:\/\/osmium.pro\/#osmium-preisentwicklung\">de mani\u00e8re constante \u00e0 la hausse<\/a> ces derni\u00e8res ann\u00e9es. En raison de sa raret\u00e9 et de l&rsquo;augmentation constante de la demande, l&rsquo;\u00e9volution du cours est orient\u00e9e \u00e0 la hausse.<\/p>\n\n<p><strong>\n  <em>Une grande vari\u00e9t\u00e9 de choix :<\/em>\n<\/strong> Que vous soyez \u00e0 la recherche d&rsquo;une bague de fian\u00e7ailles classique, d&rsquo;une alliance ou d&rsquo;un cadeau sp\u00e9cial, notre gamme offre un large \u00e9ventail d&rsquo;options pour r\u00e9pondre \u00e0 vos go\u00fbts et styles personnels.<\/p>\n\n<p><strong>\n  <em>De la valeur pour votre argent :<\/em>\n<\/strong> Chez ringe.pro, vous obtenez une qualit\u00e9 de premier ordre \u00e0 des prix abordables. Nous pensons que tout le monde devrait avoir le droit de porter des bijoux de qualit\u00e9 sans pour autant d\u00e9passer son budget.<\/p>\n\n<figure class=\"wp-block-image size-full is-style-default\"><img data-recalc-dims=\"1\" loading=\"lazy\" decoding=\"async\" width=\"1290\" height=\"368\" src=\"https:\/\/i0.wp.com\/osmium.pro\/wp-content\/uploads\/2023\/09\/ringe_qualitaet.png?resize=1290%2C368&#038;ssl=1\" alt=\"https:\/\/ringe.pro\" class=\"wp-image-3218\" title=\"https:\/\/ringe.pro\" srcset=\"https:\/\/i0.wp.com\/osmium.pro\/wp-content\/uploads\/2023\/09\/ringe_qualitaet.png?w=1433&amp;ssl=1 1433w, https:\/\/i0.wp.com\/osmium.pro\/wp-content\/uploads\/2023\/09\/ringe_qualitaet.png?resize=300%2C86&amp;ssl=1 300w, https:\/\/i0.wp.com\/osmium.pro\/wp-content\/uploads\/2023\/09\/ringe_qualitaet.png?resize=1024%2C292&amp;ssl=1 1024w, https:\/\/i0.wp.com\/osmium.pro\/wp-content\/uploads\/2023\/09\/ringe_qualitaet.png?resize=768%2C219&amp;ssl=1 768w\" sizes=\"auto, (max-width: 1290px) 100vw, 1290px\" \/><figcaption class=\"wp-element-caption\">Source <a href=\"https:\/\/ai4art.eu\" target=\"_blank\" rel=\"noreferrer noopener\">: https:\/\/ai4art.eu<\/a><\/figcaption><\/figure>\n\n<h2 class=\"wp-block-heading\" style=\"font-style:italic;font-weight:200\">La bague de vos r\u00eaves vous attend<\/h2>\n\n<p><br\/>Nous sommes fiers de proposer une vaste collection de bagues en platine 950 et de bagues en palladium 950 avec osmium square ou osmium diamond. Nous sommes convaincus que nous d\u00e9passerons vos attentes et que nous pourrons vous aider \u00e0 trouver la bague parfaite pour un moment particulier de votre vie.<\/p>\n\n<p>D\u00e9couvrez d\u00e8s aujourd&rsquo;hui notre collection unique et laissez-vous envo\u00fbter par sa beaut\u00e9 intemporelle et sa qualit\u00e9 de premier ordre. La bague de vos r\u00eaves vous attend chez ringe.pro &#8211; votre expert en bijoux de premi\u00e8re qualit\u00e9.<\/p>\n\n<h3 class=\"wp-block-heading\" style=\"font-style:italic;font-weight:200\"><span style=\"text-decoration: underline;\">Conclusion<\/span><\/h3>\n\n<p>Les bagues en platine 950 et les bagues en palladium 950 avec Osmium Square ou Osmium Diamond ne sont pas seulement des bijoux, mais aussi des symboles d&rsquo;amour et de d\u00e9votion. Chez ringe.pro, vous trouverez une s\u00e9lection de ces bagues exquises qui feront chavirer votre c\u0153ur. Avec une qualit\u00e9 sup\u00e9rieure, un design unique et des prix abordables, nos bagues sont le choix parfait pour le moment le plus important de votre vie. D\u00e9couvrez d\u00e8s aujourd&rsquo;hui les bagues de vos r\u00eaves et laissez-vous envo\u00fbter par leur beaut\u00e9 intemporelle.<\/p>\n\n<p>Avec nos bagues en platine et palladium de haute qualit\u00e9 avec Osmium Squares ou Osmium Diamonds, vous attirerez sans aucun doute tous les regards, car aucune pierre pr\u00e9cieuse n&rsquo;est capable de scintiller plus intens\u00e9ment et plus loin que l&rsquo;osmium. Et la qualit\u00e9 parle d&rsquo;elle-m\u00eame, car nos bagues sont un exemple d&rsquo;artisanat exceptionnel et d&rsquo;\u00e9l\u00e9gance intemporelle. N&rsquo;attendez pas plus longtemps &#8211; visitez <a alt=\"Bagues en platine et en palladium\" href=\"https:\/\/ringe.pro\" target=\"_blank\" rel=\"dofollow noopener\">https:\/\/ringe.pro<\/a> et trouvez la bague de vos r\u00eaves d\u00e8s aujourd&rsquo;hui.<\/p>\n\n<div style=\"height:100px\" aria-hidden=\"true\" class=\"wp-block-spacer\"><\/div>\n","protected":false},"excerpt":{"rendered":"<p>ringe.pro &#8211; Votre expert pour des bagues exclusives en platine, palladium et osmium Dans le monde des bijoux exquis, les bagues en platine 950 et les bagues en palladium 950 avec un osmium square ou un osmium diamond sont synonymes d&rsquo;\u00e9l\u00e9gance intemporelle et de qualit\u00e9 exceptionnelle. Si vous \u00eates \u00e0 la recherche des bagues parfaites&#8230;<\/p>\n","protected":false},"author":1,"featured_media":0,"parent":0,"menu_order":0,"comment_status":"closed","ping_status":"closed","template":"","meta":{"tpgb_global_settings":"","_kadence_starter_templates_imported_post":false,"_kad_post_transparent":"","_kad_post_title":"","_kad_post_layout":"","_kad_post_sidebar_id":"","_kad_post_content_style":"","_kad_post_vertical_padding":"","_kad_post_feature":"","_kad_post_feature_position":"","_kad_post_header":false,"_kad_post_footer":false,"_kad_post_classname":"","footnotes":""},"class_list":["post-4952","page","type-page","status-publish","hentry"],"tpgb_featured_images":null,"tpgb_post_meta_info":{"get_date":"16 septembre 2023","get_modified_date":"28 novembre 2023","author_name":"Kumm3r3r","author_url":"https:\/\/osmium.pro\/fr\/author\/kumm3r3r\/","author_email":"kummerer@protecting.net","author_website":"https:\/\/osmium.pro","author_description":"","author_facebook":"","author_twitter":"","author_instagram":"","author_role":["administrator"],"author_firstname":"","author_lastname":"","user_login":"Kumm3r3r","comment_count":0,"post_likes":0,"post_views":0},"tpgb_post_category":[],"jetpack_sharing_enabled":true,"_links":{"self":[{"href":"https:\/\/osmium.pro\/fr\/wp-json\/wp\/v2\/pages\/4952","targetHints":{"allow":["GET"]}}],"collection":[{"href":"https:\/\/osmium.pro\/fr\/wp-json\/wp\/v2\/pages"}],"about":[{"href":"https:\/\/osmium.pro\/fr\/wp-json\/wp\/v2\/types\/page"}],"author":[{"embeddable":true,"href":"https:\/\/osmium.pro\/fr\/wp-json\/wp\/v2\/users\/1"}],"replies":[{"embeddable":true,"href":"https:\/\/osmium.pro\/fr\/wp-json\/wp\/v2\/comments?post=4952"}],"version-history":[{"count":1,"href":"https:\/\/osmium.pro\/fr\/wp-json\/wp\/v2\/pages\/4952\/revisions"}],"predecessor-version":[{"id":4953,"href":"https:\/\/osmium.pro\/fr\/wp-json\/wp\/v2\/pages\/4952\/revisions\/4953"}],"wp:attachment":[{"href":"https:\/\/osmium.pro\/fr\/wp-json\/wp\/v2\/media?parent=4952"}],"curies":[{"name":"wp","href":"https:\/\/api.w.org\/{rel}","templated":true}]}}