{"id":4898,"date":"2022-12-26T20:35:58","date_gmt":"2022-12-26T19:35:58","guid":{"rendered":"https:\/\/osmium.pro\/nouvelles-de-losmium\/blog-de-losmium\/"},"modified":"2023-11-28T12:12:20","modified_gmt":"2023-11-28T11:12:20","slug":"blog-de-losmium","status":"publish","type":"page","link":"https:\/\/osmium.pro\/fr\/nouvelles-de-losmium\/blog-de-losmium\/","title":{"rendered":"Blog de l&rsquo;osmium"},"content":{"rendered":"\n<div style=\"height:100px\" aria-hidden=\"true\" class=\"wp-block-spacer\"><\/div>\n\n<h1 class=\"wp-block-heading\" style=\"font-style:italic;font-weight:300\">Blog de l&rsquo;osmium<\/h1>\n<div  class=\"tpgb-wrap-cc0023  tpgb-wrap-fw  tpgb-anim-dur-normal tpgb-view-animation\" data-animationSetting='{&quot;anime&quot;:{&quot;md&quot;:&quot;fadeIn&quot;,&quot;sm&quot;:&quot;&quot;,&quot;xs&quot;:&quot;&quot;}}' ><div id=\"cc0023\" class=\"tpgb-post-listing tpgb-relative-block    tpgb-block-cc0023 dynamic-style-2 tpgb-isotope layout-style-2 \" data-id=\"cc0023\" data-style=\"dynamic-style-2\"   data-layout=\"masonry\"  data-connection=\"tpgb_search\"   ><div class=\"tpgb-row post-loop-inner\" ><div class=\"grid-item tpgb-col  tpgb-col-lg-6 tpgb-col-md-6 tpgb-col-sm-12 tpgb-col-12\">\r\n<div class=\"dynamic-list-content tpgb-dynamic-tran\">\r\n\t\r\n\t \r\n\t<div class=\"post-content-image\">\r\n\t\t\t<div class=\"tpgb-post-featured-img tpgb-dynamic-tran hover-image-style-1\">\r\n\t\t<a href=\"https:\/\/osmium.pro\/fr\/le-violon-dosmium\/\" aria-label=\"Le violon d&rsquo;osmium\">\r\n\t\t\t<img loading=\"lazy\" decoding=\"async\" width=\"700\" height=\"450\" src=\"https:\/\/i0.wp.com\/osmium.pro\/wp-content\/uploads\/2022\/01\/fox_b.png?fit=700%2C450&amp;ssl=1\" class=\"tpgb-d-block tpgb-post-img tpgb-dynamic-tran wp-post-image\" alt=\"\" srcset=\"https:\/\/i0.wp.com\/osmium.pro\/wp-content\/uploads\/2022\/01\/fox_b.png?w=700&amp;ssl=1 700w, https:\/\/i0.wp.com\/osmium.pro\/wp-content\/uploads\/2022\/01\/fox_b.png?resize=300%2C193&amp;ssl=1 300w\" sizes=\"auto, (max-width: 700px) 100vw, 700px\" \/>\t\t<\/a>\r\n\t<\/div>\t\t\t<\/div>\r\n\t\t\r\n\t<div class=\"tpgb-content-bottom text-center\">\r\n\t\t\t\t\t\t<h3 class=\"tpgb-post-title tpgb-dynamic-tran\">\r\n\t<a href=\"https:\/\/osmium.pro\/fr\/le-violon-dosmium\/\">Le violon d&rsquo;osmium<\/a>\r\n<\/h3>\t\t<div class=\"tpgb-post-hover-content\">\r\n\t\t\t\t<div class=\"tpgb-post-excerpt tpgb-d-block tpgb-dynamic-tran\"><p>Le violon d&rsquo;osmium Le 30 mars 2023, le violon le plus cher du monde, nouvellement cr\u00e9\u00e9, a \u00e9t\u00e9 pr\u00e9sent\u00e9 pour la premi\u00e8re fois au public \u00e0 Vienne, sous les plus strictes mesures de s\u00e9curit\u00e9, \u00e0 la Post AG. Le luthier autrichien Edgar Russ, qui travaille \u00e0 Cr\u00e9mone, la capitale italienne du violon, a r\u00e9alis\u00e9 ce&#8230;<\/p><\/div>\r\n<div class=\"post-meta-info post-info-style-2\">\t\r\n\t\t\t    <span class=\"post-meta-date\"><a href=\"https:\/\/osmium.pro\/fr\/le-violon-dosmium\/\" class=\"tpgb-dynamic-tran post-entry-date\">2 juin 2023<\/a><\/span>\r\n<\/div>\r\n\r\n\t\t<\/div>\r\n\t\t\t<\/div>\r\n\t\t<\/div><\/div><div class=\"grid-item tpgb-col  tpgb-col-lg-6 tpgb-col-md-6 tpgb-col-sm-12 tpgb-col-12\">\r\n<div class=\"dynamic-list-content tpgb-dynamic-tran\">\r\n\t\r\n\t \r\n\t<div class=\"post-content-image\">\r\n\t\t\t<div class=\"tpgb-post-featured-img tpgb-dynamic-tran hover-image-style-1\">\r\n\t\t<a href=\"https:\/\/osmium.pro\/fr\/linvestissement-en-osmium-la-nouvelle-reference\/\" aria-label=\"L&rsquo;investissement en osmium &#8211; la nouvelle r\u00e9f\u00e9rence\">\r\n\t\t\t<img loading=\"lazy\" decoding=\"async\" width=\"700\" height=\"450\" src=\"https:\/\/i0.wp.com\/osmium.pro\/wp-content\/uploads\/2022\/01\/horse_b.png?fit=700%2C450&amp;ssl=1\" class=\"tpgb-d-block tpgb-post-img tpgb-dynamic-tran wp-post-image\" alt=\"\" srcset=\"https:\/\/i0.wp.com\/osmium.pro\/wp-content\/uploads\/2022\/01\/horse_b.png?w=700&amp;ssl=1 700w, https:\/\/i0.wp.com\/osmium.pro\/wp-content\/uploads\/2022\/01\/horse_b.png?resize=300%2C193&amp;ssl=1 300w\" sizes=\"auto, (max-width: 700px) 100vw, 700px\" \/>\t\t<\/a>\r\n\t<\/div>\t\t\t<\/div>\r\n\t\t\r\n\t<div class=\"tpgb-content-bottom text-center\">\r\n\t\t\t\t\t\t<h3 class=\"tpgb-post-title tpgb-dynamic-tran\">\r\n\t<a href=\"https:\/\/osmium.pro\/fr\/linvestissement-en-osmium-la-nouvelle-reference\/\">L&rsquo;investissement en osmium &#8211; la nouvelle r\u00e9f\u00e9rence<\/a>\r\n<\/h3>\t\t<div class=\"tpgb-post-hover-content\">\r\n\t\t\t\t<div class=\"tpgb-post-excerpt tpgb-d-block tpgb-dynamic-tran\"><p>L&rsquo;investissement en osmium pose de nouveaux jalons Si vous avez maintenant perdu foi en l&rsquo;argent liquide et que vous souhaitez acqu\u00e9rir un actif tangible \u00e0 forte densit\u00e9 de valeur ou sortir des placements en or ou en BTC, l&rsquo;osmium est le bon choix. Il y a huit m\u00e9taux pr\u00e9cieux dans le tableau p\u00e9riodique. Sept d&rsquo;entre&#8230;<\/p><\/div>\r\n<div class=\"post-meta-info post-info-style-2\">\t\r\n\t\t\t    <span class=\"post-meta-date\"><a href=\"https:\/\/osmium.pro\/fr\/linvestissement-en-osmium-la-nouvelle-reference\/\" class=\"tpgb-dynamic-tran post-entry-date\">10 novembre 2022<\/a><\/span>\r\n<\/div>\r\n\r\n\t\t<\/div>\r\n\t\t\t<\/div>\r\n\t\t<\/div><\/div><div class=\"grid-item tpgb-col  tpgb-col-lg-6 tpgb-col-md-6 tpgb-col-sm-12 tpgb-col-12\">\r\n<div class=\"dynamic-list-content tpgb-dynamic-tran\">\r\n\t\r\n\t \r\n\t<div class=\"post-content-image\">\r\n\t\t\t<div class=\"tpgb-post-featured-img tpgb-dynamic-tran hover-image-style-1\">\r\n\t\t<a href=\"https:\/\/osmium.pro\/fr\/losmium-le-dernier-metal-precieux\/\" aria-label=\"L&rsquo;osmium, le dernier m\u00e9tal pr\u00e9cieux\">\r\n\t\t\t<img loading=\"lazy\" decoding=\"async\" width=\"700\" height=\"450\" src=\"https:\/\/i0.wp.com\/osmium.pro\/wp-content\/uploads\/2022\/01\/star_b.png?fit=700%2C450&amp;ssl=1\" class=\"tpgb-d-block tpgb-post-img tpgb-dynamic-tran wp-post-image\" alt=\"\" srcset=\"https:\/\/i0.wp.com\/osmium.pro\/wp-content\/uploads\/2022\/01\/star_b.png?w=700&amp;ssl=1 700w, https:\/\/i0.wp.com\/osmium.pro\/wp-content\/uploads\/2022\/01\/star_b.png?resize=300%2C193&amp;ssl=1 300w\" sizes=\"auto, (max-width: 700px) 100vw, 700px\" \/>\t\t<\/a>\r\n\t<\/div>\t\t\t<\/div>\r\n\t\t\r\n\t<div class=\"tpgb-content-bottom text-center\">\r\n\t\t\t\t\t\t<h3 class=\"tpgb-post-title tpgb-dynamic-tran\">\r\n\t<a href=\"https:\/\/osmium.pro\/fr\/losmium-le-dernier-metal-precieux\/\">L&rsquo;osmium, le dernier m\u00e9tal pr\u00e9cieux<\/a>\r\n<\/h3>\t\t<div class=\"tpgb-post-hover-content\">\r\n\t\t\t\t<div class=\"tpgb-post-excerpt tpgb-d-block tpgb-dynamic-tran\"><p>L&rsquo;osmium, le dernier m\u00e9tal pr\u00e9cieux Toute personne qui pense aux m\u00e9taux pr\u00e9cieux, surtout en tant qu&rsquo;investissement ou possession, pense souvent \u00e0 l&rsquo;or, au platine ou \u00e0 l&rsquo;argent. Mais depuis quelques ann\u00e9es, le commerce de l&rsquo;osmium est \u00e9galement en augmentation. Ce m\u00e9tal a \u00e9t\u00e9 d\u00e9couvert d\u00e8s 1804, mais ce n&rsquo;est qu&rsquo;en 2013 qu&rsquo;il est devenu cristallisable&#8230;<\/p><\/div>\r\n<div class=\"post-meta-info post-info-style-2\">\t\r\n\t\t\t    <span class=\"post-meta-date\"><a href=\"https:\/\/osmium.pro\/fr\/losmium-le-dernier-metal-precieux\/\" class=\"tpgb-dynamic-tran post-entry-date\">15 septembre 2022<\/a><\/span>\r\n<\/div>\r\n\r\n\t\t<\/div>\r\n\t\t\t<\/div>\r\n\t\t<\/div><\/div><div class=\"grid-item tpgb-col  tpgb-col-lg-6 tpgb-col-md-6 tpgb-col-sm-12 tpgb-col-12\">\r\n<div class=\"dynamic-list-content tpgb-dynamic-tran\">\r\n\t\r\n\t \r\n\t<div class=\"post-content-image\">\r\n\t\t\t<div class=\"tpgb-post-featured-img tpgb-dynamic-tran hover-image-style-1\">\r\n\t\t<a href=\"https:\/\/osmium.pro\/fr\/le-marche-de-losmium-croissance-internationale\/\" aria-label=\"Le march\u00e9 de l&rsquo;osmium &#8211; croissance internationale\">\r\n\t\t\t<img loading=\"lazy\" decoding=\"async\" width=\"700\" height=\"450\" src=\"https:\/\/i0.wp.com\/osmium.pro\/wp-content\/uploads\/2022\/01\/fox_a.png?fit=700%2C450&amp;ssl=1\" class=\"tpgb-d-block tpgb-post-img tpgb-dynamic-tran wp-post-image\" alt=\"\" srcset=\"https:\/\/i0.wp.com\/osmium.pro\/wp-content\/uploads\/2022\/01\/fox_a.png?w=700&amp;ssl=1 700w, https:\/\/i0.wp.com\/osmium.pro\/wp-content\/uploads\/2022\/01\/fox_a.png?resize=300%2C193&amp;ssl=1 300w\" sizes=\"auto, (max-width: 700px) 100vw, 700px\" \/>\t\t<\/a>\r\n\t<\/div>\t\t\t<\/div>\r\n\t\t\r\n\t<div class=\"tpgb-content-bottom text-center\">\r\n\t\t\t\t\t\t<h3 class=\"tpgb-post-title tpgb-dynamic-tran\">\r\n\t<a href=\"https:\/\/osmium.pro\/fr\/le-marche-de-losmium-croissance-internationale\/\">Le march\u00e9 de l&rsquo;osmium &#8211; croissance internationale<\/a>\r\n<\/h3>\t\t<div class=\"tpgb-post-hover-content\">\r\n\t\t\t\t<div class=\"tpgb-post-excerpt tpgb-d-block tpgb-dynamic-tran\"><p>Le march\u00e9 international de l&rsquo;osmium en pleine expansion Un aper\u00e7u du march\u00e9 international de l&rsquo;osmium en pleine croissance L&rsquo;osmium sous sa forme cristalline est devenu une superstar sur le march\u00e9 des m\u00e9taux pr\u00e9cieux. En seulement huit ans apr\u00e8s la d\u00e9couverte de sa forme cristalline, le m\u00e9tal pr\u00e9cieux le plus rare, le plus pr\u00e9cieux et sans&#8230;<\/p><\/div>\r\n<div class=\"post-meta-info post-info-style-2\">\t\r\n\t\t\t    <span class=\"post-meta-date\"><a href=\"https:\/\/osmium.pro\/fr\/le-marche-de-losmium-croissance-internationale\/\" class=\"tpgb-dynamic-tran post-entry-date\">20 juin 2022<\/a><\/span>\r\n<\/div>\r\n\r\n\t\t<\/div>\r\n\t\t\t<\/div>\r\n\t\t<\/div><\/div><div class=\"grid-item tpgb-col  tpgb-col-lg-6 tpgb-col-md-6 tpgb-col-sm-12 tpgb-col-12\">\r\n<div class=\"dynamic-list-content tpgb-dynamic-tran\">\r\n\t\r\n\t \r\n\t<div class=\"post-content-image\">\r\n\t\t\t<div class=\"tpgb-post-featured-img tpgb-dynamic-tran hover-image-style-1\">\r\n\t\t<a href=\"https:\/\/osmium.pro\/fr\/losmium-le-metal-le-plus-rare-au-monde\/\" aria-label=\"L&rsquo;osmium &#8211; le m\u00e9tal le plus rare au monde\">\r\n\t\t\t<img loading=\"lazy\" decoding=\"async\" width=\"700\" height=\"450\" src=\"https:\/\/i0.wp.com\/osmium.pro\/wp-content\/uploads\/2022\/01\/hirsch_b.png?fit=700%2C450&amp;ssl=1\" class=\"tpgb-d-block tpgb-post-img tpgb-dynamic-tran wp-post-image\" alt=\"\" srcset=\"https:\/\/i0.wp.com\/osmium.pro\/wp-content\/uploads\/2022\/01\/hirsch_b.png?w=700&amp;ssl=1 700w, https:\/\/i0.wp.com\/osmium.pro\/wp-content\/uploads\/2022\/01\/hirsch_b.png?resize=300%2C193&amp;ssl=1 300w\" sizes=\"auto, (max-width: 700px) 100vw, 700px\" \/>\t\t<\/a>\r\n\t<\/div>\t\t\t<\/div>\r\n\t\t\r\n\t<div class=\"tpgb-content-bottom text-center\">\r\n\t\t\t\t\t\t<h3 class=\"tpgb-post-title tpgb-dynamic-tran\">\r\n\t<a href=\"https:\/\/osmium.pro\/fr\/losmium-le-metal-le-plus-rare-au-monde\/\">L&rsquo;osmium &#8211; le m\u00e9tal le plus rare au monde<\/a>\r\n<\/h3>\t\t<div class=\"tpgb-post-hover-content\">\r\n\t\t\t\t<div class=\"tpgb-post-excerpt tpgb-d-block tpgb-dynamic-tran\"><p>L&rsquo;osmium &#8211; le m\u00e9tal le plus rare au monde Le m\u00e9tal le plus rare au monde Les gisements d&rsquo;osmium sont infinit\u00e9simaux et son extraction est longue et co\u00fbteuse. Bien qu&rsquo;il ait \u00e9t\u00e9 d\u00e9couvert il y a plus de 200 ans, il n&rsquo;est jamais devenu un m\u00e9tal industriel ou de luxe courant en raison de sa&#8230;<\/p><\/div>\r\n<div class=\"post-meta-info post-info-style-2\">\t\r\n\t\t\t    <span class=\"post-meta-date\"><a href=\"https:\/\/osmium.pro\/fr\/losmium-le-metal-le-plus-rare-au-monde\/\" class=\"tpgb-dynamic-tran post-entry-date\">4 avril 2022<\/a><\/span>\r\n<\/div>\r\n\r\n\t\t<\/div>\r\n\t\t\t<\/div>\r\n\t\t<\/div><\/div><div class=\"grid-item tpgb-col  tpgb-col-lg-6 tpgb-col-md-6 tpgb-col-sm-12 tpgb-col-12\">\r\n<div class=\"dynamic-list-content tpgb-dynamic-tran\">\r\n\t\r\n\t \r\n\t<div class=\"post-content-image\">\r\n\t\t\t<div class=\"tpgb-post-featured-img tpgb-dynamic-tran hover-image-style-1\">\r\n\t\t<a href=\"https:\/\/osmium.pro\/fr\/osmium-le-sunshine-element\/\" aria-label=\"Osmium &#8211; Le \u00ab\u00a0Sunshine Element\">\r\n\t\t\t<img loading=\"lazy\" decoding=\"async\" width=\"700\" height=\"450\" src=\"https:\/\/i0.wp.com\/osmium.pro\/wp-content\/uploads\/2022\/01\/spatz_a.png?fit=700%2C450&amp;ssl=1\" class=\"tpgb-d-block tpgb-post-img tpgb-dynamic-tran wp-post-image\" alt=\"\" srcset=\"https:\/\/i0.wp.com\/osmium.pro\/wp-content\/uploads\/2022\/01\/spatz_a.png?w=700&amp;ssl=1 700w, https:\/\/i0.wp.com\/osmium.pro\/wp-content\/uploads\/2022\/01\/spatz_a.png?resize=300%2C193&amp;ssl=1 300w\" sizes=\"auto, (max-width: 700px) 100vw, 700px\" \/>\t\t<\/a>\r\n\t<\/div>\t\t\t<\/div>\r\n\t\t\r\n\t<div class=\"tpgb-content-bottom text-center\">\r\n\t\t\t\t\t\t<h3 class=\"tpgb-post-title tpgb-dynamic-tran\">\r\n\t<a href=\"https:\/\/osmium.pro\/fr\/osmium-le-sunshine-element\/\">Osmium &#8211; Le \u00ab\u00a0Sunshine Element<\/a>\r\n<\/h3>\t\t<div class=\"tpgb-post-hover-content\">\r\n\t\t\t\t<div class=\"tpgb-post-excerpt tpgb-d-block tpgb-dynamic-tran\"><p>Osmium &#8211; Le \u00ab\u00a0Sunshine Element Les m\u00e9taux pr\u00e9cieux ont toujours attir\u00e9 les investisseurs en raison de leur valeur intrins\u00e8que. La pand\u00e9mie a montr\u00e9 qu&rsquo;en temps de crise, les gens se tournent vers des placements qui leur sont familiers et sur lesquels ils peuvent compter depuis des si\u00e8cles : L&rsquo;or, l&rsquo;argent, le platine et le palladium&#8230;<\/p><\/div>\r\n<div class=\"post-meta-info post-info-style-2\">\t\r\n\t\t\t    <span class=\"post-meta-date\"><a href=\"https:\/\/osmium.pro\/fr\/osmium-le-sunshine-element\/\" class=\"tpgb-dynamic-tran post-entry-date\">26 janvier 2022<\/a><\/span>\r\n<\/div>\r\n\r\n\t\t<\/div>\r\n\t\t\t<\/div>\r\n\t\t<\/div><\/div><\/div><\/div><\/div>\n<div style=\"height:100px\" aria-hidden=\"true\" class=\"wp-block-spacer\"><\/div>\n","protected":false},"excerpt":{"rendered":"<p>Blog de l&rsquo;osmium<\/p>\n","protected":false},"author":1,"featured_media":0,"parent":4882,"menu_order":0,"comment_status":"closed","ping_status":"closed","template":"","meta":{"tpgb_global_settings":"","_kadence_starter_templates_imported_post":false,"_kad_post_transparent":"","_kad_post_title":"","_kad_post_layout":"","_kad_post_sidebar_id":"","_kad_post_content_style":"","_kad_post_vertical_padding":"","_kad_post_feature":"","_kad_post_feature_position":"","_kad_post_header":false,"_kad_post_footer":false,"_kad_post_classname":"","footnotes":""},"class_list":["post-4898","page","type-page","status-publish","hentry"],"tpgb_featured_images":null,"tpgb_post_meta_info":{"get_date":"26 d\u00e9cembre 2022","get_modified_date":"28 novembre 2023","author_name":"Kumm3r3r","author_url":"https:\/\/osmium.pro\/fr\/author\/kumm3r3r\/","author_email":"kummerer@protecting.net","author_website":"https:\/\/osmium.pro","author_description":"","author_facebook":"","author_twitter":"","author_instagram":"","author_role":["administrator"],"author_firstname":"","author_lastname":"","user_login":"Kumm3r3r","comment_count":0,"post_likes":0,"post_views":0},"tpgb_post_category":[],"jetpack_sharing_enabled":true,"_links":{"self":[{"href":"https:\/\/osmium.pro\/fr\/wp-json\/wp\/v2\/pages\/4898","targetHints":{"allow":["GET"]}}],"collection":[{"href":"https:\/\/osmium.pro\/fr\/wp-json\/wp\/v2\/pages"}],"about":[{"href":"https:\/\/osmium.pro\/fr\/wp-json\/wp\/v2\/types\/page"}],"author":[{"embeddable":true,"href":"https:\/\/osmium.pro\/fr\/wp-json\/wp\/v2\/users\/1"}],"replies":[{"embeddable":true,"href":"https:\/\/osmium.pro\/fr\/wp-json\/wp\/v2\/comments?post=4898"}],"version-history":[{"count":1,"href":"https:\/\/osmium.pro\/fr\/wp-json\/wp\/v2\/pages\/4898\/revisions"}],"predecessor-version":[{"id":4899,"href":"https:\/\/osmium.pro\/fr\/wp-json\/wp\/v2\/pages\/4898\/revisions\/4899"}],"up":[{"embeddable":true,"href":"https:\/\/osmium.pro\/fr\/wp-json\/wp\/v2\/pages\/4882"}],"wp:attachment":[{"href":"https:\/\/osmium.pro\/fr\/wp-json\/wp\/v2\/media?parent=4898"}],"curies":[{"name":"wp","href":"https:\/\/api.w.org\/{rel}","templated":true}]}}