{"id":4882,"date":"2022-12-02T22:08:50","date_gmt":"2022-12-02T21:08:50","guid":{"rendered":"https:\/\/osmium.pro\/nouvelles-de-losmium\/"},"modified":"2024-06-04T09:19:11","modified_gmt":"2024-06-04T07:19:11","slug":"nouvelles-de-losmium","status":"publish","type":"page","link":"https:\/\/osmium.pro\/fr\/nouvelles-de-losmium\/","title":{"rendered":"Nouvelles de l&rsquo;osmium"},"content":{"rendered":"\n<div style=\"height:100px\" aria-hidden=\"true\" class=\"wp-block-spacer\"><\/div>\n\n<h1 class=\"wp-block-heading\" style=\"font-style:italic;font-weight:200\">Nouvelles de l&rsquo;osmium<\/h1>\n<style>.kb-row-layout-id1664_e6d45d-a1 > .kt-row-column-wrap{align-content:center;}:where(.kb-row-layout-id1664_e6d45d-a1 > .kt-row-column-wrap) > .wp-block-kadence-column{justify-content:center;}.kb-row-layout-id1664_e6d45d-a1 > .kt-row-column-wrap{column-gap:var(--global-kb-gap-lg, 4rem);row-gap:var(--global-kb-gap-md, 2rem);max-width:var( --global-content-width, 1290px );padding-left:var(--global-content-edge-padding);padding-right:var(--global-content-edge-padding);padding-top:var(--global-kb-spacing-sm, 1.5rem);padding-bottom:var(--global-kb-spacing-sm, 1.5rem);grid-template-columns:minmax(0, calc(50% - ((var(--global-kb-gap-lg, 4rem) * 1 )\/2)))minmax(0, calc(50% - ((var(--global-kb-gap-lg, 4rem) * 1 )\/2)));}.kb-row-layout-id1664_e6d45d-a1{border-top-left-radius:6px;border-top-right-radius:6px;border-bottom-right-radius:6px;border-bottom-left-radius:6px;overflow:clip;isolation:isolate;}.kb-row-layout-id1664_e6d45d-a1 > .kt-row-layout-overlay{border-top-left-radius:6px;border-top-right-radius:6px;border-bottom-right-radius:6px;border-bottom-left-radius:6px;}.kb-row-layout-id1664_e6d45d-a1{border-top:1px solid var(--global-palette6, #718096);border-right:1px solid var(--global-palette6, #718096);border-bottom:1px solid var(--global-palette6, #718096);border-left:1px solid var(--global-palette6, #718096);}.kb-row-layout-id1664_e6d45d-a1 > .kt-row-layout-overlay{opacity:0.30;}@media all and (max-width: 1024px){.kb-row-layout-id1664_e6d45d-a1 > .kt-row-column-wrap{grid-template-columns:repeat(2, minmax(0, 1fr));}}@media all and (max-width: 1024px){.kb-row-layout-id1664_e6d45d-a1{border-top:1px solid var(--global-palette6, #718096);border-right:1px solid var(--global-palette6, #718096);border-bottom:1px solid var(--global-palette6, #718096);border-left:1px solid var(--global-palette6, #718096);}}@media all and (max-width: 767px){.kb-row-layout-id1664_e6d45d-a1 > .kt-row-column-wrap{grid-template-columns:minmax(0, 1fr);}.kb-row-layout-id1664_e6d45d-a1{border-top:1px solid var(--global-palette6, #718096);border-right:1px solid var(--global-palette6, #718096);border-bottom:1px solid var(--global-palette6, #718096);border-left:1px solid var(--global-palette6, #718096);}}<\/style><div class=\"kb-row-layout-wrap kb-row-layout-id1664_e6d45d-a1 alignnone has-theme-palette7-background-color kt-row-has-bg wp-block-kadence-rowlayout\"><div class=\"kt-row-column-wrap kt-has-2-columns kt-row-layout-equal kt-tab-layout-inherit kt-mobile-layout-row kt-row-valign-middle kb-theme-content-width\">\n<style>.kadence-column1664_9f6d50-ac > .kt-inside-inner-col,.kadence-column1664_9f6d50-ac > .kt-inside-inner-col:before{border-top-left-radius:0px;border-top-right-radius:0px;border-bottom-right-radius:0px;border-bottom-left-radius:0px;}.kadence-column1664_9f6d50-ac > .kt-inside-inner-col{column-gap:var(--global-kb-gap-sm, 1rem);}.kadence-column1664_9f6d50-ac > .kt-inside-inner-col{flex-direction:column;}.kadence-column1664_9f6d50-ac > .kt-inside-inner-col > .aligncenter{width:100%;}.kadence-column1664_9f6d50-ac > .kt-inside-inner-col:before{opacity:0.3;}.kadence-column1664_9f6d50-ac{position:relative;}@media all and (max-width: 1024px){.kadence-column1664_9f6d50-ac > .kt-inside-inner-col{flex-direction:column;justify-content:center;}}@media all and (max-width: 767px){.kadence-column1664_9f6d50-ac > .kt-inside-inner-col{flex-direction:column;justify-content:center;}}<\/style>\n<div class=\"wp-block-kadence-column kadence-column1664_9f6d50-ac inner-column-1\"><div class=\"kt-inside-inner-col\">\n<h2 class=\"wp-block-heading\">Osmium \u00ab\u00a0Big Bang<\/h2>\n\n\n\n<h3 class=\"wp-block-heading has-medium-font-size\">Le 31 d\u00e9cembre 2026, la cristallisation de l&rsquo;osmium s&rsquo;ach\u00e8vera et chacun peut d\u00e9j\u00e0 imaginer ce que cela signifie. Le Big Bang de l&rsquo;osmium est ainsi lanc\u00e9.<\/h3>\n\n\n\n<p>Le principal facteur d\u00e9clencheur a \u00e9t\u00e9 l&rsquo;interdiction par le Tr\u00e9sor am\u00e9ricain d&rsquo;importer de l&rsquo;aluminium, du cuivre et du nickel de Russie. Les bourses mondiales des m\u00e9taux n&rsquo;ont d\u00e9sormais plus le droit d&rsquo;accepter ces m\u00e9taux.<\/p>\n\n\n\n<blockquote class=\"wp-block-quote has-small-font-size is-layout-flow wp-block-quote-is-layout-flow\">\n<p class=\"has-background\" style=\"background-color:#00aeff33\">\u00ab\u00a0Le D\u00e9partement du Tr\u00e9sor am\u00e9ricain a \u00e9mis une nouvelle disposition en vertu de l&rsquo;EO 14068 interdisant l&rsquo;importation aux \u00c9tats-Unis d&rsquo;aluminium, de cuivre et de nickel originaires de la F\u00e9d\u00e9ration de Russie et produits le ou apr\u00e8s le 13 avril 2024 (les \u00ab\u00a0m\u00e9taux\u00a0\u00bb). Le minist\u00e8re des Finances a \u00e9galement adopt\u00e9 une d\u00e9cision compl\u00e9mentaire en vertu de l&rsquo;Executive Order (EO) 14071, qui interdit l&rsquo;exportation, la r\u00e9exportation, la vente ou la fourniture (1) de services de garantie pour les m\u00e9taux produits le ou apr\u00e8s le 13 avril 2024 \u00e0 des personnes r\u00e9sidant dans la F\u00e9d\u00e9ration de Russie une bourse mondiale des m\u00e9taux et (2) de services d&rsquo;achat des m\u00e9taux produits le ou apr\u00e8s le 13 avril 2024 dans le cadre du r\u00e8glement physique d&rsquo;un contrat d\u00e9riv\u00e9.<\/p>\n\n\n\n<p class=\"has-background\" style=\"background-color:#00aeff33\">Suite \u00e0 l&rsquo;action collective, les bourses des m\u00e9taux telles que le London Metal Exchange (LME) et le Chicago Mercantile Exchange (CME) se verront interdire l&rsquo;acceptation de nouveaux aluminiums, cuivres et nickels produits en Russie. Les bourses des m\u00e9taux jouent un r\u00f4le central dans la facilitation du commerce mondial des m\u00e9taux industriels. En agissant ensemble, les \u00c9tats-Unis et le Royaume-Uni privent la Russie et ses producteurs de m\u00e9taux d&rsquo;une importante source de revenus\u00a0\u00bb.<\/p>\n<cite>https:\/\/home.treasury.gov\/news\/press-releases\/jy2249<\/cite><\/blockquote>\n\n\n\n<p>En effet, l&rsquo;Institut de l&rsquo;osmium a en principe cess\u00e9 d&rsquo;acheter de l&rsquo;osmium sur le march\u00e9 russe avant cela, \u00e0 savoir lorsque la guerre d&rsquo;Ukraine a commenc\u00e9. Cependant, il semblerait que d&rsquo;autres sources proposent de l&rsquo;osmium issu de l&rsquo;exploration et de l&rsquo;extraction en Russie sur les bourses mondiales des m\u00e9taux, sans en r\u00e9v\u00e9ler l&rsquo;origine.<\/p>\n\n\n\n<p>D&rsquo;autres sources fiables et non concern\u00e9es par les interdictions d&rsquo;importation n&rsquo;offrent plus non plus un approvisionnement suffisant. Leurs offres vont du gramme au demi-kilogramme d&rsquo;osmium. Pour l&rsquo;Institut de l&rsquo;Osmium, cela n&rsquo;a donc aucun sens d&rsquo;acheter de tels petits lots dans le monde entier. Ceci \u00e9galement en vue de ses propres avances, qui sont d&rsquo;environ 300 kilogrammes. Les pr\u00e9visions de production d&rsquo;osmium se sont \u00e9galement r\u00e9v\u00e9l\u00e9es beaucoup trop optimistes, les quantit\u00e9s \u00e9tant bien inf\u00e9rieures \u00e0 ce que l&rsquo;on pensait jusqu&rsquo;\u00e0 pr\u00e9sent.<\/p>\n\n\n<style>.wp-block-kadence-advancedbtn.kb-btns1664_f256b0-1b{gap:var(--global-kb-gap-xs, 0.5rem );justify-content:flex-start;align-items:center;}.kt-btns1664_f256b0-1b .kt-button{font-weight:normal;font-style:normal;}<\/style>\n<div class=\"wp-block-kadence-advancedbtn kb-buttons-wrap kb-btns1664_f256b0-1b\"><style>ul.menu .wp-block-kadence-advancedbtn .kb-btn1664_cb177a-ff.kb-button{width:initial;}.wp-block-kadence-advancedbtn .kb-btn1664_cb177a-ff.kb-button{color:var(--global-palette9, #ffffff);background:var(--global-palette1, #3182CE);border-top-left-radius:10px;border-top-right-radius:10px;border-bottom-right-radius:10px;border-bottom-left-radius:10px;border-top-color:var(--global-palette3, #1A202C);border-top-style:solid;border-right-color:var(--global-palette3, #1A202C);border-right-style:solid;border-bottom-color:var(--global-palette3, #1A202C);border-bottom-style:solid;border-left-color:var(--global-palette3, #1A202C);border-left-style:solid;}@media all and (max-width: 1024px){.wp-block-kadence-advancedbtn .kb-btn1664_cb177a-ff.kb-button{border-top-color:var(--global-palette3, #1A202C);border-top-style:solid;border-right-color:var(--global-palette3, #1A202C);border-right-style:solid;border-bottom-color:var(--global-palette3, #1A202C);border-bottom-style:solid;border-left-color:var(--global-palette3, #1A202C);border-left-style:solid;}}@media all and (max-width: 767px){.wp-block-kadence-advancedbtn .kb-btn1664_cb177a-ff.kb-button{border-top-color:var(--global-palette3, #1A202C);border-top-style:solid;border-right-color:var(--global-palette3, #1A202C);border-right-style:solid;border-bottom-color:var(--global-palette3, #1A202C);border-bottom-style:solid;border-left-color:var(--global-palette3, #1A202C);border-left-style:solid;}}<\/style><a class=\"kb-button kt-button button kb-btn1664_cb177a-ff kt-btn-size-standard kt-btn-width-type-auto kb-btn-global-inherit  kt-btn-has-text-true kt-btn-has-svg-false  wp-block-button__link wp-block-kadence-singlebtn\" href=\"https:\/\/osmium.pro\/#produkte\"><span class=\"kt-btn-inner-text\">Acheter de l&rsquo;osmium<\/span><\/a><\/div>\n<\/div><\/div>\n\n\n<style>.kadence-column1664_1620a5-79 > .kt-inside-inner-col,.kadence-column1664_1620a5-79 > .kt-inside-inner-col:before{border-top-left-radius:0px;border-top-right-radius:0px;border-bottom-right-radius:0px;border-bottom-left-radius:0px;}.kadence-column1664_1620a5-79 > .kt-inside-inner-col{column-gap:var(--global-kb-gap-sm, 1rem);}.kadence-column1664_1620a5-79 > .kt-inside-inner-col{flex-direction:column;}.kadence-column1664_1620a5-79 > .kt-inside-inner-col > .aligncenter{width:100%;}.kadence-column1664_1620a5-79 > .kt-inside-inner-col:before{opacity:0.3;}.kadence-column1664_1620a5-79{position:relative;}@media all and (max-width: 1024px){.kadence-column1664_1620a5-79 > .kt-inside-inner-col{flex-direction:column;justify-content:center;}}@media all and (max-width: 767px){.kadence-column1664_1620a5-79 > .kt-inside-inner-col{flex-direction:column;justify-content:center;}}<\/style>\n<div class=\"wp-block-kadence-column kadence-column1664_1620a5-79\"><div class=\"kt-inside-inner-col\">\n<div class=\"wp-block-cover aligncenter has-xxlarge-font-size\"><span aria-hidden=\"true\" class=\"wp-block-cover__background has-background-dim-0 has-background-dim\"><\/span><img data-recalc-dims=\"1\" loading=\"lazy\" decoding=\"async\" width=\"1200\" height=\"992\" class=\"wp-block-cover__image-background wp-image-5213\" alt=\"Osmium Big Bang\" src=\"https:\/\/i0.wp.com\/osmium.pro\/wp-content\/uploads\/2024\/04\/osmium-big-bang.png?resize=1200%2C992&#038;ssl=1\" data-object-fit=\"cover\" srcset=\"https:\/\/i0.wp.com\/osmium.pro\/wp-content\/uploads\/2024\/04\/osmium-big-bang.png?w=1200&amp;ssl=1 1200w, https:\/\/i0.wp.com\/osmium.pro\/wp-content\/uploads\/2024\/04\/osmium-big-bang.png?resize=300%2C248&amp;ssl=1 300w, https:\/\/i0.wp.com\/osmium.pro\/wp-content\/uploads\/2024\/04\/osmium-big-bang.png?resize=1024%2C847&amp;ssl=1 1024w, https:\/\/i0.wp.com\/osmium.pro\/wp-content\/uploads\/2024\/04\/osmium-big-bang.png?resize=768%2C635&amp;ssl=1 768w\" sizes=\"auto, (max-width: 1200px) 100vw, 1200px\" \/><div class=\"wp-block-cover__inner-container is-layout-flow wp-block-cover-is-layout-flow\">\n<p class=\"has-text-align-center has-theme-palette-9-color has-text-color has-background has-link-color has-large-font-size wp-elements-5c922c7bb9c87fafb312fbc3a47d99c5\" style=\"background-color:#ffffff47;padding-top:var(--wp--preset--spacing--40);padding-right:0;padding-bottom:var(--wp--preset--spacing--40);padding-left:0\"><strong>Osmium \u00ab\u00a0Big Bang<\/strong><\/p>\n<\/div><\/div>\n\n\n\n<p class=\"has-text-align-center\">2024 by Protecting Internet Services GmbH<\/p>\n\n\n\n<p>Pour cette raison, la cristallisation en Suisse sera d\u00e9finitivement arr\u00eat\u00e9e au 31 d\u00e9cembre 2026, ind\u00e9pendamment de l&rsquo;\u00e9volution de la guerre en Ukraine et du maintien ou de la lev\u00e9e des sanctions contre la Russie. Seuls les offcuts continueront \u00e0 \u00eatre effectu\u00e9s au-del\u00e0 de cette date. La base de donn\u00e9es Osmium sera \u00e9galement ferm\u00e9e \u00e0 partir du 01.01.2027, car il n&rsquo;y aura plus de nouvelles entr\u00e9es pour l&rsquo;osmium cristallis\u00e9.<\/p>\n\n\n\n<p>Le proc\u00e9d\u00e9 de cristallisation de l&rsquo;osmium n&rsquo;est pas brevet\u00e9, et ce pour une bonne raison. En effet, il serait alors possible de reproduire les processus de fabrication et de cristalliser l&rsquo;osmium. Mais il faudrait ainsi identifier et copier plus de 160 \u00e9tapes de production individuelles. Chacune de ces 160 \u00e9tapes prend parfois plus de 3 mois. Cela suppose de savoir ce qui doit \u00eatre fait, comment et \u00e0 quel endroit. Il faudrait au moins 40 ans pour que l&rsquo;ensemble de la cha\u00eene de processus puisse \u00eatre copi\u00e9 et mis en \u0153uvre avec succ\u00e8s. Le processus de fabrication en tant que tel ne peut pas non plus \u00eatre acc\u00e9l\u00e9r\u00e9. Le processus de cristallisation n&rsquo;est pas partag\u00e9 ni m\u00eame divulgu\u00e9. Cela permet de prot\u00e9ger pleinement les investisseurs en nature.<\/p>\n\n\n\n<p>Quelles sont les cons\u00e9quences de la fin de la cristallisation au 31.12.2026 ? Environ 300 kilogrammes d&rsquo;osmium brut sont encore disponibles pour la cristallisation jusqu&rsquo;au 31 d\u00e9cembre 2026. Cela correspond \u00e0 une valeur de march\u00e9 d&rsquo;un demi-milliard d&rsquo;euros, mais il s&rsquo;agira certainement de plusieurs milliards d&rsquo;euros \u00e0 l&rsquo;avenir en raison du big bang qui commence maintenant. L&rsquo;osmium produit jusqu&rsquo;au 31 d\u00e9cembre 2026 sera vendu au-del\u00e0 de cette date. Mais comme il n&rsquo;y aura plus de production d&rsquo;osmium cristallis\u00e9 et que les quantit\u00e9s disponibles sont de plus en plus faibles, le prix va inexorablement grimper. Petit \u00e0 petit, les investisseurs priv\u00e9s et institutionnels, ainsi que le march\u00e9 de la joaillerie, voient dans l&rsquo;osmium un futur \u00ab\u00a0grand acteur\u00a0\u00bb.<\/p>\n<\/div><\/div>\n\n<\/div><\/div>\n<div style=\"height:100px\" aria-hidden=\"true\" class=\"wp-block-spacer\"><\/div>\n","protected":false},"excerpt":{"rendered":"<p>Nouvelles de l&rsquo;osmium Osmium \u00ab\u00a0Big Bang Le 31 d\u00e9cembre 2026, la cristallisation de l&rsquo;osmium s&rsquo;ach\u00e8vera et chacun peut d\u00e9j\u00e0 imaginer ce que cela signifie. Le Big Bang de l&rsquo;osmium est ainsi lanc\u00e9. Le principal facteur d\u00e9clencheur a \u00e9t\u00e9 l&rsquo;interdiction par le Tr\u00e9sor am\u00e9ricain d&rsquo;importer de l&rsquo;aluminium, du cuivre et du nickel de Russie. Les bourses&#8230;<\/p>\n","protected":false},"author":1,"featured_media":0,"parent":0,"menu_order":0,"comment_status":"closed","ping_status":"closed","template":"","meta":{"tpgb_global_settings":"","_kadence_starter_templates_imported_post":false,"_kad_post_transparent":"","_kad_post_title":"","_kad_post_layout":"","_kad_post_sidebar_id":"","_kad_post_content_style":"","_kad_post_vertical_padding":"","_kad_post_feature":"","_kad_post_feature_position":"","_kad_post_header":false,"_kad_post_footer":false,"_kad_post_classname":"","footnotes":""},"class_list":["post-4882","page","type-page","status-publish","hentry"],"tpgb_featured_images":null,"tpgb_post_meta_info":{"get_date":"2 d\u00e9cembre 2022","get_modified_date":"4 juin 2024","author_name":"Kumm3r3r","author_url":"https:\/\/osmium.pro\/fr\/author\/kumm3r3r\/","author_email":"kummerer@protecting.net","author_website":"https:\/\/osmium.pro","author_description":"","author_facebook":"","author_twitter":"","author_instagram":"","author_role":["administrator"],"author_firstname":"","author_lastname":"","user_login":"Kumm3r3r","comment_count":0,"post_likes":0,"post_views":0},"tpgb_post_category":[],"jetpack_sharing_enabled":true,"_links":{"self":[{"href":"https:\/\/osmium.pro\/fr\/wp-json\/wp\/v2\/pages\/4882","targetHints":{"allow":["GET"]}}],"collection":[{"href":"https:\/\/osmium.pro\/fr\/wp-json\/wp\/v2\/pages"}],"about":[{"href":"https:\/\/osmium.pro\/fr\/wp-json\/wp\/v2\/types\/page"}],"author":[{"embeddable":true,"href":"https:\/\/osmium.pro\/fr\/wp-json\/wp\/v2\/users\/1"}],"replies":[{"embeddable":true,"href":"https:\/\/osmium.pro\/fr\/wp-json\/wp\/v2\/comments?post=4882"}],"version-history":[{"count":8,"href":"https:\/\/osmium.pro\/fr\/wp-json\/wp\/v2\/pages\/4882\/revisions"}],"predecessor-version":[{"id":5284,"href":"https:\/\/osmium.pro\/fr\/wp-json\/wp\/v2\/pages\/4882\/revisions\/5284"}],"wp:attachment":[{"href":"https:\/\/osmium.pro\/fr\/wp-json\/wp\/v2\/media?parent=4882"}],"curies":[{"name":"wp","href":"https:\/\/api.w.org\/{rel}","templated":true}]}}