{"id":4788,"date":"2022-12-04T20:54:00","date_gmt":"2022-12-04T19:54:00","guid":{"rendered":"https:\/\/osmium.pro\/mentions-legales\/"},"modified":"2023-11-28T11:31:45","modified_gmt":"2023-11-28T10:31:45","slug":"mentions-legales","status":"publish","type":"page","link":"https:\/\/osmium.pro\/fr\/mentions-legales\/","title":{"rendered":"Mentions l\u00e9gales"},"content":{"rendered":"\n<div style=\"height:100px\" aria-hidden=\"true\" class=\"wp-block-spacer\"><\/div>\n\n<h1 class=\"wp-block-heading\" style=\"font-style:italic;font-weight:200\">Mentions l\u00e9gales<\/h1>\n\n<h3 class=\"wp-block-heading\">Informations selon \u00a7 5 TMG (loi sur les t\u00e9l\u00e9m\u00e9dias)<\/h3>\n<style>#kt-layout-id_01a2bc-2e > .kt-row-column-wrap{align-content:start;}:where(#kt-layout-id_01a2bc-2e > .kt-row-column-wrap) > .wp-block-kadence-column{justify-content:start;}#kt-layout-id_01a2bc-2e > .kt-row-column-wrap{column-gap:var(--global-kb-gap-md, 2rem);row-gap:var(--global-kb-gap-md, 2rem);padding-top:var( --global-kb-row-default-top, 25px );padding-bottom:var( --global-kb-row-default-bottom, 25px );padding-top:var(--global-kb-spacing-sm, 1.5rem);padding-bottom:var(--global-kb-spacing-sm, 1.5rem);}#kt-layout-id_01a2bc-2e > .kt-row-column-wrap > div:not(.added-for-specificity){grid-column:initial;}#kt-layout-id_01a2bc-2e > .kt-row-column-wrap{grid-template-columns:repeat(3, minmax(0, 1fr));}#kt-layout-id_01a2bc-2e > .kt-row-layout-overlay{opacity:0.30;}@media all and (max-width: 1024px){#kt-layout-id_01a2bc-2e > .kt-row-column-wrap > div:not(.added-for-specificity){grid-column:initial;}}@media all and (max-width: 1024px){#kt-layout-id_01a2bc-2e > .kt-row-column-wrap{grid-template-columns:repeat(3, minmax(0, 1fr));}}@media all and (max-width: 767px){#kt-layout-id_01a2bc-2e > .kt-row-column-wrap > div:not(.added-for-specificity){grid-column:initial;}#kt-layout-id_01a2bc-2e > .kt-row-column-wrap{grid-template-columns:minmax(0, 1fr);}}<\/style>\n<div class=\"wp-block-kadence-rowlayout alignnone\"><div id=\"kt-layout-id_01a2bc-2e\" class=\"kt-row-layout-inner kt-layout-id_01a2bc-2e\"><div class=\"kt-row-column-wrap kt-has-3-columns kt-gutter-default kt-v-gutter-default kt-row-valign-top kt-row-layout-equal kt-tab-layout-inherit kt-m-colapse-left-to-right kt-mobile-layout-row\"><style>.kadence-column_1659bf-71 > .kt-inside-inner-col{border-top-width:0px;border-right-width:0px;border-bottom-width:0px;border-left-width:0px;}.kadence-column_1659bf-71 > .kt-inside-inner-col,.kadence-column_1659bf-71 > .kt-inside-inner-col:before{border-top-left-radius:0px;border-top-right-radius:0px;border-bottom-right-radius:0px;border-bottom-left-radius:0px;}.kadence-column_1659bf-71 > .kt-inside-inner-col{column-gap:var(--global-kb-gap-sm, 1rem);}.kadence-column_1659bf-71 > .kt-inside-inner-col{flex-direction:column;}.kadence-column_1659bf-71 > .kt-inside-inner-col > .aligncenter{width:100%;}.kadence-column_1659bf-71 > .kt-inside-inner-col:before{opacity:0.3;}.kadence-column_1659bf-71{position:relative;}@media all and (max-width: 1024px){.kadence-column_1659bf-71 > .kt-inside-inner-col{flex-direction:column;justify-content:center;}}@media all and (max-width: 767px){.kadence-column_1659bf-71 > .kt-inside-inner-col{flex-direction:column;justify-content:center;}}<\/style>\n<div class=\"wp-block-kadence-column inner-column-1 kadence-column_1659bf-71\"><div class=\"kt-inside-inner-col\">\n<p><strong>Protecting Internet Services GmbH<\/strong><br\/>Kriegsstra\u00dfe 172<br\/>D-76133 Karlsruhe<br\/>Allemagne<br\/>T\u00e9l\u00e9phone +49 (0)721 920 3879<br\/>T\u00e9l\u00e9copieur +49 (0)721 920 3878<\/p>\n<\/div><\/div>\n\n\n<style>.kadence-column_1bf808-0b > .kt-inside-inner-col{border-top-width:0px;border-right-width:0px;border-bottom-width:0px;border-left-width:0px;}.kadence-column_1bf808-0b > .kt-inside-inner-col,.kadence-column_1bf808-0b > .kt-inside-inner-col:before{border-top-left-radius:0px;border-top-right-radius:0px;border-bottom-right-radius:0px;border-bottom-left-radius:0px;}.kadence-column_1bf808-0b > .kt-inside-inner-col{column-gap:var(--global-kb-gap-sm, 1rem);}.kadence-column_1bf808-0b > .kt-inside-inner-col{flex-direction:column;}.kadence-column_1bf808-0b > .kt-inside-inner-col > .aligncenter{width:100%;}.kadence-column_1bf808-0b > .kt-inside-inner-col:before{opacity:0.3;}.kadence-column_1bf808-0b{position:relative;}@media all and (max-width: 1024px){.kadence-column_1bf808-0b > .kt-inside-inner-col{flex-direction:column;justify-content:center;}}@media all and (max-width: 767px){.kadence-column_1bf808-0b > .kt-inside-inner-col{flex-direction:column;justify-content:center;}}<\/style>\n<div class=\"wp-block-kadence-column inner-column-2 kadence-column_1bf808-0b\"><div class=\"kt-inside-inner-col\">\n<p>G\u00e9rant autoris\u00e9 \u00e0 repr\u00e9senter l&rsquo;entreprise<br\/>Uwe Kummerer<br\/>Tribunal d&rsquo;enregistrement Tribunal d&rsquo;instance de Mannheim<br\/>Num\u00e9ro d&rsquo;enregistrement HRB 104428<\/p>\n<\/div><\/div>\n\n\n<style>.kadence-column_346ea9-20 > .kt-inside-inner-col{border-top-width:0px;border-right-width:0px;border-bottom-width:0px;border-left-width:0px;}.kadence-column_346ea9-20 > .kt-inside-inner-col,.kadence-column_346ea9-20 > .kt-inside-inner-col:before{border-top-left-radius:0px;border-top-right-radius:0px;border-bottom-right-radius:0px;border-bottom-left-radius:0px;}.kadence-column_346ea9-20 > .kt-inside-inner-col{column-gap:var(--global-kb-gap-sm, 1rem);}.kadence-column_346ea9-20 > .kt-inside-inner-col{flex-direction:column;}.kadence-column_346ea9-20 > .kt-inside-inner-col > .aligncenter{width:100%;}.kadence-column_346ea9-20 > .kt-inside-inner-col:before{opacity:0.3;}.kadence-column_346ea9-20{position:relative;}@media all and (max-width: 1024px){.kadence-column_346ea9-20 > .kt-inside-inner-col{flex-direction:column;justify-content:center;}}@media all and (max-width: 767px){.kadence-column_346ea9-20 > .kt-inside-inner-col{flex-direction:column;justify-content:center;}}<\/style>\n<div class=\"wp-block-kadence-column inner-column-3 kadence-column_346ea9-20\"><div class=\"kt-inside-inner-col\">\n<p>N\u00b0 de TVA selon \u00a7 27 a<br\/>Loi sur la TVA DE143602198<br\/><strong>Courrier \u00e9lectronique<\/strong><br\/><a href=\"mailto:info@protecting.net\">info@protecting.net<\/a><\/p>\n<\/div><\/div>\n<\/div><\/div><\/div>\n<style>#kt-layout-id_c703bb-d2 > .kt-row-column-wrap{align-content:start;}:where(#kt-layout-id_c703bb-d2 > .kt-row-column-wrap) > .wp-block-kadence-column{justify-content:start;}#kt-layout-id_c703bb-d2 > .kt-row-column-wrap{column-gap:var(--global-kb-gap-md, 2rem);row-gap:var(--global-kb-gap-md, 2rem);padding-top:var( --global-kb-row-default-top, 25px );padding-bottom:var( --global-kb-row-default-bottom, 25px );padding-top:var(--global-kb-spacing-sm, 1.5rem);padding-bottom:var(--global-kb-spacing-sm, 1.5rem);grid-template-columns:minmax(0, 1fr);}#kt-layout-id_c703bb-d2 > .kt-row-layout-overlay{opacity:0.30;}@media all and (max-width: 1024px){#kt-layout-id_c703bb-d2 > .kt-row-column-wrap{grid-template-columns:minmax(0, 1fr);}}@media all and (max-width: 767px){#kt-layout-id_c703bb-d2 > .kt-row-column-wrap{grid-template-columns:minmax(0, 1fr);}}<\/style>\n<div class=\"wp-block-kadence-rowlayout alignnone\"><div id=\"kt-layout-id_c703bb-d2\" class=\"kt-row-layout-inner kt-layout-id_c703bb-d2\"><div class=\"kt-row-column-wrap kt-has-1-columns kt-gutter-default kt-v-gutter-default kt-row-valign-top kt-row-layout-equal kt-tab-layout-inherit kt-m-colapse-left-to-right kt-mobile-layout-row\"><style>.kadence-column_96664d-71 > .kt-inside-inner-col{border-top-width:0px;border-right-width:0px;border-bottom-width:0px;border-left-width:0px;}.kadence-column_96664d-71 > .kt-inside-inner-col,.kadence-column_96664d-71 > .kt-inside-inner-col:before{border-top-left-radius:0px;border-top-right-radius:0px;border-bottom-right-radius:0px;border-bottom-left-radius:0px;}.kadence-column_96664d-71 > .kt-inside-inner-col{column-gap:var(--global-kb-gap-sm, 1rem);}.kadence-column_96664d-71 > .kt-inside-inner-col{flex-direction:column;}.kadence-column_96664d-71 > .kt-inside-inner-col > .aligncenter{width:100%;}.kadence-column_96664d-71 > .kt-inside-inner-col:before{opacity:0.3;}.kadence-column_96664d-71{position:relative;}@media all and (max-width: 1024px){.kadence-column_96664d-71 > .kt-inside-inner-col{flex-direction:column;justify-content:center;}}@media all and (max-width: 767px){.kadence-column_96664d-71 > .kt-inside-inner-col{flex-direction:column;justify-content:center;}}<\/style>\n<div class=\"wp-block-kadence-column inner-column-1 kadence-column_96664d-71\"><div class=\"kt-inside-inner-col\">\n<h3 class=\"wp-block-heading\">Clause de non-responsabilit\u00e9 (Disclaimer) :<\/h3>\n\n\n\n<h4 class=\"wp-block-heading\">Responsabilit\u00e9 du contenu<\/h4>\n\n\n\n<p>En tant que prestataire de services, nous sommes tenus, conform\u00e9ment au \u00a7 7 al.1 TMG pour ses propres contenus sur ces pages selon les lois g\u00e9n\u00e9rales. Selon les \u00a7\u00a7 8 \u00e0 10 de la loi allemande sur les m\u00e9dias \u00e9lectroniques (TMG), nous ne sommes toutefois pas tenus, en tant que prestataire de services, de surveiller les informations externes transmises ou enregistr\u00e9es ou de rechercher des circonstances indiquant une activit\u00e9 ill\u00e9gale. Les obligations de supprimer ou de bloquer l&rsquo;utilisation d&rsquo;informations conform\u00e9ment aux lois g\u00e9n\u00e9rales restent inchang\u00e9es. Une responsabilit\u00e9 \u00e0 cet \u00e9gard n&rsquo;est toutefois possible qu&rsquo;\u00e0 partir du moment o\u00f9 une violation concr\u00e8te de la loi est connue. D\u00e8s que nous aurons connaissance de telles violations, nous retirerons imm\u00e9diatement ces contenus.<\/p>\n\n\n\n<h4 class=\"wp-block-heading\">Responsabilit\u00e9 pour les liens<\/h4>\n\n\n\n<p>Notre offre contient des liens vers des sites web externes de tiers, sur le contenu desquels nous n&rsquo;avons aucune influence. C&rsquo;est pourquoi nous ne pouvons pas non plus nous porter garants de ces contenus \u00e9trangers. Le fournisseur ou l&rsquo;exploitant des pages li\u00e9es est toujours responsable du contenu de ces pages. Les pages li\u00e9es ont \u00e9t\u00e9 v\u00e9rifi\u00e9es au moment de la cr\u00e9ation du lien afin de s&rsquo;assurer qu&rsquo;elles n&rsquo;enfreignaient pas la loi. Aucun contenu ill\u00e9gal n&rsquo;a \u00e9t\u00e9 identifi\u00e9 au moment de la cr\u00e9ation du lien. Un contr\u00f4le permanent du contenu des pages li\u00e9es n&rsquo;est toutefois pas exigible sans indices concrets d&rsquo;une violation de la loi. D\u00e8s que nous aurons connaissance de violations de la loi, nous supprimerons imm\u00e9diatement de tels liens.<\/p>\n\n\n\n<h4 class=\"wp-block-heading\">Droit d&rsquo;auteur<\/h4>\n\n\n\n<p>Les contenus et \u0153uvres cr\u00e9\u00e9s par les exploitants de ces pages sont soumis au droit d&rsquo;auteur allemand. La reproduction, le traitement, la diffusion et toute forme d&rsquo;exploitation en dehors des limites du droit d&rsquo;auteur requi\u00e8rent l&rsquo;accord \u00e9crit de l&rsquo;auteur ou du cr\u00e9ateur concern\u00e9. Les t\u00e9l\u00e9chargements et les copies de cette page ne sont autoris\u00e9s que pour un usage priv\u00e9 et non commercial. Dans la mesure o\u00f9 les contenus de ce site n&rsquo;ont pas \u00e9t\u00e9 cr\u00e9\u00e9s par l&rsquo;exploitant, les droits d&rsquo;auteur de tiers sont respect\u00e9s. En particulier, les contenus de tiers sont identifi\u00e9s comme tels. Si vous deviez n\u00e9anmoins constater une violation des droits d&rsquo;auteur, nous vous prions de nous en informer. D\u00e8s que nous aurons connaissance d&rsquo;une violation de la loi, nous supprimerons imm\u00e9diatement de tels contenus.<\/p>\n<\/div><\/div>\n<\/div><\/div><\/div>\n\n<div style=\"height:100px\" aria-hidden=\"true\" class=\"wp-block-spacer\"><\/div>\n","protected":false},"excerpt":{"rendered":"<p>Mentions l\u00e9gales Informations selon \u00a7 5 TMG (loi sur les t\u00e9l\u00e9m\u00e9dias) Protecting Internet Services GmbHKriegsstra\u00dfe 172D-76133 KarlsruheAllemagneT\u00e9l\u00e9phone +49 (0)721 920 3879T\u00e9l\u00e9copieur +49 (0)721 920 3878 G\u00e9rant autoris\u00e9 \u00e0 repr\u00e9senter l&rsquo;entrepriseUwe KummererTribunal d&rsquo;enregistrement Tribunal d&rsquo;instance de MannheimNum\u00e9ro d&rsquo;enregistrement HRB 104428 N\u00b0 de TVA selon \u00a7 27 aLoi sur la TVA DE143602198Courrier \u00e9lectroniqueinfo@protecting.net Clause de non-responsabilit\u00e9 (Disclaimer)&#8230;<\/p>\n","protected":false},"author":1,"featured_media":0,"parent":0,"menu_order":0,"comment_status":"closed","ping_status":"closed","template":"","meta":{"tpgb_global_settings":"","_kadence_starter_templates_imported_post":false,"_kad_post_transparent":"","_kad_post_title":"","_kad_post_layout":"","_kad_post_sidebar_id":"","_kad_post_content_style":"","_kad_post_vertical_padding":"","_kad_post_feature":"","_kad_post_feature_position":"","_kad_post_header":false,"_kad_post_footer":false,"_kad_post_classname":"","footnotes":""},"class_list":["post-4788","page","type-page","status-publish","hentry"],"tpgb_featured_images":null,"tpgb_post_meta_info":{"get_date":"4 d\u00e9cembre 2022","get_modified_date":"28 novembre 2023","author_name":"Kumm3r3r","author_url":"https:\/\/osmium.pro\/fr\/author\/kumm3r3r\/","author_email":"kummerer@protecting.net","author_website":"https:\/\/osmium.pro","author_description":"","author_facebook":"","author_twitter":"","author_instagram":"","author_role":["administrator"],"author_firstname":"","author_lastname":"","user_login":"Kumm3r3r","comment_count":0,"post_likes":0,"post_views":0},"tpgb_post_category":[],"jetpack_sharing_enabled":true,"_links":{"self":[{"href":"https:\/\/osmium.pro\/fr\/wp-json\/wp\/v2\/pages\/4788","targetHints":{"allow":["GET"]}}],"collection":[{"href":"https:\/\/osmium.pro\/fr\/wp-json\/wp\/v2\/pages"}],"about":[{"href":"https:\/\/osmium.pro\/fr\/wp-json\/wp\/v2\/types\/page"}],"author":[{"embeddable":true,"href":"https:\/\/osmium.pro\/fr\/wp-json\/wp\/v2\/users\/1"}],"replies":[{"embeddable":true,"href":"https:\/\/osmium.pro\/fr\/wp-json\/wp\/v2\/comments?post=4788"}],"version-history":[{"count":3,"href":"https:\/\/osmium.pro\/fr\/wp-json\/wp\/v2\/pages\/4788\/revisions"}],"predecessor-version":[{"id":4801,"href":"https:\/\/osmium.pro\/fr\/wp-json\/wp\/v2\/pages\/4788\/revisions\/4801"}],"wp:attachment":[{"href":"https:\/\/osmium.pro\/fr\/wp-json\/wp\/v2\/media?parent=4788"}],"curies":[{"name":"wp","href":"https:\/\/api.w.org\/{rel}","templated":true}]}}