{"id":4906,"date":"2022-12-26T20:35:58","date_gmt":"2022-12-26T19:35:58","guid":{"rendered":"https:\/\/osmium.pro\/noticias-de-osmium\/blog-de-osmium\/"},"modified":"2023-11-28T12:13:35","modified_gmt":"2023-11-28T11:13:35","slug":"blog-de-osmium","status":"publish","type":"page","link":"https:\/\/osmium.pro\/es\/noticias-de-osmium\/blog-de-osmium\/","title":{"rendered":"Blog de Osmium"},"content":{"rendered":"\n<div style=\"height:100px\" aria-hidden=\"true\" class=\"wp-block-spacer\"><\/div>\n\n<h1 class=\"wp-block-heading\" style=\"font-style:italic;font-weight:300\">Blog de Osmium<\/h1>\n<div  class=\"tpgb-wrap-cc0023  tpgb-wrap-fw  tpgb-anim-dur-normal tpgb-view-animation\" data-animationSetting='{&quot;anime&quot;:{&quot;md&quot;:&quot;fadeIn&quot;,&quot;sm&quot;:&quot;&quot;,&quot;xs&quot;:&quot;&quot;}}' ><div id=\"cc0023\" class=\"tpgb-post-listing tpgb-relative-block    tpgb-block-cc0023 dynamic-style-2 tpgb-isotope layout-style-2 \" data-id=\"cc0023\" data-style=\"dynamic-style-2\"   data-layout=\"masonry\"  data-connection=\"tpgb_search\"   ><div class=\"tpgb-row post-loop-inner\" ><div class=\"grid-item tpgb-col  tpgb-col-lg-6 tpgb-col-md-6 tpgb-col-sm-12 tpgb-col-12\">\r\n<div class=\"dynamic-list-content tpgb-dynamic-tran\">\r\n\t\r\n\t \r\n\t<div class=\"post-content-image\">\r\n\t\t\t<div class=\"tpgb-post-featured-img tpgb-dynamic-tran hover-image-style-1\">\r\n\t\t<a href=\"https:\/\/osmium.pro\/es\/el-violin-de-osmio\/\" aria-label=\"El viol\u00edn de osmio\">\r\n\t\t\t<img loading=\"lazy\" decoding=\"async\" width=\"700\" height=\"450\" src=\"https:\/\/i0.wp.com\/osmium.pro\/wp-content\/uploads\/2022\/01\/fox_b.png?fit=700%2C450&amp;ssl=1\" class=\"tpgb-d-block tpgb-post-img tpgb-dynamic-tran wp-post-image\" alt=\"\" srcset=\"https:\/\/i0.wp.com\/osmium.pro\/wp-content\/uploads\/2022\/01\/fox_b.png?w=700&amp;ssl=1 700w, https:\/\/i0.wp.com\/osmium.pro\/wp-content\/uploads\/2022\/01\/fox_b.png?resize=300%2C193&amp;ssl=1 300w\" sizes=\"auto, (max-width: 700px) 100vw, 700px\" \/>\t\t<\/a>\r\n\t<\/div>\t\t\t<\/div>\r\n\t\t\r\n\t<div class=\"tpgb-content-bottom text-center\">\r\n\t\t\t\t\t\t<h3 class=\"tpgb-post-title tpgb-dynamic-tran\">\r\n\t<a href=\"https:\/\/osmium.pro\/es\/el-violin-de-osmio\/\">El viol\u00edn de osmio<\/a>\r\n<\/h3>\t\t<div class=\"tpgb-post-hover-content\">\r\n\t\t\t\t<div class=\"tpgb-post-excerpt tpgb-d-block tpgb-dynamic-tran\"><p>El viol\u00edn de osmio El 30 de marzo de 2023, el viol\u00edn de nueva creaci\u00f3n m\u00e1s caro del mundo se present\u00f3 al p\u00fablico por primera vez en Viena bajo las m\u00e1s estrictas precauciones de seguridad en Post AG. El fabricante austriaco Edgar Russ, que trabaja en la capital italiana del viol\u00edn, Cremona, elabor\u00f3 minuciosamente este&#8230;<\/p><\/div>\r\n<div class=\"post-meta-info post-info-style-2\">\t\r\n\t\t\t    <span class=\"post-meta-date\"><a href=\"https:\/\/osmium.pro\/es\/el-violin-de-osmio\/\" class=\"tpgb-dynamic-tran post-entry-date\">2 de junio de 2023<\/a><\/span>\r\n<\/div>\r\n\r\n\t\t<\/div>\r\n\t\t\t<\/div>\r\n\t\t<\/div><\/div><div class=\"grid-item tpgb-col  tpgb-col-lg-6 tpgb-col-md-6 tpgb-col-sm-12 tpgb-col-12\">\r\n<div class=\"dynamic-list-content tpgb-dynamic-tran\">\r\n\t\r\n\t \r\n\t<div class=\"post-content-image\">\r\n\t\t\t<div class=\"tpgb-post-featured-img tpgb-dynamic-tran hover-image-style-1\">\r\n\t\t<a href=\"https:\/\/osmium.pro\/es\/inversion-en-activos-materiales-de-osmio-la-nueva-referencia\/\" aria-label=\"Inversi\u00f3n en activos materiales de osmio: la nueva referencia\">\r\n\t\t\t<img loading=\"lazy\" decoding=\"async\" width=\"700\" height=\"450\" src=\"https:\/\/i0.wp.com\/osmium.pro\/wp-content\/uploads\/2022\/01\/horse_b.png?fit=700%2C450&amp;ssl=1\" class=\"tpgb-d-block tpgb-post-img tpgb-dynamic-tran wp-post-image\" alt=\"\" srcset=\"https:\/\/i0.wp.com\/osmium.pro\/wp-content\/uploads\/2022\/01\/horse_b.png?w=700&amp;ssl=1 700w, https:\/\/i0.wp.com\/osmium.pro\/wp-content\/uploads\/2022\/01\/horse_b.png?resize=300%2C193&amp;ssl=1 300w\" sizes=\"auto, (max-width: 700px) 100vw, 700px\" \/>\t\t<\/a>\r\n\t<\/div>\t\t\t<\/div>\r\n\t\t\r\n\t<div class=\"tpgb-content-bottom text-center\">\r\n\t\t\t\t\t\t<h3 class=\"tpgb-post-title tpgb-dynamic-tran\">\r\n\t<a href=\"https:\/\/osmium.pro\/es\/inversion-en-activos-materiales-de-osmio-la-nueva-referencia\/\">Inversi\u00f3n en activos materiales de osmio: la nueva referencia<\/a>\r\n<\/h3>\t\t<div class=\"tpgb-post-hover-content\">\r\n\t\t\t\t<div class=\"tpgb-post-excerpt tpgb-d-block tpgb-dynamic-tran\"><p>La inversi\u00f3n en activos materiales de Osmium sienta nuevas bases Si ya ha perdido la fe en el dinero en efectivo y desea adquirir un activo tangible con una alta densidad de valor o salir de las inversiones en oro o BTC, el osmio es la elecci\u00f3n correcta. En la tabla peri\u00f3dica hay ocho metales&#8230;<\/p><\/div>\r\n<div class=\"post-meta-info post-info-style-2\">\t\r\n\t\t\t    <span class=\"post-meta-date\"><a href=\"https:\/\/osmium.pro\/es\/inversion-en-activos-materiales-de-osmio-la-nueva-referencia\/\" class=\"tpgb-dynamic-tran post-entry-date\">10 de noviembre de 2022<\/a><\/span>\r\n<\/div>\r\n\r\n\t\t<\/div>\r\n\t\t\t<\/div>\r\n\t\t<\/div><\/div><div class=\"grid-item tpgb-col  tpgb-col-lg-6 tpgb-col-md-6 tpgb-col-sm-12 tpgb-col-12\">\r\n<div class=\"dynamic-list-content tpgb-dynamic-tran\">\r\n\t\r\n\t \r\n\t<div class=\"post-content-image\">\r\n\t\t\t<div class=\"tpgb-post-featured-img tpgb-dynamic-tran hover-image-style-1\">\r\n\t\t<a href=\"https:\/\/osmium.pro\/es\/osmio-el-metal-precioso-mas-nuevo\/\" aria-label=\"Osmio, el metal precioso m\u00e1s nuevo\">\r\n\t\t\t<img loading=\"lazy\" decoding=\"async\" width=\"700\" height=\"450\" src=\"https:\/\/i0.wp.com\/osmium.pro\/wp-content\/uploads\/2022\/01\/star_b.png?fit=700%2C450&amp;ssl=1\" class=\"tpgb-d-block tpgb-post-img tpgb-dynamic-tran wp-post-image\" alt=\"\" srcset=\"https:\/\/i0.wp.com\/osmium.pro\/wp-content\/uploads\/2022\/01\/star_b.png?w=700&amp;ssl=1 700w, https:\/\/i0.wp.com\/osmium.pro\/wp-content\/uploads\/2022\/01\/star_b.png?resize=300%2C193&amp;ssl=1 300w\" sizes=\"auto, (max-width: 700px) 100vw, 700px\" \/>\t\t<\/a>\r\n\t<\/div>\t\t\t<\/div>\r\n\t\t\r\n\t<div class=\"tpgb-content-bottom text-center\">\r\n\t\t\t\t\t\t<h3 class=\"tpgb-post-title tpgb-dynamic-tran\">\r\n\t<a href=\"https:\/\/osmium.pro\/es\/osmio-el-metal-precioso-mas-nuevo\/\">Osmio, el metal precioso m\u00e1s nuevo<\/a>\r\n<\/h3>\t\t<div class=\"tpgb-post-hover-content\">\r\n\t\t\t\t<div class=\"tpgb-post-excerpt tpgb-d-block tpgb-dynamic-tran\"><p>Osmio, el metal precioso m\u00e1s nuevo Cualquiera que piense en metales preciosos, especialmente como inversi\u00f3n o posesi\u00f3n, suele pensar en oro, platino o plata. Sin embargo, el comercio de osmio tambi\u00e9n est\u00e1 en alza desde hace algunos a\u00f1os. Este metal se descubri\u00f3 ya en 1804, pero no fue hasta 2013 cuando se hizo cristalizable y,&#8230;<\/p><\/div>\r\n<div class=\"post-meta-info post-info-style-2\">\t\r\n\t\t\t    <span class=\"post-meta-date\"><a href=\"https:\/\/osmium.pro\/es\/osmio-el-metal-precioso-mas-nuevo\/\" class=\"tpgb-dynamic-tran post-entry-date\">15 de septiembre de 2022<\/a><\/span>\r\n<\/div>\r\n\r\n\t\t<\/div>\r\n\t\t\t<\/div>\r\n\t\t<\/div><\/div><div class=\"grid-item tpgb-col  tpgb-col-lg-6 tpgb-col-md-6 tpgb-col-sm-12 tpgb-col-12\">\r\n<div class=\"dynamic-list-content tpgb-dynamic-tran\">\r\n\t\r\n\t \r\n\t<div class=\"post-content-image\">\r\n\t\t\t<div class=\"tpgb-post-featured-img tpgb-dynamic-tran hover-image-style-1\">\r\n\t\t<a href=\"https:\/\/osmium.pro\/es\/el-mercado-del-osmio-crecimiento-internacional\/\" aria-label=\"El mercado del osmio: crecimiento internacional\">\r\n\t\t\t<img loading=\"lazy\" decoding=\"async\" width=\"700\" height=\"450\" src=\"https:\/\/i0.wp.com\/osmium.pro\/wp-content\/uploads\/2022\/01\/fox_a.png?fit=700%2C450&amp;ssl=1\" class=\"tpgb-d-block tpgb-post-img tpgb-dynamic-tran wp-post-image\" alt=\"\" srcset=\"https:\/\/i0.wp.com\/osmium.pro\/wp-content\/uploads\/2022\/01\/fox_a.png?w=700&amp;ssl=1 700w, https:\/\/i0.wp.com\/osmium.pro\/wp-content\/uploads\/2022\/01\/fox_a.png?resize=300%2C193&amp;ssl=1 300w\" sizes=\"auto, (max-width: 700px) 100vw, 700px\" \/>\t\t<\/a>\r\n\t<\/div>\t\t\t<\/div>\r\n\t\t\r\n\t<div class=\"tpgb-content-bottom text-center\">\r\n\t\t\t\t\t\t<h3 class=\"tpgb-post-title tpgb-dynamic-tran\">\r\n\t<a href=\"https:\/\/osmium.pro\/es\/el-mercado-del-osmio-crecimiento-internacional\/\">El mercado del osmio: crecimiento internacional<\/a>\r\n<\/h3>\t\t<div class=\"tpgb-post-hover-content\">\r\n\t\t\t\t<div class=\"tpgb-post-excerpt tpgb-d-block tpgb-dynamic-tran\"><p>El creciente mercado internacional del osmio Panorama del creciente mercado internacional del osmio El osmio en su forma cristalina se ha convertido en una superestrella en el mercado de los metales preciosos. En los ocho a\u00f1os transcurridos desde que se descubri\u00f3 su forma cristalina, el metal precioso m\u00e1s raro, valioso y posiblemente m\u00e1s bello se&#8230;<\/p><\/div>\r\n<div class=\"post-meta-info post-info-style-2\">\t\r\n\t\t\t    <span class=\"post-meta-date\"><a href=\"https:\/\/osmium.pro\/es\/el-mercado-del-osmio-crecimiento-internacional\/\" class=\"tpgb-dynamic-tran post-entry-date\">20 de junio de 2022<\/a><\/span>\r\n<\/div>\r\n\r\n\t\t<\/div>\r\n\t\t\t<\/div>\r\n\t\t<\/div><\/div><div class=\"grid-item tpgb-col  tpgb-col-lg-6 tpgb-col-md-6 tpgb-col-sm-12 tpgb-col-12\">\r\n<div class=\"dynamic-list-content tpgb-dynamic-tran\">\r\n\t\r\n\t \r\n\t<div class=\"post-content-image\">\r\n\t\t\t<div class=\"tpgb-post-featured-img tpgb-dynamic-tran hover-image-style-1\">\r\n\t\t<a href=\"https:\/\/osmium.pro\/es\/osmio-el-metal-mas-raro-del-mundo\/\" aria-label=\"Osmio: el metal m\u00e1s raro del mundo\">\r\n\t\t\t<img loading=\"lazy\" decoding=\"async\" width=\"700\" height=\"450\" src=\"https:\/\/i0.wp.com\/osmium.pro\/wp-content\/uploads\/2022\/01\/hirsch_b.png?fit=700%2C450&amp;ssl=1\" class=\"tpgb-d-block tpgb-post-img tpgb-dynamic-tran wp-post-image\" alt=\"\" srcset=\"https:\/\/i0.wp.com\/osmium.pro\/wp-content\/uploads\/2022\/01\/hirsch_b.png?w=700&amp;ssl=1 700w, https:\/\/i0.wp.com\/osmium.pro\/wp-content\/uploads\/2022\/01\/hirsch_b.png?resize=300%2C193&amp;ssl=1 300w\" sizes=\"auto, (max-width: 700px) 100vw, 700px\" \/>\t\t<\/a>\r\n\t<\/div>\t\t\t<\/div>\r\n\t\t\r\n\t<div class=\"tpgb-content-bottom text-center\">\r\n\t\t\t\t\t\t<h3 class=\"tpgb-post-title tpgb-dynamic-tran\">\r\n\t<a href=\"https:\/\/osmium.pro\/es\/osmio-el-metal-mas-raro-del-mundo\/\">Osmio: el metal m\u00e1s raro del mundo<\/a>\r\n<\/h3>\t\t<div class=\"tpgb-post-hover-content\">\r\n\t\t\t\t<div class=\"tpgb-post-excerpt tpgb-d-block tpgb-dynamic-tran\"><p>Osmio: el metal m\u00e1s raro del mundo El metal m\u00e1s raro del mundo La presencia de osmio es insignificante y su extracci\u00f3n es lenta y costosa. Aunque se descubri\u00f3 hace m\u00e1s de 200 a\u00f1os, nunca se ha convertido en un metal industrial o de lujo com\u00fan debido a su rareza y a la toxicidad de&#8230;<\/p><\/div>\r\n<div class=\"post-meta-info post-info-style-2\">\t\r\n\t\t\t    <span class=\"post-meta-date\"><a href=\"https:\/\/osmium.pro\/es\/osmio-el-metal-mas-raro-del-mundo\/\" class=\"tpgb-dynamic-tran post-entry-date\">4 de abril de 2022<\/a><\/span>\r\n<\/div>\r\n\r\n\t\t<\/div>\r\n\t\t\t<\/div>\r\n\t\t<\/div><\/div><div class=\"grid-item tpgb-col  tpgb-col-lg-6 tpgb-col-md-6 tpgb-col-sm-12 tpgb-col-12\">\r\n<div class=\"dynamic-list-content tpgb-dynamic-tran\">\r\n\t\r\n\t \r\n\t<div class=\"post-content-image\">\r\n\t\t\t<div class=\"tpgb-post-featured-img tpgb-dynamic-tran hover-image-style-1\">\r\n\t\t<a href=\"https:\/\/osmium.pro\/es\/osmio-el-elemento-sol\/\" aria-label=\"Osmio &#8211; El \u00abelemento sol\u00bb\">\r\n\t\t\t<img loading=\"lazy\" decoding=\"async\" width=\"700\" height=\"450\" src=\"https:\/\/i0.wp.com\/osmium.pro\/wp-content\/uploads\/2022\/01\/spatz_a.png?fit=700%2C450&amp;ssl=1\" class=\"tpgb-d-block tpgb-post-img tpgb-dynamic-tran wp-post-image\" alt=\"\" srcset=\"https:\/\/i0.wp.com\/osmium.pro\/wp-content\/uploads\/2022\/01\/spatz_a.png?w=700&amp;ssl=1 700w, https:\/\/i0.wp.com\/osmium.pro\/wp-content\/uploads\/2022\/01\/spatz_a.png?resize=300%2C193&amp;ssl=1 300w\" sizes=\"auto, (max-width: 700px) 100vw, 700px\" \/>\t\t<\/a>\r\n\t<\/div>\t\t\t<\/div>\r\n\t\t\r\n\t<div class=\"tpgb-content-bottom text-center\">\r\n\t\t\t\t\t\t<h3 class=\"tpgb-post-title tpgb-dynamic-tran\">\r\n\t<a href=\"https:\/\/osmium.pro\/es\/osmio-el-elemento-sol\/\">Osmio &#8211; El \u00abelemento sol\u00bb<\/a>\r\n<\/h3>\t\t<div class=\"tpgb-post-hover-content\">\r\n\t\t\t\t<div class=\"tpgb-post-excerpt tpgb-d-block tpgb-dynamic-tran\"><p>Osmio &#8211; El \u00abelemento sol\u00bb Los metales preciosos siempre han sido atractivos para los inversores por su valor intr\u00ednseco. La pandemia ha demostrado que, en tiempos de crisis, la gente recurre a inversiones que le son familiares y en las que ha podido confiar durante siglos: El oro, la plata, el platino y el paladio&#8230;<\/p><\/div>\r\n<div class=\"post-meta-info post-info-style-2\">\t\r\n\t\t\t    <span class=\"post-meta-date\"><a href=\"https:\/\/osmium.pro\/es\/osmio-el-elemento-sol\/\" class=\"tpgb-dynamic-tran post-entry-date\">26 de enero de 2022<\/a><\/span>\r\n<\/div>\r\n\r\n\t\t<\/div>\r\n\t\t\t<\/div>\r\n\t\t<\/div><\/div><\/div><\/div><\/div>\n<div style=\"height:100px\" aria-hidden=\"true\" class=\"wp-block-spacer\"><\/div>\n","protected":false},"excerpt":{"rendered":"<p>Blog de Osmium<\/p>\n","protected":false},"author":1,"featured_media":0,"parent":4890,"menu_order":0,"comment_status":"closed","ping_status":"closed","template":"","meta":{"tpgb_global_settings":"","_kadence_starter_templates_imported_post":false,"_kad_post_transparent":"","_kad_post_title":"","_kad_post_layout":"","_kad_post_sidebar_id":"","_kad_post_content_style":"","_kad_post_vertical_padding":"","_kad_post_feature":"","_kad_post_feature_position":"","_kad_post_header":false,"_kad_post_footer":false,"_kad_post_classname":"","footnotes":""},"class_list":["post-4906","page","type-page","status-publish","hentry"],"tpgb_featured_images":null,"tpgb_post_meta_info":{"get_date":"26 de diciembre de 2022","get_modified_date":"28 de noviembre de 2023","author_name":"Kumm3r3r","author_url":"https:\/\/osmium.pro\/es\/author\/kumm3r3r\/","author_email":"kummerer@protecting.net","author_website":"https:\/\/osmium.pro","author_description":"","author_facebook":"","author_twitter":"","author_instagram":"","author_role":["administrator"],"author_firstname":"","author_lastname":"","user_login":"Kumm3r3r","comment_count":0,"post_likes":0,"post_views":0},"tpgb_post_category":[],"jetpack_sharing_enabled":true,"_links":{"self":[{"href":"https:\/\/osmium.pro\/es\/wp-json\/wp\/v2\/pages\/4906","targetHints":{"allow":["GET"]}}],"collection":[{"href":"https:\/\/osmium.pro\/es\/wp-json\/wp\/v2\/pages"}],"about":[{"href":"https:\/\/osmium.pro\/es\/wp-json\/wp\/v2\/types\/page"}],"author":[{"embeddable":true,"href":"https:\/\/osmium.pro\/es\/wp-json\/wp\/v2\/users\/1"}],"replies":[{"embeddable":true,"href":"https:\/\/osmium.pro\/es\/wp-json\/wp\/v2\/comments?post=4906"}],"version-history":[{"count":1,"href":"https:\/\/osmium.pro\/es\/wp-json\/wp\/v2\/pages\/4906\/revisions"}],"predecessor-version":[{"id":4907,"href":"https:\/\/osmium.pro\/es\/wp-json\/wp\/v2\/pages\/4906\/revisions\/4907"}],"up":[{"embeddable":true,"href":"https:\/\/osmium.pro\/es\/wp-json\/wp\/v2\/pages\/4890"}],"wp:attachment":[{"href":"https:\/\/osmium.pro\/es\/wp-json\/wp\/v2\/media?parent=4906"}],"curies":[{"name":"wp","href":"https:\/\/api.w.org\/{rel}","templated":true}]}}