{"id":4890,"date":"2022-12-02T22:08:50","date_gmt":"2022-12-02T21:08:50","guid":{"rendered":"https:\/\/osmium.pro\/noticias-de-osmium\/"},"modified":"2024-06-04T09:18:07","modified_gmt":"2024-06-04T07:18:07","slug":"noticias-de-osmium","status":"publish","type":"page","link":"https:\/\/osmium.pro\/es\/noticias-de-osmium\/","title":{"rendered":"Noticias de Osmium"},"content":{"rendered":"\n<div style=\"height:100px\" aria-hidden=\"true\" class=\"wp-block-spacer\"><\/div>\n\n<h1 class=\"wp-block-heading\" style=\"font-style:italic;font-weight:200\">Noticias de Osmium<\/h1>\n<style>.kb-row-layout-id1664_e6d45d-a1 > .kt-row-column-wrap{align-content:center;}:where(.kb-row-layout-id1664_e6d45d-a1 > .kt-row-column-wrap) > .wp-block-kadence-column{justify-content:center;}.kb-row-layout-id1664_e6d45d-a1 > .kt-row-column-wrap{column-gap:var(--global-kb-gap-lg, 4rem);row-gap:var(--global-kb-gap-md, 2rem);max-width:var( --global-content-width, 1290px );padding-left:var(--global-content-edge-padding);padding-right:var(--global-content-edge-padding);padding-top:var(--global-kb-spacing-sm, 1.5rem);padding-bottom:var(--global-kb-spacing-sm, 1.5rem);grid-template-columns:minmax(0, calc(50% - ((var(--global-kb-gap-lg, 4rem) * 1 )\/2)))minmax(0, calc(50% - ((var(--global-kb-gap-lg, 4rem) * 1 )\/2)));}.kb-row-layout-id1664_e6d45d-a1{border-top-left-radius:6px;border-top-right-radius:6px;border-bottom-right-radius:6px;border-bottom-left-radius:6px;overflow:clip;isolation:isolate;}.kb-row-layout-id1664_e6d45d-a1 > .kt-row-layout-overlay{border-top-left-radius:6px;border-top-right-radius:6px;border-bottom-right-radius:6px;border-bottom-left-radius:6px;}.kb-row-layout-id1664_e6d45d-a1{border-top:1px solid var(--global-palette6, #718096);border-right:1px solid var(--global-palette6, #718096);border-bottom:1px solid var(--global-palette6, #718096);border-left:1px solid var(--global-palette6, #718096);}.kb-row-layout-id1664_e6d45d-a1 > .kt-row-layout-overlay{opacity:0.30;}@media all and (max-width: 1024px){.kb-row-layout-id1664_e6d45d-a1 > .kt-row-column-wrap{grid-template-columns:repeat(2, minmax(0, 1fr));}}@media all and (max-width: 1024px){.kb-row-layout-id1664_e6d45d-a1{border-top:1px solid var(--global-palette6, #718096);border-right:1px solid var(--global-palette6, #718096);border-bottom:1px solid var(--global-palette6, #718096);border-left:1px solid var(--global-palette6, #718096);}}@media all and (max-width: 767px){.kb-row-layout-id1664_e6d45d-a1 > .kt-row-column-wrap{grid-template-columns:minmax(0, 1fr);}.kb-row-layout-id1664_e6d45d-a1{border-top:1px solid var(--global-palette6, #718096);border-right:1px solid var(--global-palette6, #718096);border-bottom:1px solid var(--global-palette6, #718096);border-left:1px solid var(--global-palette6, #718096);}}<\/style><div class=\"kb-row-layout-wrap kb-row-layout-id1664_e6d45d-a1 alignnone has-theme-palette7-background-color kt-row-has-bg wp-block-kadence-rowlayout\"><div class=\"kt-row-column-wrap kt-has-2-columns kt-row-layout-equal kt-tab-layout-inherit kt-mobile-layout-row kt-row-valign-middle kb-theme-content-width\">\n<style>.kadence-column1664_9f6d50-ac > .kt-inside-inner-col,.kadence-column1664_9f6d50-ac > .kt-inside-inner-col:before{border-top-left-radius:0px;border-top-right-radius:0px;border-bottom-right-radius:0px;border-bottom-left-radius:0px;}.kadence-column1664_9f6d50-ac > .kt-inside-inner-col{column-gap:var(--global-kb-gap-sm, 1rem);}.kadence-column1664_9f6d50-ac > .kt-inside-inner-col{flex-direction:column;}.kadence-column1664_9f6d50-ac > .kt-inside-inner-col > .aligncenter{width:100%;}.kadence-column1664_9f6d50-ac > .kt-inside-inner-col:before{opacity:0.3;}.kadence-column1664_9f6d50-ac{position:relative;}@media all and (max-width: 1024px){.kadence-column1664_9f6d50-ac > .kt-inside-inner-col{flex-direction:column;justify-content:center;}}@media all and (max-width: 767px){.kadence-column1664_9f6d50-ac > .kt-inside-inner-col{flex-direction:column;justify-content:center;}}<\/style>\n<div class=\"wp-block-kadence-column kadence-column1664_9f6d50-ac inner-column-1\"><div class=\"kt-inside-inner-col\">\n<h2 class=\"wp-block-heading\">Osmio \u00abBig Bang<\/h2>\n\n\n\n<h3 class=\"wp-block-heading has-medium-font-size\">La cristalizaci\u00f3n del osmio finaliza el 31.12.2026 y todo el mundo podr\u00e1 adivinar lo que eso significa. Se inicia as\u00ed el Big Bang del Osmio.<\/h3>\n\n\n\n<p>Esto se debi\u00f3 principalmente a que el Departamento del Tesoro estadounidense impuso una prohibici\u00f3n de importaci\u00f3n de aluminio, cobre y n\u00edquel procedentes de Rusia. Las bolsas mundiales de metales ya no pueden aceptar estos metales.<\/p>\n\n\n\n<blockquote class=\"wp-block-quote has-small-font-size is-layout-flow wp-block-quote-is-layout-flow\">\n<p class=\"has-background\" style=\"background-color:#00aeff33\">\u00abEl Departamento del Tesoro de EEUU ha emitido una nueva norma en virtud de la OE 14068 por la que se proh\u00edbe la importaci\u00f3n en EEUU de aluminio, cobre y n\u00edquel originarios de la Federaci\u00f3n Rusa producidos a partir del 13 de abril de 2024 (los \u00abMetales\u00bb). El Departamento del Tesoro tambi\u00e9n emiti\u00f3 una resoluci\u00f3n suplementaria en virtud de la Orden Ejecutiva (OE) 14071 que proh\u00edbe la exportaci\u00f3n, reexportaci\u00f3n, venta o entrega de (1) garant\u00edas de los metales producidos a partir del 13 de abril de 2024 a personas situadas en la Federaci\u00f3n Rusa una bolsa mundial de metales y (2) servicios para adquirir los metales producidos a partir del 13 de abril de 2024 como parte de la liquidaci\u00f3n f\u00edsica de un contrato de derivados.<\/p>\n\n\n\n<p class=\"has-background\" style=\"background-color:#00aeff33\">Como consecuencia de las medidas colectivas, se prohibir\u00e1 a las bolsas de metales, como la Bolsa de Metales de Londres (LME) y la Bolsa Mercantil de Chicago (CME), aceptar nuevo aluminio, cobre y n\u00edquel procedentes de la producci\u00f3n rusa. Las bolsas de metales desempe\u00f1an un papel fundamental para facilitar el comercio mundial de metales industriales. Actuando juntos, EEUU y el Reino Unido est\u00e1n privando a Rusia y a sus productores de metales de una importante fuente de ingresos.\u00bb<\/p>\n<cite>https:\/\/home.treasury.gov\/news\/press-releases\/jy2249<\/cite><\/blockquote>\n\n\n\n<p>En principio, el Instituto del Osmio ya hab\u00eda dejado de comprar osmio en el mercado ruso cuando empez\u00f3 la guerra en Ucrania. Mientras tanto, sin embargo, parece que otras fuentes est\u00e1n ofreciendo osmio procedente de reservas exploradas y extra\u00eddas en Rusia en las bolsas mundiales de metales sin revelar su origen.<\/p>\n\n\n\n<p>Otras fuentes fiables que no est\u00e1n afectadas por las prohibiciones de importaci\u00f3n tampoco ofrecen ya suministros suficientes. Sus ofertas oscilan entre gramos y medio kilo de osmio. Por tanto, no tiene sentido que el Instituto del Osmio compre lotes tan peque\u00f1os en todo el mundo. Esto tambi\u00e9n tiene en cuenta los propios avances de la empresa, que rondan los 300 kilos. Las previsiones anteriores de osmio recuperable tambi\u00e9n han resultado ser demasiado optimistas; las cantidades son muy inferiores a las supuestas anteriormente.<\/p>\n\n\n<style>.wp-block-kadence-advancedbtn.kb-btns1664_f256b0-1b{gap:var(--global-kb-gap-xs, 0.5rem );justify-content:flex-start;align-items:center;}.kt-btns1664_f256b0-1b .kt-button{font-weight:normal;font-style:normal;}<\/style>\n<div class=\"wp-block-kadence-advancedbtn kb-buttons-wrap kb-btns1664_f256b0-1b\"><style>ul.menu .wp-block-kadence-advancedbtn .kb-btn1664_cb177a-ff.kb-button{width:initial;}.wp-block-kadence-advancedbtn .kb-btn1664_cb177a-ff.kb-button{color:var(--global-palette9, #ffffff);background:var(--global-palette1, #3182CE);border-top-left-radius:10px;border-top-right-radius:10px;border-bottom-right-radius:10px;border-bottom-left-radius:10px;border-top-color:var(--global-palette3, #1A202C);border-top-style:solid;border-right-color:var(--global-palette3, #1A202C);border-right-style:solid;border-bottom-color:var(--global-palette3, #1A202C);border-bottom-style:solid;border-left-color:var(--global-palette3, #1A202C);border-left-style:solid;}@media all and (max-width: 1024px){.wp-block-kadence-advancedbtn .kb-btn1664_cb177a-ff.kb-button{border-top-color:var(--global-palette3, #1A202C);border-top-style:solid;border-right-color:var(--global-palette3, #1A202C);border-right-style:solid;border-bottom-color:var(--global-palette3, #1A202C);border-bottom-style:solid;border-left-color:var(--global-palette3, #1A202C);border-left-style:solid;}}@media all and (max-width: 767px){.wp-block-kadence-advancedbtn .kb-btn1664_cb177a-ff.kb-button{border-top-color:var(--global-palette3, #1A202C);border-top-style:solid;border-right-color:var(--global-palette3, #1A202C);border-right-style:solid;border-bottom-color:var(--global-palette3, #1A202C);border-bottom-style:solid;border-left-color:var(--global-palette3, #1A202C);border-left-style:solid;}}<\/style><a class=\"kb-button kt-button button kb-btn1664_cb177a-ff kt-btn-size-standard kt-btn-width-type-auto kb-btn-global-inherit  kt-btn-has-text-true kt-btn-has-svg-false  wp-block-button__link wp-block-kadence-singlebtn\" href=\"https:\/\/osmium.pro\/#produkte\"><span class=\"kt-btn-inner-text\">Comprar osmio<\/span><\/a><\/div>\n<\/div><\/div>\n\n\n<style>.kadence-column1664_1620a5-79 > .kt-inside-inner-col,.kadence-column1664_1620a5-79 > .kt-inside-inner-col:before{border-top-left-radius:0px;border-top-right-radius:0px;border-bottom-right-radius:0px;border-bottom-left-radius:0px;}.kadence-column1664_1620a5-79 > .kt-inside-inner-col{column-gap:var(--global-kb-gap-sm, 1rem);}.kadence-column1664_1620a5-79 > .kt-inside-inner-col{flex-direction:column;}.kadence-column1664_1620a5-79 > .kt-inside-inner-col > .aligncenter{width:100%;}.kadence-column1664_1620a5-79 > .kt-inside-inner-col:before{opacity:0.3;}.kadence-column1664_1620a5-79{position:relative;}@media all and (max-width: 1024px){.kadence-column1664_1620a5-79 > .kt-inside-inner-col{flex-direction:column;justify-content:center;}}@media all and (max-width: 767px){.kadence-column1664_1620a5-79 > .kt-inside-inner-col{flex-direction:column;justify-content:center;}}<\/style>\n<div class=\"wp-block-kadence-column kadence-column1664_1620a5-79\"><div class=\"kt-inside-inner-col\">\n<div class=\"wp-block-cover aligncenter has-xxlarge-font-size\"><span aria-hidden=\"true\" class=\"wp-block-cover__background has-background-dim-0 has-background-dim\"><\/span><img data-recalc-dims=\"1\" loading=\"lazy\" decoding=\"async\" width=\"1200\" height=\"992\" class=\"wp-block-cover__image-background wp-image-5213\" alt=\"Osmium Big Bang\" src=\"https:\/\/i0.wp.com\/osmium.pro\/wp-content\/uploads\/2024\/04\/osmium-big-bang.png?resize=1200%2C992&#038;ssl=1\" data-object-fit=\"cover\" srcset=\"https:\/\/i0.wp.com\/osmium.pro\/wp-content\/uploads\/2024\/04\/osmium-big-bang.png?w=1200&amp;ssl=1 1200w, https:\/\/i0.wp.com\/osmium.pro\/wp-content\/uploads\/2024\/04\/osmium-big-bang.png?resize=300%2C248&amp;ssl=1 300w, https:\/\/i0.wp.com\/osmium.pro\/wp-content\/uploads\/2024\/04\/osmium-big-bang.png?resize=1024%2C847&amp;ssl=1 1024w, https:\/\/i0.wp.com\/osmium.pro\/wp-content\/uploads\/2024\/04\/osmium-big-bang.png?resize=768%2C635&amp;ssl=1 768w\" sizes=\"auto, (max-width: 1200px) 100vw, 1200px\" \/><div class=\"wp-block-cover__inner-container is-layout-flow wp-block-cover-is-layout-flow\">\n<p class=\"has-text-align-center has-theme-palette-9-color has-text-color has-background has-link-color has-large-font-size wp-elements-5e8e34414833e416638780bfdf5c25f4\" style=\"background-color:#ffffff47;padding-top:var(--wp--preset--spacing--40);padding-right:0;padding-bottom:var(--wp--preset--spacing--40);padding-left:0\"><strong>Osmio \u00abBig Bang<\/strong><\/p>\n<\/div><\/div>\n\n\n\n<p class=\"has-text-align-center\">2024 por Protecting Internet Services GmbH<\/p>\n\n\n\n<p>Por esta raz\u00f3n, la cristalizaci\u00f3n en Suiza se interrumpir\u00e1 definitivamente el 31 de diciembre de 2026, independientemente del curso de la guerra en Ucrania y de la continuaci\u00f3n o el levantamiento de las sanciones contra Rusia. S\u00f3lo se seguir\u00e1n realizando recortes m\u00e1s all\u00e1 de esta fecha. La base de datos del osmio tambi\u00e9n se cerrar\u00e1 a partir del 01.01.2027, ya que no habr\u00e1 m\u00e1s entradas nuevas para el osmio cristalizado.<\/p>\n\n\n\n<p>El proceso de cristalizaci\u00f3n del osmio no est\u00e1 patentado por una buena raz\u00f3n. Esto permitir\u00eda imitar los procesos de producci\u00f3n y cristalizar el osmio. Sin embargo, habr\u00eda que identificar y copiar m\u00e1s de 160 pasos de producci\u00f3n individuales. Cada uno de estos 160 pasos lleva a veces m\u00e1s de 3 meses. Para ello hay que saber qu\u00e9 hay que hacer, c\u00f3mo y d\u00f3nde. Pasar\u00edan al menos 40 a\u00f1os antes de que toda la cadena de procesos pudiera copiarse y aplicarse con \u00e9xito. Tampoco se puede acelerar el proceso de fabricaci\u00f3n como tal. El proceso de cristalizaci\u00f3n no se transmite, ni siquiera se divulga. Esto sirve para la protecci\u00f3n ilimitada de los inversores.<\/p>\n\n\n\n<p>\u00bfCu\u00e1les son las consecuencias del fin de la cristalizaci\u00f3n el 31.12.2026? Hasta el 31.12.2026 quedan disponibles unos 300 kilogramos de osmio bruto para cristalizar. Esto corresponde a un valor de mercado de 500 millones de euros, pero el big bang que est\u00e1 empezando ahora supondr\u00e1 sin duda muchos miles de millones de euros en el futuro. El osmio producido hasta el 31 de diciembre de 2026 se vender\u00e1 despu\u00e9s de esta fecha. Sin embargo, como ya no se producir\u00e1 osmio cristalizado y las cantidades disponibles son cada vez menores, el precio seguir\u00e1 subiendo inexorablemente. Poco a poco, los inversores privados e institucionales y el mercado de la joyer\u00eda est\u00e1n viendo en el osmio un pr\u00f3ximo \u00abgran actor\u00bb.<\/p>\n<\/div><\/div>\n\n<\/div><\/div>\n<div style=\"height:100px\" aria-hidden=\"true\" class=\"wp-block-spacer\"><\/div>\n","protected":false},"excerpt":{"rendered":"<p>Noticias de Osmium Osmio \u00abBig Bang La cristalizaci\u00f3n del osmio finaliza el 31.12.2026 y todo el mundo podr\u00e1 adivinar lo que eso significa. Se inicia as\u00ed el Big Bang del Osmio. Esto se debi\u00f3 principalmente a que el Departamento del Tesoro estadounidense impuso una prohibici\u00f3n de importaci\u00f3n de aluminio, cobre y n\u00edquel procedentes de Rusia&#8230;.<\/p>\n","protected":false},"author":1,"featured_media":0,"parent":0,"menu_order":0,"comment_status":"closed","ping_status":"closed","template":"","meta":{"tpgb_global_settings":"","_kadence_starter_templates_imported_post":false,"_kad_post_transparent":"","_kad_post_title":"","_kad_post_layout":"","_kad_post_sidebar_id":"","_kad_post_content_style":"","_kad_post_vertical_padding":"","_kad_post_feature":"","_kad_post_feature_position":"","_kad_post_header":false,"_kad_post_footer":false,"_kad_post_classname":"","footnotes":""},"class_list":["post-4890","page","type-page","status-publish","hentry"],"tpgb_featured_images":null,"tpgb_post_meta_info":{"get_date":"2 de diciembre de 2022","get_modified_date":"4 de junio de 2024","author_name":"Kumm3r3r","author_url":"https:\/\/osmium.pro\/es\/author\/kumm3r3r\/","author_email":"kummerer@protecting.net","author_website":"https:\/\/osmium.pro","author_description":"","author_facebook":"","author_twitter":"","author_instagram":"","author_role":["administrator"],"author_firstname":"","author_lastname":"","user_login":"Kumm3r3r","comment_count":0,"post_likes":0,"post_views":0},"tpgb_post_category":[],"jetpack_sharing_enabled":true,"_links":{"self":[{"href":"https:\/\/osmium.pro\/es\/wp-json\/wp\/v2\/pages\/4890","targetHints":{"allow":["GET"]}}],"collection":[{"href":"https:\/\/osmium.pro\/es\/wp-json\/wp\/v2\/pages"}],"about":[{"href":"https:\/\/osmium.pro\/es\/wp-json\/wp\/v2\/types\/page"}],"author":[{"embeddable":true,"href":"https:\/\/osmium.pro\/es\/wp-json\/wp\/v2\/users\/1"}],"replies":[{"embeddable":true,"href":"https:\/\/osmium.pro\/es\/wp-json\/wp\/v2\/comments?post=4890"}],"version-history":[{"count":10,"href":"https:\/\/osmium.pro\/es\/wp-json\/wp\/v2\/pages\/4890\/revisions"}],"predecessor-version":[{"id":5299,"href":"https:\/\/osmium.pro\/es\/wp-json\/wp\/v2\/pages\/4890\/revisions\/5299"}],"wp:attachment":[{"href":"https:\/\/osmium.pro\/es\/wp-json\/wp\/v2\/media?parent=4890"}],"curies":[{"name":"wp","href":"https:\/\/api.w.org\/{rel}","templated":true}]}}