{"id":4784,"date":"2022-12-04T20:54:00","date_gmt":"2022-12-04T19:54:00","guid":{"rendered":"https:\/\/osmium.pro\/pie-de-imprenta\/"},"modified":"2023-11-28T11:34:00","modified_gmt":"2023-11-28T10:34:00","slug":"pie-de-imprenta","status":"publish","type":"page","link":"https:\/\/osmium.pro\/es\/pie-de-imprenta\/","title":{"rendered":"Pie de imprenta"},"content":{"rendered":"\n<div style=\"height:100px\" aria-hidden=\"true\" class=\"wp-block-spacer\"><\/div>\n\n<h1 class=\"wp-block-heading\" style=\"font-style:italic;font-weight:200\">Pie de imprenta<\/h1>\n\n<h3 class=\"wp-block-heading\">Informaci\u00f3n con arreglo al art\u00edculo 5 de la TMG (Telemediengesetz)<\/h3>\n<style>#kt-layout-id_01a2bc-2e > .kt-row-column-wrap{align-content:start;}:where(#kt-layout-id_01a2bc-2e > .kt-row-column-wrap) > .wp-block-kadence-column{justify-content:start;}#kt-layout-id_01a2bc-2e > .kt-row-column-wrap{column-gap:var(--global-kb-gap-md, 2rem);row-gap:var(--global-kb-gap-md, 2rem);padding-top:var( --global-kb-row-default-top, 25px );padding-bottom:var( --global-kb-row-default-bottom, 25px );padding-top:var(--global-kb-spacing-sm, 1.5rem);padding-bottom:var(--global-kb-spacing-sm, 1.5rem);}#kt-layout-id_01a2bc-2e > .kt-row-column-wrap > div:not(.added-for-specificity){grid-column:initial;}#kt-layout-id_01a2bc-2e > .kt-row-column-wrap{grid-template-columns:repeat(3, minmax(0, 1fr));}#kt-layout-id_01a2bc-2e > .kt-row-layout-overlay{opacity:0.30;}@media all and (max-width: 1024px){#kt-layout-id_01a2bc-2e > .kt-row-column-wrap > div:not(.added-for-specificity){grid-column:initial;}}@media all and (max-width: 1024px){#kt-layout-id_01a2bc-2e > .kt-row-column-wrap{grid-template-columns:repeat(3, minmax(0, 1fr));}}@media all and (max-width: 767px){#kt-layout-id_01a2bc-2e > .kt-row-column-wrap > div:not(.added-for-specificity){grid-column:initial;}#kt-layout-id_01a2bc-2e > .kt-row-column-wrap{grid-template-columns:minmax(0, 1fr);}}<\/style>\n<div class=\"wp-block-kadence-rowlayout alignnone\"><div id=\"kt-layout-id_01a2bc-2e\" class=\"kt-row-layout-inner kt-layout-id_01a2bc-2e\"><div class=\"kt-row-column-wrap kt-has-3-columns kt-gutter-default kt-v-gutter-default kt-row-valign-top kt-row-layout-equal kt-tab-layout-inherit kt-m-colapse-left-to-right kt-mobile-layout-row\"><style>.kadence-column_1659bf-71 > .kt-inside-inner-col{border-top-width:0px;border-right-width:0px;border-bottom-width:0px;border-left-width:0px;}.kadence-column_1659bf-71 > .kt-inside-inner-col,.kadence-column_1659bf-71 > .kt-inside-inner-col:before{border-top-left-radius:0px;border-top-right-radius:0px;border-bottom-right-radius:0px;border-bottom-left-radius:0px;}.kadence-column_1659bf-71 > .kt-inside-inner-col{column-gap:var(--global-kb-gap-sm, 1rem);}.kadence-column_1659bf-71 > .kt-inside-inner-col{flex-direction:column;}.kadence-column_1659bf-71 > .kt-inside-inner-col > .aligncenter{width:100%;}.kadence-column_1659bf-71 > .kt-inside-inner-col:before{opacity:0.3;}.kadence-column_1659bf-71{position:relative;}@media all and (max-width: 1024px){.kadence-column_1659bf-71 > .kt-inside-inner-col{flex-direction:column;justify-content:center;}}@media all and (max-width: 767px){.kadence-column_1659bf-71 > .kt-inside-inner-col{flex-direction:column;justify-content:center;}}<\/style>\n<div class=\"wp-block-kadence-column inner-column-1 kadence-column_1659bf-71\"><div class=\"kt-inside-inner-col\">\n<p><strong>Protecting Internet Services GmbH<\/strong><br\/>Kriegsstra\u00dfe 172<br\/>D-76133 Karlsruhe<br\/>Alemania<br\/>Tel\u00e9fono +49 (0)721 920 3879<br\/>Fax +49 (0)721 920 3878<\/p>\n<\/div><\/div>\n\n\n<style>.kadence-column_1bf808-0b > .kt-inside-inner-col{border-top-width:0px;border-right-width:0px;border-bottom-width:0px;border-left-width:0px;}.kadence-column_1bf808-0b > .kt-inside-inner-col,.kadence-column_1bf808-0b > .kt-inside-inner-col:before{border-top-left-radius:0px;border-top-right-radius:0px;border-bottom-right-radius:0px;border-bottom-left-radius:0px;}.kadence-column_1bf808-0b > .kt-inside-inner-col{column-gap:var(--global-kb-gap-sm, 1rem);}.kadence-column_1bf808-0b > .kt-inside-inner-col{flex-direction:column;}.kadence-column_1bf808-0b > .kt-inside-inner-col > .aligncenter{width:100%;}.kadence-column_1bf808-0b > .kt-inside-inner-col:before{opacity:0.3;}.kadence-column_1bf808-0b{position:relative;}@media all and (max-width: 1024px){.kadence-column_1bf808-0b > .kt-inside-inner-col{flex-direction:column;justify-content:center;}}@media all and (max-width: 767px){.kadence-column_1bf808-0b > .kt-inside-inner-col{flex-direction:column;justify-content:center;}}<\/style>\n<div class=\"wp-block-kadence-column inner-column-2 kadence-column_1bf808-0b\"><div class=\"kt-inside-inner-col\">\n<p>Director general autorizado<br\/>Uwe Kummerer<br\/>Juzgado de primera instancia de Mannheim<br\/>N\u00famero de registro HRB 104428<\/p>\n<\/div><\/div>\n\n\n<style>.kadence-column_346ea9-20 > .kt-inside-inner-col{border-top-width:0px;border-right-width:0px;border-bottom-width:0px;border-left-width:0px;}.kadence-column_346ea9-20 > .kt-inside-inner-col,.kadence-column_346ea9-20 > .kt-inside-inner-col:before{border-top-left-radius:0px;border-top-right-radius:0px;border-bottom-right-radius:0px;border-bottom-left-radius:0px;}.kadence-column_346ea9-20 > .kt-inside-inner-col{column-gap:var(--global-kb-gap-sm, 1rem);}.kadence-column_346ea9-20 > .kt-inside-inner-col{flex-direction:column;}.kadence-column_346ea9-20 > .kt-inside-inner-col > .aligncenter{width:100%;}.kadence-column_346ea9-20 > .kt-inside-inner-col:before{opacity:0.3;}.kadence-column_346ea9-20{position:relative;}@media all and (max-width: 1024px){.kadence-column_346ea9-20 > .kt-inside-inner-col{flex-direction:column;justify-content:center;}}@media all and (max-width: 767px){.kadence-column_346ea9-20 > .kt-inside-inner-col{flex-direction:column;justify-content:center;}}<\/style>\n<div class=\"wp-block-kadence-column inner-column-3 kadence-column_346ea9-20\"><div class=\"kt-inside-inner-col\">\n<p>N\u00famero de identificaci\u00f3n a efectos del IVA con arreglo al art\u00edculo 27 bis<br\/>Ley del impuesto sobre el valor a\u00f1adido DE143602198<br\/><strong>correo electr\u00f3nico<\/strong><br\/><a href=\"mailto:info@protecting.net\">info@protecting.net<\/a><\/p>\n<\/div><\/div>\n<\/div><\/div><\/div>\n<style>#kt-layout-id_c703bb-d2 > .kt-row-column-wrap{align-content:start;}:where(#kt-layout-id_c703bb-d2 > .kt-row-column-wrap) > .wp-block-kadence-column{justify-content:start;}#kt-layout-id_c703bb-d2 > .kt-row-column-wrap{column-gap:var(--global-kb-gap-md, 2rem);row-gap:var(--global-kb-gap-md, 2rem);padding-top:var( --global-kb-row-default-top, 25px );padding-bottom:var( --global-kb-row-default-bottom, 25px );padding-top:var(--global-kb-spacing-sm, 1.5rem);padding-bottom:var(--global-kb-spacing-sm, 1.5rem);grid-template-columns:minmax(0, 1fr);}#kt-layout-id_c703bb-d2 > .kt-row-layout-overlay{opacity:0.30;}@media all and (max-width: 1024px){#kt-layout-id_c703bb-d2 > .kt-row-column-wrap{grid-template-columns:minmax(0, 1fr);}}@media all and (max-width: 767px){#kt-layout-id_c703bb-d2 > .kt-row-column-wrap{grid-template-columns:minmax(0, 1fr);}}<\/style>\n<div class=\"wp-block-kadence-rowlayout alignnone\"><div id=\"kt-layout-id_c703bb-d2\" class=\"kt-row-layout-inner kt-layout-id_c703bb-d2\"><div class=\"kt-row-column-wrap kt-has-1-columns kt-gutter-default kt-v-gutter-default kt-row-valign-top kt-row-layout-equal kt-tab-layout-inherit kt-m-colapse-left-to-right kt-mobile-layout-row\"><style>.kadence-column_96664d-71 > .kt-inside-inner-col{border-top-width:0px;border-right-width:0px;border-bottom-width:0px;border-left-width:0px;}.kadence-column_96664d-71 > .kt-inside-inner-col,.kadence-column_96664d-71 > .kt-inside-inner-col:before{border-top-left-radius:0px;border-top-right-radius:0px;border-bottom-right-radius:0px;border-bottom-left-radius:0px;}.kadence-column_96664d-71 > .kt-inside-inner-col{column-gap:var(--global-kb-gap-sm, 1rem);}.kadence-column_96664d-71 > .kt-inside-inner-col{flex-direction:column;}.kadence-column_96664d-71 > .kt-inside-inner-col > .aligncenter{width:100%;}.kadence-column_96664d-71 > .kt-inside-inner-col:before{opacity:0.3;}.kadence-column_96664d-71{position:relative;}@media all and (max-width: 1024px){.kadence-column_96664d-71 > .kt-inside-inner-col{flex-direction:column;justify-content:center;}}@media all and (max-width: 767px){.kadence-column_96664d-71 > .kt-inside-inner-col{flex-direction:column;justify-content:center;}}<\/style>\n<div class=\"wp-block-kadence-column inner-column-1 kadence-column_96664d-71\"><div class=\"kt-inside-inner-col\">\n<h3 class=\"wp-block-heading\">Exclusi\u00f3n de responsabilidad (disclaimer):<\/h3>\n\n\n\n<h4 class=\"wp-block-heading\">Responsabilidad por los contenidos<\/h4>\n\n\n\n<p>Como proveedor de servicios, estamos obligados en virtud del art\u00edculo 7, apartado 1, a TMG es responsable de su propio contenido en estas p\u00e1ginas de acuerdo con las leyes generales. Sin embargo, seg\u00fan los art\u00edculos 8 a 10 de la TMG, como proveedores de servicios no estamos obligados a supervisar la informaci\u00f3n de terceros transmitida o almacenada ni a investigar circunstancias que indiquen una actividad ilegal. Esto no afecta a las obligaciones de eliminar o bloquear el uso de informaci\u00f3n de conformidad con la legislaci\u00f3n general. Sin embargo, la responsabilidad a este respecto s\u00f3lo es posible a partir del momento en que se tiene conocimiento de una infracci\u00f3n concreta. En cuanto tengamos conocimiento de tales infracciones, eliminaremos inmediatamente estos contenidos.<\/p>\n\n\n\n<h4 class=\"wp-block-heading\">Responsabilidad de los enlaces<\/h4>\n\n\n\n<p>Nuestro sitio web contiene enlaces a sitios web externos de terceros sobre cuyo contenido no tenemos ninguna influencia. Por lo tanto, no podemos aceptar ninguna responsabilidad por este contenido de terceros. El respectivo proveedor u operador de las p\u00e1ginas es siempre responsable del contenido de las p\u00e1ginas enlazadas. En el momento de establecer el enlace, se comprob\u00f3 que las p\u00e1ginas enlazadas no infringieran la ley. Los contenidos ilegales no eran reconocibles en el momento del enlace. Sin embargo, el control permanente del contenido de las p\u00e1ginas enlazadas no es razonable sin pruebas concretas de una infracci\u00f3n. Si tenemos conocimiento de alguna infracci\u00f3n legal, eliminaremos dichos enlaces inmediatamente.<\/p>\n\n\n\n<h4 class=\"wp-block-heading\">Copyright<\/h4>\n\n\n\n<p>El contenido y las obras creadas por los operadores del sitio en estas p\u00e1ginas est\u00e1n sujetos a la legislaci\u00f3n alemana sobre derechos de autor. La reproducci\u00f3n, edici\u00f3n, distribuci\u00f3n y cualquier tipo de utilizaci\u00f3n fuera de los l\u00edmites de la ley de propiedad intelectual requieren el consentimiento por escrito del autor o creador correspondiente. Las descargas y copias de este sitio s\u00f3lo est\u00e1n permitidas para uso privado y no comercial. En la medida en que el contenido de este sitio no haya sido creado por el operador, se respetan los derechos de autor de terceros. En particular, los contenidos de terceros se etiquetan como tales. No obstante, si tiene conocimiento de una infracci\u00f3n de los derechos de autor, le rogamos que nos lo comunique. Si tenemos conocimiento de alguna infracci\u00f3n legal, eliminaremos dicho contenido inmediatamente.<\/p>\n<\/div><\/div>\n<\/div><\/div><\/div>\n\n<div style=\"height:100px\" aria-hidden=\"true\" class=\"wp-block-spacer\"><\/div>\n","protected":false},"excerpt":{"rendered":"<p>Pie de imprenta Informaci\u00f3n con arreglo al art\u00edculo 5 de la TMG (Telemediengesetz) Protecting Internet Services GmbHKriegsstra\u00dfe 172D-76133 KarlsruheAlemaniaTel\u00e9fono +49 (0)721 920 3879Fax +49 (0)721 920 3878 Director general autorizadoUwe KummererJuzgado de primera instancia de MannheimN\u00famero de registro HRB 104428 N\u00famero de identificaci\u00f3n a efectos del IVA con arreglo al art\u00edculo 27 bisLey del impuesto&#8230;<\/p>\n","protected":false},"author":1,"featured_media":0,"parent":0,"menu_order":0,"comment_status":"closed","ping_status":"closed","template":"","meta":{"tpgb_global_settings":"","_kadence_starter_templates_imported_post":false,"_kad_post_transparent":"","_kad_post_title":"","_kad_post_layout":"","_kad_post_sidebar_id":"","_kad_post_content_style":"","_kad_post_vertical_padding":"","_kad_post_feature":"","_kad_post_feature_position":"","_kad_post_header":false,"_kad_post_footer":false,"_kad_post_classname":"","footnotes":""},"class_list":["post-4784","page","type-page","status-publish","hentry"],"tpgb_featured_images":null,"tpgb_post_meta_info":{"get_date":"4 de diciembre de 2022","get_modified_date":"28 de noviembre de 2023","author_name":"Kumm3r3r","author_url":"https:\/\/osmium.pro\/es\/author\/kumm3r3r\/","author_email":"kummerer@protecting.net","author_website":"https:\/\/osmium.pro","author_description":"","author_facebook":"","author_twitter":"","author_instagram":"","author_role":["administrator"],"author_firstname":"","author_lastname":"","user_login":"Kumm3r3r","comment_count":0,"post_likes":0,"post_views":0},"tpgb_post_category":[],"jetpack_sharing_enabled":true,"_links":{"self":[{"href":"https:\/\/osmium.pro\/es\/wp-json\/wp\/v2\/pages\/4784","targetHints":{"allow":["GET"]}}],"collection":[{"href":"https:\/\/osmium.pro\/es\/wp-json\/wp\/v2\/pages"}],"about":[{"href":"https:\/\/osmium.pro\/es\/wp-json\/wp\/v2\/types\/page"}],"author":[{"embeddable":true,"href":"https:\/\/osmium.pro\/es\/wp-json\/wp\/v2\/users\/1"}],"replies":[{"embeddable":true,"href":"https:\/\/osmium.pro\/es\/wp-json\/wp\/v2\/comments?post=4784"}],"version-history":[{"count":3,"href":"https:\/\/osmium.pro\/es\/wp-json\/wp\/v2\/pages\/4784\/revisions"}],"predecessor-version":[{"id":4809,"href":"https:\/\/osmium.pro\/es\/wp-json\/wp\/v2\/pages\/4784\/revisions\/4809"}],"wp:attachment":[{"href":"https:\/\/osmium.pro\/es\/wp-json\/wp\/v2\/media?parent=4784"}],"curies":[{"name":"wp","href":"https:\/\/api.w.org\/{rel}","templated":true}]}}